{"id":12460,"date":"2021-04-02T08:07:39","date_gmt":"2021-04-02T08:07:39","guid":{"rendered":"https:\/\/jamnica.company\/our-brands\/jana\/"},"modified":"2024-11-17T10:20:17","modified_gmt":"2024-11-17T10:20:17","slug":"jana","status":"publish","type":"page","link":"https:\/\/jamnica.company\/en\/our-brands\/jana\/","title":{"rendered":"JANA"},"content":{"rendered":"\t\t<div data-elementor-type=\"wp-page\" data-elementor-id=\"12460\" class=\"elementor elementor-12460 elementor-8137\" data-elementor-post-type=\"page\">\n\t\t\t\t\t\t<section class=\"elementor-section elementor-top-section elementor-element elementor-element-1b64e410 elementor-section-content-middle qodef-elementor-content-grid single-brend-blok elementor-section-boxed elementor-section-height-default elementor-section-height-default\" data-id=\"1b64e410\" data-element_type=\"section\" data-e-type=\"section\">\n\t\t\t\t\t\t<div class=\"elementor-container elementor-column-gap-default\">\n\t\t\t\t\t<div class=\"elementor-column elementor-col-50 elementor-top-column elementor-element elementor-element-5483b83 single-brend-img-column\" data-id=\"5483b83\" data-element_type=\"column\" data-e-type=\"column\">\n\t\t\t<div class=\"elementor-widget-wrap elementor-element-populated\">\n\t\t\t\t\t\t<div class=\"elementor-element elementor-element-5760bf94 elementor-widget elementor-widget-image\" data-id=\"5760bf94\" data-element_type=\"widget\" data-e-type=\"widget\" data-widget_type=\"image.default\">\n\t\t\t\t<div class=\"elementor-widget-container\">\n\t\t\t\t\t\t\t\t\t\t\t\t\t\t\t<img decoding=\"async\" src=\"https:\/\/jamnica.company\/wp-content\/uploads\/elementor\/thumbs\/FORT_Jana-Hero-copy-qx6puwmskf8f0n9ilts58t65h7pvyao72eqvnqq524.jpg\" title=\"FORT_Jana &#8211; Hero copy\" alt=\"FORT_Jana - Hero copy\" loading=\"lazy\" \/>\t\t\t\t\t\t\t\t\t\t\t\t\t\t\t<\/div>\n\t\t\t\t<\/div>\n\t\t\t\t<div class=\"elementor-element elementor-element-18930112 elementor-widget elementor-widget-image\" data-id=\"18930112\" data-element_type=\"widget\" data-e-type=\"widget\" data-widget_type=\"image.default\">\n\t\t\t\t<div class=\"elementor-widget-container\">\n\t\t\t\t\t\t\t\t\t\t\t\t\t\t\t<img decoding=\"async\" src=\"https:\/\/jamnica.company\/wp-content\/uploads\/elementor\/thumbs\/FORT_Jana-Kids-Range-qx6pv7wuufnuvyt4ryno2qbolu6ainwz3ykpf29ezg.jpg\" title=\"FORT_Jana-Kids-Range\" alt=\"FORT_Jana-Kids-Range\" loading=\"lazy\" \/>\t\t\t\t\t\t\t\t\t\t\t\t\t\t\t<\/div>\n\t\t\t\t<\/div>\n\t\t\t\t<div class=\"elementor-element elementor-element-26db4fc4 elementor-widget elementor-widget-image\" data-id=\"26db4fc4\" data-element_type=\"widget\" data-e-type=\"widget\" data-widget_type=\"image.default\">\n\t\t\t\t<div class=\"elementor-widget-container\">\n\t\t\t\t\t\t\t\t\t\t\t\t\t\t\t<img decoding=\"async\" src=\"https:\/\/jamnica.company\/wp-content\/uploads\/elementor\/thumbs\/FORT_Jana-Okusi-copy-qx6pvprsgacb0k36vodkw3tfw5q9kwvvieyxjbixp8.jpg\" title=\"FORT_Jana &#8211; Okusi copy\" alt=\"FORT_Jana - Okusi copy\" loading=\"lazy\" \/>\t\t\t\t\t\t\t\t\t\t\t\t\t\t\t<\/div>\n\t\t\t\t<\/div>\n\t\t\t\t<div class=\"elementor-element elementor-element-17db2b6 elementor-widget elementor-widget-image\" data-id=\"17db2b6\" data-element_type=\"widget\" data-e-type=\"widget\" data-widget_type=\"image.default\">\n\t\t\t\t<div class=\"elementor-widget-container\">\n\t\t\t\t\t\t\t\t\t\t\t\t\t\t\t<img decoding=\"async\" src=\"https:\/\/jamnica.company\/wp-content\/uploads\/elementor\/thumbs\/FORT_Jana-Range-copy-qx6pw11uqarqvvmt1t93q0yz0s6o5a4njysran27mk.jpg\" title=\"FORT_Jana &#8211; Range copy\" alt=\"FORT_Jana - Range copy\" loading=\"lazy\" \/>\t\t\t\t\t\t\t\t\t\t\t\t\t\t\t<\/div>\n\t\t\t\t<\/div>\n\t\t\t\t\t<\/div>\n\t\t<\/div>\n\t\t\t\t<div class=\"elementor-column elementor-col-50 elementor-top-column elementor-element elementor-element-2701ea53 brendovi-single-fixed sticky-parent\" data-id=\"2701ea53\" data-element_type=\"column\" data-e-type=\"column\">\n\t\t\t<div class=\"elementor-widget-wrap elementor-element-populated\">\n\t\t\t\t\t\t<section class=\"elementor-section elementor-inner-section elementor-element elementor-element-b0032b9 sticky-column elementor-section-boxed elementor-section-height-default elementor-section-height-default qodef-elementor-content-no\" data-id=\"b0032b9\" data-element_type=\"section\" data-e-type=\"section\">\n\t\t\t\t\t\t<div class=\"elementor-container elementor-column-gap-default\">\n\t\t\t\t\t<div class=\"elementor-column elementor-col-100 elementor-inner-column elementor-element elementor-element-60ce6c30\" data-id=\"60ce6c30\" data-element_type=\"column\" data-e-type=\"column\">\n\t\t\t<div class=\"elementor-widget-wrap elementor-element-populated\">\n\t\t\t\t\t\t<div class=\"elementor-element elementor-element-4bcd6b0b elementor-widget__width-initial elementor-widget-tablet__width-initial onama-opis elementor-widget elementor-widget-text-editor\" data-id=\"4bcd6b0b\" data-element_type=\"widget\" data-e-type=\"widget\" data-widget_type=\"text-editor.default\">\n\t\t\t\t<div class=\"elementor-widget-container\">\n\t\t\t\t\t\t\t\t\t<p><span style=\"font-weight: 400;\">Jana is a non-carbonated natural mineral water which came to life 7000 years ago when nature was completely pure. Hidden away at a depth of more than 800 metres it preserves the pristine values of life. It is abstracted from tremendous depths, under the old dolomite rocks, which makes its mineral composition and the ratio of calcium to magnesium exceptional, and gives it a unique and familiar silky flavour.<\/span><\/p>\t\t\t\t\t\t\t\t<\/div>\n\t\t\t\t<\/div>\n\t\t\t\t<div class=\"elementor-element elementor-element-718826d1 elementor-widget__width-initial elementor-widget-tablet__width-initial brendovi-single-podnaslov elementor-widget elementor-widget-text-editor\" data-id=\"718826d1\" data-element_type=\"widget\" data-e-type=\"widget\" data-widget_type=\"text-editor.default\">\n\t\t\t\t<div class=\"elementor-widget-container\">\n\t\t\t\t\t\t\t\t\t<p><strong style=\"color: #005444;\">Category:<\/strong><\/p>\t\t\t\t\t\t\t\t<\/div>\n\t\t\t\t<\/div>\n\t\t\t\t<div class=\"elementor-element elementor-element-709ae473 elementor-widget__width-initial elementor-widget-tablet__width-initial onama-opis elementor-widget elementor-widget-text-editor\" data-id=\"709ae473\" data-element_type=\"widget\" data-e-type=\"widget\" data-widget_type=\"text-editor.default\">\n\t\t\t\t<div class=\"elementor-widget-container\">\n\t\t\t\t\t\t\t\t\t<p><span style=\"font-weight: 400;\">Non-carbonated natural mineral water<\/span><\/p>\t\t\t\t\t\t\t\t<\/div>\n\t\t\t\t<\/div>\n\t\t\t\t<div class=\"elementor-element elementor-element-4990ac6c elementor-widget__width-initial elementor-widget-tablet__width-initial brendovi-single-podnaslov elementor-widget elementor-widget-text-editor\" data-id=\"4990ac6c\" data-element_type=\"widget\" data-e-type=\"widget\" data-widget_type=\"text-editor.default\">\n\t\t\t\t<div class=\"elementor-widget-container\">\n\t\t\t\t\t\t\t\t\t<p><strong style=\"color: #005444;\">Some things to remember:<\/strong><\/p>\t\t\t\t\t\t\t\t<\/div>\n\t\t\t\t<\/div>\n\t\t\t\t<div class=\"elementor-element elementor-element-77ee6f34 elementor-widget__width-initial elementor-widget-tablet__width-initial onama-opis elementor-widget elementor-widget-text-editor\" data-id=\"77ee6f34\" data-element_type=\"widget\" data-e-type=\"widget\" data-widget_type=\"text-editor.default\">\n\t\t\t\t<div class=\"elementor-widget-container\">\n\t\t\t\t\t\t\t\t\t<p><span style=\"font-weight: 400;\">\u2022 it is bottled directly at source in a fully controlled process, and state-of-the-art bottling technology<\/span><span style=\"font-weight: 400;\"><br \/><\/span><span style=\"font-weight: 400;\">\u2022 additional boiling is not necessary as it is naturally pure and it meets all hygiene standards, which makes it completely safe for children<\/span><span style=\"font-weight: 400;\"><br \/><\/span><span style=\"font-weight: 400;\">\u2022 its calcium to magnesium ratio is 2:1, and the pH value is 7.1<\/span><span style=\"font-weight: 400;\"><br \/><\/span><span style=\"font-weight: 400;\">\u2022 it contains the mineral Silicium which plays an important role in skin care<\/span><\/p>\t\t\t\t\t\t\t\t<\/div>\n\t\t\t\t<\/div>\n\t\t\t\t<div class=\"elementor-element elementor-element-152cf21f elementor-widget-tablet__width-initial brendovi-single-podnaslov elementor-widget elementor-widget-text-editor\" data-id=\"152cf21f\" data-element_type=\"widget\" data-e-type=\"widget\" data-widget_type=\"text-editor.default\">\n\t\t\t\t<div class=\"elementor-widget-container\">\n\t\t\t\t\t\t\t\t\t<p><strong style=\"color: #005444;\">Get to know Jana:<\/strong><\/p>\t\t\t\t\t\t\t\t<\/div>\n\t\t\t\t<\/div>\n\t\t\t\t<div class=\"elementor-element elementor-element-39aa7e56 elementor-widget__width-auto elementor-widget elementor-widget-borgholm_core_icon\" data-id=\"39aa7e56\" data-element_type=\"widget\" data-e-type=\"widget\" data-widget_type=\"borgholm_core_icon.default\">\n\t\t\t\t<div class=\"elementor-widget-container\">\n\t\t\t\t\t<span class=\"qodef-shortcode qodef-m  qodef-icon-holder qodef-size--tiny   qodef-layout--circle\" data-hover-border-color=\"#005444\" style=\"background-color: #FFFFFF;border-style: solid;border-color: #0000001A;border-width: 1px;line-height: calc(2em - 2px)\">\n\t\t\t<a itemprop=\"url\" href=\"http:\/\/www.jana-water.com\/hr%20\" target=\"_blank\">\n            <span class=\"qodef-icon-elegant-icons icon_globe-2 qodef-icon qodef-e\" style=\"color: #000000\" ><\/span>                    <\/a>\n\t<\/span>\t\t\t\t<\/div>\n\t\t\t\t<\/div>\n\t\t\t\t<div class=\"elementor-element elementor-element-78b4981a elementor-widget__width-auto elementor-widget elementor-widget-borgholm_core_icon\" data-id=\"78b4981a\" data-element_type=\"widget\" data-e-type=\"widget\" data-widget_type=\"borgholm_core_icon.default\">\n\t\t\t\t<div class=\"elementor-widget-container\">\n\t\t\t\t\t<span class=\"qodef-shortcode qodef-m  qodef-icon-holder qodef-size--tiny   qodef-layout--circle\" data-hover-border-color=\"#005444\" style=\"background-color: #FFFFFF;border-style: solid;border-color: #0000001A;border-width: 1px;line-height: calc(2em - 2px)\">\n\t\t\t<a itemprop=\"url\" href=\"https:\/\/www.facebook.com\/jana.water\" target=\"_blank\">\n            <span class=\"qodef-icon-elegant-icons social_facebook qodef-icon qodef-e\" style=\"color: #000000\" ><\/span>                    <\/a>\n\t<\/span>\t\t\t\t<\/div>\n\t\t\t\t<\/div>\n\t\t\t\t<div class=\"elementor-element elementor-element-40a1db29 elementor-widget__width-auto elementor-widget elementor-widget-borgholm_core_icon\" data-id=\"40a1db29\" data-element_type=\"widget\" data-e-type=\"widget\" data-widget_type=\"borgholm_core_icon.default\">\n\t\t\t\t<div class=\"elementor-widget-container\">\n\t\t\t\t\t<span class=\"qodef-shortcode qodef-m  qodef-icon-holder qodef-size--tiny   qodef-layout--circle\" data-hover-border-color=\"#005444\" style=\"background-color: #FFFFFF;border-style: solid;border-color: #0000001A;border-width: 1px;line-height: calc(2em - 2px)\">\n\t\t\t<a itemprop=\"url\" href=\"https:\/\/www.instagram.com\/jana_water\/\" target=\"_blank\">\n            <span class=\"qodef-icon-font-awesome fab fa-instagram qodef-icon qodef-e\" style=\"color: #000000\" ><\/span>                    <\/a>\n\t<\/span>\t\t\t\t<\/div>\n\t\t\t\t<\/div>\n\t\t\t\t<div class=\"elementor-element elementor-element-63e3157b elementor-widget__width-auto elementor-widget elementor-widget-borgholm_core_icon\" data-id=\"63e3157b\" data-element_type=\"widget\" data-e-type=\"widget\" data-widget_type=\"borgholm_core_icon.default\">\n\t\t\t\t<div class=\"elementor-widget-container\">\n\t\t\t\t\t<span class=\"qodef-shortcode qodef-m  qodef-icon-holder qodef-size--tiny   qodef-layout--circle\" data-hover-border-color=\"#005444\" style=\"background-color: #FFFFFF;border-style: solid;border-color: #0000001A;border-width: 1px;line-height: calc(2em - 2px)\">\n\t\t\t<a itemprop=\"url\" href=\"https:\/\/www.youtube.com\/user\/waterJANA\" target=\"_blank\">\n            <span class=\"qodef-icon-elegant-icons social_youtube qodef-icon qodef-e\" style=\"color: #000000\" ><\/span>                    <\/a>\n\t<\/span>\t\t\t\t<\/div>\n\t\t\t\t<\/div>\n\t\t\t\t\t<\/div>\n\t\t<\/div>\n\t\t\t\t\t<\/div>\n\t\t<\/section>\n\t\t\t\t\t<\/div>\n\t\t<\/div>\n\t\t\t\t\t<\/div>\n\t\t<\/section>\n\t\t\t\t<section class=\"elementor-section elementor-top-section elementor-element elementor-element-273a65b qodef-elementor-content-grid elementor-hidden-desktop elementor-hidden-tablet elementor-hidden-phone elementor-section-boxed elementor-section-height-default elementor-section-height-default\" data-id=\"273a65b\" data-element_type=\"section\" data-e-type=\"section\" data-settings=\"{&quot;background_background&quot;:&quot;classic&quot;}\">\n\t\t\t\t\t\t<div class=\"elementor-container elementor-column-gap-default\">\n\t\t\t\t\t<div class=\"elementor-column elementor-col-100 elementor-top-column elementor-element elementor-element-70c6f36b\" data-id=\"70c6f36b\" data-element_type=\"column\" data-e-type=\"column\">\n\t\t\t<div class=\"elementor-widget-wrap elementor-element-populated\">\n\t\t\t\t\t\t<div class=\"elementor-element elementor-element-5cb0c03 elementor-widget elementor-widget-borgholm_core_section_title\" data-id=\"5cb0c03\" data-element_type=\"widget\" data-e-type=\"widget\" data-widget_type=\"borgholm_core_section_title.default\">\n\t\t\t\t<div class=\"elementor-widget-container\">\n\t\t\t\t\t<div class=\"qodef-shortcode qodef-m home-newsletter-title qodef-section-title qodef-alignment--center   \">\n\t\t\t<h3 class=\"qodef-m-title\" style=\"color: #FFFFFE\">\n\t\t\t\t\tPretplatite se na na\u0161 newsletter\t\t\t<\/h3>\n\t\t<\/div>\t\t\t\t<\/div>\n\t\t\t\t<\/div>\n\t\t\t\t<div class=\"elementor-element elementor-element-94a12c2 elementor-widget elementor-widget-wp-widget-borgholm_core_contact_form_7\" data-id=\"94a12c2\" data-element_type=\"widget\" data-e-type=\"widget\" data-widget_type=\"wp-widget-borgholm_core_contact_form_7.default\">\n\t\t\t\t<div class=\"elementor-widget-container\">\n\t\t\t\t\t\t\t\t<div class=\"qodef-contact-form-7 home-newsletter\">\n\t\t\t\t\n<div class=\"wpcf7 no-js\" id=\"wpcf7-f449-o1\" lang=\"en-US\" dir=\"ltr\" data-wpcf7-id=\"449\">\n<div class=\"screen-reader-response\"><p role=\"status\" aria-live=\"polite\" aria-atomic=\"true\"><\/p> <ul><\/ul><\/div>\n<form action=\"\/en\/wp-json\/wp\/v2\/pages\/12460#wpcf7-f449-o1\" method=\"post\" class=\"wpcf7-form init\" aria-label=\"Contact form\" novalidate=\"novalidate\" data-status=\"init\">\n<fieldset class=\"hidden-fields-container\"><input type=\"hidden\" name=\"_wpcf7\" value=\"449\" \/><input type=\"hidden\" name=\"_wpcf7_version\" value=\"6.1.5\" \/><input type=\"hidden\" name=\"_wpcf7_locale\" value=\"en_US\" \/><input type=\"hidden\" name=\"_wpcf7_unit_tag\" value=\"wpcf7-f449-o1\" \/><input type=\"hidden\" name=\"_wpcf7_container_post\" value=\"0\" \/><input type=\"hidden\" name=\"_wpcf7_posted_data_hash\" value=\"\" \/><input type=\"hidden\" name=\"_wpcf7cf_hidden_group_fields\" value=\"[]\" \/><input type=\"hidden\" name=\"_wpcf7cf_hidden_groups\" value=\"[]\" \/><input type=\"hidden\" name=\"_wpcf7cf_visible_groups\" value=\"[]\" \/><input type=\"hidden\" name=\"_wpcf7cf_repeaters\" value=\"[]\" \/><input type=\"hidden\" name=\"_wpcf7cf_steps\" value=\"{}\" \/><input type=\"hidden\" name=\"_wpcf7cf_options\" value=\"{&quot;form_id&quot;:449,&quot;conditions&quot;:[],&quot;settings&quot;:{&quot;animation&quot;:&quot;yes&quot;,&quot;animation_intime&quot;:200,&quot;animation_outtime&quot;:200,&quot;conditions_ui&quot;:&quot;normal&quot;,&quot;notice_dismissed&quot;:false,&quot;notice_dismissed_update-cf7-5.6.3&quot;:true,&quot;notice_dismissed_update-cf7-5.6.4&quot;:true}}\" \/>\n<\/fieldset>\n<div class=\"qodef-subscribe-form\">\n\t<p><span class=\"wpcf7-form-control-wrap\" data-name=\"your-email\"><input size=\"40\" maxlength=\"400\" class=\"wpcf7-form-control wpcf7-email wpcf7-validates-as-required wpcf7-text wpcf7-validates-as-email\" aria-required=\"true\" aria-invalid=\"false\" placeholder=\"Add mail and Subscribe\" value=\"\" type=\"email\" name=\"your-email\" \/><\/span><br \/>\n<button type=\"submit\" class=\"wpcf7-form-control wpcf7-submit qodef-button qodef-m qodef-subscribe-icon\"><\/button>\n\t<\/p>\n<\/div><div class=\"wpcf7-response-output\" aria-hidden=\"true\"><\/div>\n<\/form>\n<\/div>\n\t\t\t<\/div>\n\t\t\t\t\t\t\t<\/div>\n\t\t\t\t<\/div>\n\t\t\t\t\t<\/div>\n\t\t<\/div>\n\t\t\t\t\t<\/div>\n\t\t<\/section>\n\t\t\t\t<\/div>\n\t\t","protected":false},"excerpt":{"rendered":"<p>Jana is a non-carbonated natural mineral water which came to life 7000 years ago when nature was completely pure. Hidden away at a depth of more than 800 metres it preserves the pristine values of life. It is abstracted from tremendous depths, under the old dolomite rocks, which makes its mineral composition and the ratio [&hellip;]<\/p>\n","protected":false},"author":1,"featured_media":0,"parent":12429,"menu_order":0,"comment_status":"closed","ping_status":"closed","template":"page-full-width.php","meta":{"_acf_changed":false,"footnotes":"","_links_to":"","_links_to_target":""},"class_list":["post-12460","page","type-page","status-publish","hentry"],"acf":[],"yoast_head":"<!-- This site is optimized with the Yoast SEO plugin v26.8 - https:\/\/yoast.com\/product\/yoast-seo-wordpress\/ -->\n<title>JANA - Jamnica plus<\/title>\n<meta name=\"description\" content=\"Jamnica je idealno pi\u0107e uz svaki obrok, a sada vas mo\u017ee spojiti s idealnim receptima. Jede li vam se mo\u017eda GLAVNO JELO ili DESERT?Jamnica ima upravo ono \u0161to vam treba.\" \/>\n<meta name=\"robots\" content=\"index, follow, max-snippet:-1, max-image-preview:large, max-video-preview:-1\" \/>\n<link rel=\"canonical\" href=\"https:\/\/jamnica.company\/nasi-brendovi\/jana\/\" \/>\n<meta property=\"og:locale\" content=\"en_US\" \/>\n<meta property=\"og:type\" content=\"article\" \/>\n<meta property=\"og:title\" content=\"JANA - Jamnica plus\" \/>\n<meta property=\"og:description\" content=\"Jamnica je idealno pi\u0107e uz svaki obrok, a sada vas mo\u017ee spojiti s idealnim receptima. Jede li vam se mo\u017eda GLAVNO JELO ili DESERT?Jamnica ima upravo ono \u0161to vam treba.\" \/>\n<meta property=\"og:url\" content=\"https:\/\/jamnica.company\/nasi-brendovi\/jana\/\" \/>\n<meta property=\"og:site_name\" content=\"Jamnica plus\" \/>\n<meta property=\"article:modified_time\" content=\"2024-11-17T10:20:17+00:00\" \/>\n<meta property=\"og:image\" content=\"https:\/\/jamnica.company\/wp-content\/uploads\/elementor\/thumbs\/FORT_Jana-Hero-copy-qx6puwmskf8f0n9ilts58t65h7pvyao72eqvdbmx34.jpg\" \/>\n<meta name=\"twitter:card\" content=\"summary_large_image\" \/>\n<meta name=\"twitter:label1\" content=\"Est. reading time\" \/>\n\t<meta name=\"twitter:data1\" content=\"2 minutes\" \/>\n<script type=\"application\/ld+json\" class=\"yoast-schema-graph\">{\"@context\":\"https:\/\/schema.org\",\"@graph\":[{\"@type\":[\"WebPage\",\"AboutPage\"],\"@id\":\"https:\/\/jamnica.company\/nasi-brendovi\/jana\/\",\"url\":\"https:\/\/jamnica.company\/nasi-brendovi\/jana\/\",\"name\":\"JANA - Jamnica plus\",\"isPartOf\":{\"@id\":\"https:\/\/jamnica.company\/#website\"},\"primaryImageOfPage\":{\"@id\":\"https:\/\/jamnica.company\/nasi-brendovi\/jana\/#primaryimage\"},\"image\":{\"@id\":\"https:\/\/jamnica.company\/nasi-brendovi\/jana\/#primaryimage\"},\"thumbnailUrl\":\"https:\/\/jamnica.company\/wp-content\/uploads\/elementor\/thumbs\/FORT_Jana-Hero-copy-qx6puwmskf8f0n9ilts58t65h7pvyao72eqvdbmx34.jpg\",\"datePublished\":\"2021-04-02T08:07:39+00:00\",\"dateModified\":\"2024-11-17T10:20:17+00:00\",\"description\":\"Jamnica je idealno pi\u0107e uz svaki obrok, a sada vas mo\u017ee spojiti s idealnim receptima. Jede li vam se mo\u017eda GLAVNO JELO ili DESERT?Jamnica ima upravo ono \u0161to vam treba.\",\"breadcrumb\":{\"@id\":\"https:\/\/jamnica.company\/nasi-brendovi\/jana\/#breadcrumb\"},\"inLanguage\":\"en-US\",\"potentialAction\":[{\"@type\":\"ReadAction\",\"target\":[\"https:\/\/jamnica.company\/nasi-brendovi\/jana\/\"]}]},{\"@type\":\"ImageObject\",\"inLanguage\":\"en-US\",\"@id\":\"https:\/\/jamnica.company\/nasi-brendovi\/jana\/#primaryimage\",\"url\":\"https:\/\/jamnica.company\/wp-content\/uploads\/elementor\/thumbs\/FORT_Jana-Hero-copy-qx6puwmskf8f0n9ilts58t65h7pvyao72eqvdbmx34.jpg\",\"contentUrl\":\"https:\/\/jamnica.company\/wp-content\/uploads\/elementor\/thumbs\/FORT_Jana-Hero-copy-qx6puwmskf8f0n9ilts58t65h7pvyao72eqvdbmx34.jpg\"},{\"@type\":\"BreadcrumbList\",\"@id\":\"https:\/\/jamnica.company\/nasi-brendovi\/jana\/#breadcrumb\",\"itemListElement\":[{\"@type\":\"ListItem\",\"position\":1,\"name\":\"Po\u010detna stranica\",\"item\":\"https:\/\/jamnica.company\/\"},{\"@type\":\"ListItem\",\"position\":2,\"name\":\"We are the producer and distributor of leading brands in Croatia and the region\",\"item\":\"https:\/\/jamnica.company\/nasi-brendovi\/\"},{\"@type\":\"ListItem\",\"position\":3,\"name\":\"JANA\"}]},{\"@type\":\"WebSite\",\"@id\":\"https:\/\/jamnica.company\/#website\",\"url\":\"https:\/\/jamnica.company\/\",\"name\":\"Jamnica plus\",\"description\":\"Jamnica plus\",\"publisher\":{\"@id\":\"https:\/\/jamnica.company\/#organization\"},\"potentialAction\":[{\"@type\":\"SearchAction\",\"target\":{\"@type\":\"EntryPoint\",\"urlTemplate\":\"https:\/\/jamnica.company\/?s={search_term_string}\"},\"query-input\":{\"@type\":\"PropertyValueSpecification\",\"valueRequired\":true,\"valueName\":\"search_term_string\"}}],\"inLanguage\":\"en-US\"},{\"@type\":\"Organization\",\"@id\":\"https:\/\/jamnica.company\/#organization\",\"name\":\"Jamnica plus\",\"url\":\"https:\/\/jamnica.company\/\",\"logo\":{\"@type\":\"ImageObject\",\"inLanguage\":\"en-US\",\"@id\":\"https:\/\/jamnica.company\/#\/schema\/logo\/image\/\",\"url\":\"https:\/\/jamnica.company\/wp-content\/uploads\/2021\/04\/jamnica.png\",\"contentUrl\":\"https:\/\/jamnica.company\/wp-content\/uploads\/2021\/04\/jamnica.png\",\"width\":512,\"height\":512,\"caption\":\"Jamnica plus\"},\"image\":{\"@id\":\"https:\/\/jamnica.company\/#\/schema\/logo\/image\/\"},\"sameAs\":[\"https:\/\/www.linkedin.com\/company\/jamnica\/\"]}]}<\/script>\n<!-- \/ Yoast SEO plugin. -->","yoast_head_json":{"title":"JANA - Jamnica plus","description":"Jamnica je idealno pi\u0107e uz svaki obrok, a sada vas mo\u017ee spojiti s idealnim receptima. Jede li vam se mo\u017eda GLAVNO JELO ili DESERT?Jamnica ima upravo ono \u0161to vam treba.","robots":{"index":"index","follow":"follow","max-snippet":"max-snippet:-1","max-image-preview":"max-image-preview:large","max-video-preview":"max-video-preview:-1"},"canonical":"https:\/\/jamnica.company\/nasi-brendovi\/jana\/","og_locale":"en_US","og_type":"article","og_title":"JANA - Jamnica plus","og_description":"Jamnica je idealno pi\u0107e uz svaki obrok, a sada vas mo\u017ee spojiti s idealnim receptima. Jede li vam se mo\u017eda GLAVNO JELO ili DESERT?Jamnica ima upravo ono \u0161to vam treba.","og_url":"https:\/\/jamnica.company\/nasi-brendovi\/jana\/","og_site_name":"Jamnica plus","article_modified_time":"2024-11-17T10:20:17+00:00","og_image":[{"url":"https:\/\/jamnica.company\/wp-content\/uploads\/elementor\/thumbs\/FORT_Jana-Hero-copy-qx6puwmskf8f0n9ilts58t65h7pvyao72eqvdbmx34.jpg","type":"","width":"","height":""}],"twitter_card":"summary_large_image","twitter_misc":{"Est. reading time":"2 minutes"},"schema":{"@context":"https:\/\/schema.org","@graph":[{"@type":["WebPage","AboutPage"],"@id":"https:\/\/jamnica.company\/nasi-brendovi\/jana\/","url":"https:\/\/jamnica.company\/nasi-brendovi\/jana\/","name":"JANA - Jamnica plus","isPartOf":{"@id":"https:\/\/jamnica.company\/#website"},"primaryImageOfPage":{"@id":"https:\/\/jamnica.company\/nasi-brendovi\/jana\/#primaryimage"},"image":{"@id":"https:\/\/jamnica.company\/nasi-brendovi\/jana\/#primaryimage"},"thumbnailUrl":"https:\/\/jamnica.company\/wp-content\/uploads\/elementor\/thumbs\/FORT_Jana-Hero-copy-qx6puwmskf8f0n9ilts58t65h7pvyao72eqvdbmx34.jpg","datePublished":"2021-04-02T08:07:39+00:00","dateModified":"2024-11-17T10:20:17+00:00","description":"Jamnica je idealno pi\u0107e uz svaki obrok, a sada vas mo\u017ee spojiti s idealnim receptima. Jede li vam se mo\u017eda GLAVNO JELO ili DESERT?Jamnica ima upravo ono \u0161to vam treba.","breadcrumb":{"@id":"https:\/\/jamnica.company\/nasi-brendovi\/jana\/#breadcrumb"},"inLanguage":"en-US","potentialAction":[{"@type":"ReadAction","target":["https:\/\/jamnica.company\/nasi-brendovi\/jana\/"]}]},{"@type":"ImageObject","inLanguage":"en-US","@id":"https:\/\/jamnica.company\/nasi-brendovi\/jana\/#primaryimage","url":"https:\/\/jamnica.company\/wp-content\/uploads\/elementor\/thumbs\/FORT_Jana-Hero-copy-qx6puwmskf8f0n9ilts58t65h7pvyao72eqvdbmx34.jpg","contentUrl":"https:\/\/jamnica.company\/wp-content\/uploads\/elementor\/thumbs\/FORT_Jana-Hero-copy-qx6puwmskf8f0n9ilts58t65h7pvyao72eqvdbmx34.jpg"},{"@type":"BreadcrumbList","@id":"https:\/\/jamnica.company\/nasi-brendovi\/jana\/#breadcrumb","itemListElement":[{"@type":"ListItem","position":1,"name":"Po\u010detna stranica","item":"https:\/\/jamnica.company\/"},{"@type":"ListItem","position":2,"name":"We are the producer and distributor of leading brands in Croatia and the region","item":"https:\/\/jamnica.company\/nasi-brendovi\/"},{"@type":"ListItem","position":3,"name":"JANA"}]},{"@type":"WebSite","@id":"https:\/\/jamnica.company\/#website","url":"https:\/\/jamnica.company\/","name":"Jamnica plus","description":"Jamnica plus","publisher":{"@id":"https:\/\/jamnica.company\/#organization"},"potentialAction":[{"@type":"SearchAction","target":{"@type":"EntryPoint","urlTemplate":"https:\/\/jamnica.company\/?s={search_term_string}"},"query-input":{"@type":"PropertyValueSpecification","valueRequired":true,"valueName":"search_term_string"}}],"inLanguage":"en-US"},{"@type":"Organization","@id":"https:\/\/jamnica.company\/#organization","name":"Jamnica plus","url":"https:\/\/jamnica.company\/","logo":{"@type":"ImageObject","inLanguage":"en-US","@id":"https:\/\/jamnica.company\/#\/schema\/logo\/image\/","url":"https:\/\/jamnica.company\/wp-content\/uploads\/2021\/04\/jamnica.png","contentUrl":"https:\/\/jamnica.company\/wp-content\/uploads\/2021\/04\/jamnica.png","width":512,"height":512,"caption":"Jamnica plus"},"image":{"@id":"https:\/\/jamnica.company\/#\/schema\/logo\/image\/"},"sameAs":["https:\/\/www.linkedin.com\/company\/jamnica\/"]}]}},"_links":{"self":[{"href":"https:\/\/jamnica.company\/en\/wp-json\/wp\/v2\/pages\/12460","targetHints":{"allow":["GET"]}}],"collection":[{"href":"https:\/\/jamnica.company\/en\/wp-json\/wp\/v2\/pages"}],"about":[{"href":"https:\/\/jamnica.company\/en\/wp-json\/wp\/v2\/types\/page"}],"author":[{"embeddable":true,"href":"https:\/\/jamnica.company\/en\/wp-json\/wp\/v2\/users\/1"}],"replies":[{"embeddable":true,"href":"https:\/\/jamnica.company\/en\/wp-json\/wp\/v2\/comments?post=12460"}],"version-history":[{"count":8,"href":"https:\/\/jamnica.company\/en\/wp-json\/wp\/v2\/pages\/12460\/revisions"}],"predecessor-version":[{"id":16696,"href":"https:\/\/jamnica.company\/en\/wp-json\/wp\/v2\/pages\/12460\/revisions\/16696"}],"up":[{"embeddable":true,"href":"https:\/\/jamnica.company\/en\/wp-json\/wp\/v2\/pages\/12429"}],"wp:attachment":[{"href":"https:\/\/jamnica.company\/en\/wp-json\/wp\/v2\/media?parent=12460"}],"curies":[{"name":"wp","href":"https:\/\/api.w.org\/{rel}","templated":true}]}}