{"id":12492,"date":"2021-04-02T07:28:08","date_gmt":"2021-04-02T07:28:08","guid":{"rendered":"https:\/\/jamnica.company\/our-brands\/mg-mivela\/"},"modified":"2021-08-23T06:13:23","modified_gmt":"2021-08-23T06:13:23","slug":"mg-mivela","status":"publish","type":"page","link":"https:\/\/jamnica.company\/en\/our-brands\/mg-mivela\/","title":{"rendered":"MG MIVELA"},"content":{"rendered":"\t\t<div data-elementor-type=\"wp-page\" data-elementor-id=\"12492\" class=\"elementor elementor-12492 elementor-8091\" data-elementor-post-type=\"page\">\n\t\t\t\t\t\t<section class=\"elementor-section elementor-top-section elementor-element elementor-element-7ee577cc elementor-section-content-middle qodef-elementor-content-grid single-brend-blok elementor-section-boxed elementor-section-height-default elementor-section-height-default\" data-id=\"7ee577cc\" data-element_type=\"section\" data-e-type=\"section\">\n\t\t\t\t\t\t<div class=\"elementor-container elementor-column-gap-default\">\n\t\t\t\t\t<div class=\"elementor-column elementor-col-50 elementor-top-column elementor-element elementor-element-70d48a8e single-brend-img-column\" data-id=\"70d48a8e\" data-element_type=\"column\" data-e-type=\"column\">\n\t\t\t<div class=\"elementor-widget-wrap elementor-element-populated\">\n\t\t\t\t\t\t<div class=\"elementor-element elementor-element-7486181 elementor-widget elementor-widget-image\" data-id=\"7486181\" data-element_type=\"widget\" data-e-type=\"widget\" data-widget_type=\"image.default\">\n\t\t\t\t<div class=\"elementor-widget-container\">\n\t\t\t\t\t\t\t\t\t\t\t\t\t\t\t<img decoding=\"async\" src=\"https:\/\/jamnica.company\/wp-content\/uploads\/elementor\/thumbs\/FORT_MG-Mivela-Hero-pa7akz4o4iagttp92ddejb3p8c2s0rg1napy4c6j30.jpg\" title=\"FORT_MG Mivela &#8211; Hero\" alt=\"FORT_MG Mivela - Hero\" loading=\"lazy\" \/>\t\t\t\t\t\t\t\t\t\t\t\t\t\t\t<\/div>\n\t\t\t\t<\/div>\n\t\t\t\t<div class=\"elementor-element elementor-element-54e82ef4 elementor-widget elementor-widget-image\" data-id=\"54e82ef4\" data-element_type=\"widget\" data-e-type=\"widget\" data-widget_type=\"image.default\">\n\t\t\t\t<div class=\"elementor-widget-container\">\n\t\t\t\t\t\t\t\t\t\t\t\t\t\t\t<img decoding=\"async\" src=\"https:\/\/jamnica.company\/wp-content\/uploads\/elementor\/thumbs\/FORT_MG-Mivela-Okusi-pa7al1y6p0ebsnl5lwla8se30hovnur8nooek62ckc.jpg\" title=\"FORT_MG Mivela &#8211; Okusi\" alt=\"FORT_MG Mivela - Okusi\" loading=\"lazy\" \/>\t\t\t\t\t\t\t\t\t\t\t\t\t\t\t<\/div>\n\t\t\t\t<\/div>\n\t\t\t\t<div class=\"elementor-element elementor-element-7171774 elementor-widget elementor-widget-image\" data-id=\"7171774\" data-element_type=\"widget\" data-e-type=\"widget\" data-widget_type=\"image.default\">\n\t\t\t\t<div class=\"elementor-widget-container\">\n\t\t\t\t\t\t\t\t\t\t\t\t\t\t\t<img decoding=\"async\" src=\"https:\/\/jamnica.company\/wp-content\/uploads\/elementor\/thumbs\/FORT_MG-Mivela-Range-pa7akx8zqu7w6lrzdck5ebks1kc1ld8kz1ez5s9bfg.jpg\" title=\"FORT_MG Mivela &#8211; Range\" alt=\"FORT_MG Mivela - Range\" loading=\"lazy\" \/>\t\t\t\t\t\t\t\t\t\t\t\t\t\t\t<\/div>\n\t\t\t\t<\/div>\n\t\t\t\t\t<\/div>\n\t\t<\/div>\n\t\t\t\t<div class=\"elementor-column elementor-col-50 elementor-top-column elementor-element elementor-element-2786ffe5 brendovi-single-fixed sticky-parent\" data-id=\"2786ffe5\" data-element_type=\"column\" data-e-type=\"column\">\n\t\t\t<div class=\"elementor-widget-wrap elementor-element-populated\">\n\t\t\t\t\t\t<section class=\"elementor-section elementor-inner-section elementor-element elementor-element-8e652dd sticky-column elementor-section-boxed elementor-section-height-default elementor-section-height-default qodef-elementor-content-no\" data-id=\"8e652dd\" data-element_type=\"section\" data-e-type=\"section\">\n\t\t\t\t\t\t<div class=\"elementor-container elementor-column-gap-default\">\n\t\t\t\t\t<div class=\"elementor-column elementor-col-100 elementor-inner-column elementor-element elementor-element-69754b78\" data-id=\"69754b78\" data-element_type=\"column\" data-e-type=\"column\">\n\t\t\t<div class=\"elementor-widget-wrap elementor-element-populated\">\n\t\t\t\t\t\t<div class=\"elementor-element elementor-element-196c2977 elementor-widget__width-initial elementor-widget-tablet__width-initial onama-opis elementor-widget elementor-widget-text-editor\" data-id=\"196c2977\" data-element_type=\"widget\" data-e-type=\"widget\" data-widget_type=\"text-editor.default\">\n\t\t\t\t<div class=\"elementor-widget-container\">\n\t\t\t\t\t\t\t\t\t<p><span style=\"font-weight: 400;\">Mg Mivela is a natural carbonated mineral water which contains almost the entire daily magnesium requirement per litre. The human body cannot synthesise magnesium on its own, so it is necessary to ensure a daily intake of its adequate amount from natural sources: food and water. Mg Mivela is your ideal ally, as it facilitates the absorption of natural magnesium contained in water, which the body can then use for all its vital functions.<\/span><\/p>\t\t\t\t\t\t\t\t<\/div>\n\t\t\t\t<\/div>\n\t\t\t\t<div class=\"elementor-element elementor-element-6920fa54 elementor-widget__width-initial elementor-widget-tablet__width-initial brendovi-single-podnaslov elementor-widget elementor-widget-text-editor\" data-id=\"6920fa54\" data-element_type=\"widget\" data-e-type=\"widget\" data-widget_type=\"text-editor.default\">\n\t\t\t\t<div class=\"elementor-widget-container\">\n\t\t\t\t\t\t\t\t\t<p><strong style=\"color: #005444;\">Category:<\/strong><\/p>\t\t\t\t\t\t\t\t<\/div>\n\t\t\t\t<\/div>\n\t\t\t\t<div class=\"elementor-element elementor-element-c432802 elementor-widget__width-initial elementor-widget-tablet__width-initial onama-opis elementor-widget elementor-widget-text-editor\" data-id=\"c432802\" data-element_type=\"widget\" data-e-type=\"widget\" data-widget_type=\"text-editor.default\">\n\t\t\t\t<div class=\"elementor-widget-container\">\n\t\t\t\t\t\t\t\t\t<p><span style=\"font-weight: 400;\">Carbonated natural mineral water<\/span><\/p>\t\t\t\t\t\t\t\t<\/div>\n\t\t\t\t<\/div>\n\t\t\t\t<div class=\"elementor-element elementor-element-7e2e6612 elementor-widget__width-initial elementor-widget-tablet__width-initial brendovi-single-podnaslov elementor-widget elementor-widget-text-editor\" data-id=\"7e2e6612\" data-element_type=\"widget\" data-e-type=\"widget\" data-widget_type=\"text-editor.default\">\n\t\t\t\t<div class=\"elementor-widget-container\">\n\t\t\t\t\t\t\t\t\t<p><strong style=\"color: #005444;\">Some things to remember:<\/strong><\/p>\t\t\t\t\t\t\t\t<\/div>\n\t\t\t\t<\/div>\n\t\t\t\t<div class=\"elementor-element elementor-element-64230b9f elementor-widget__width-initial elementor-widget-tablet__width-initial onama-opis elementor-widget elementor-widget-text-editor\" data-id=\"64230b9f\" data-element_type=\"widget\" data-e-type=\"widget\" data-widget_type=\"text-editor.default\">\n\t\t\t\t<div class=\"elementor-widget-container\">\n\t\t\t\t\t\t\t\t\t<p><span style=\"font-weight: 400;\">\u2022 1 litre of Mg Mivela contains 343 mg of magnesium which amounts to almost the entire daily magnesium requirement<\/span><span style=\"font-weight: 400;\"><br \/><\/span><span style=\"font-weight: 400;\">\u2022 the mild and refreshing flavour of Mg Mivela can be enjoyed by everyone, without limitations and regardless of age or gender<\/span><span style=\"font-weight: 400;\"><br \/><\/span><span style=\"font-weight: 400;\">\u2022 unlike other magnesium-rich waters, Mg Mivela does not contain large amounts of sulphates and does not have unwanted laxative effects on digestion<\/span><\/p>\t\t\t\t\t\t\t\t<\/div>\n\t\t\t\t<\/div>\n\t\t\t\t<div class=\"elementor-element elementor-element-48ff03da elementor-widget-tablet__width-initial brendovi-single-podnaslov elementor-widget elementor-widget-text-editor\" data-id=\"48ff03da\" data-element_type=\"widget\" data-e-type=\"widget\" data-widget_type=\"text-editor.default\">\n\t\t\t\t<div class=\"elementor-widget-container\">\n\t\t\t\t\t\t\t\t\t<p><strong style=\"color: #005444;\">Get to know Mg Mivela:<\/strong><\/p>\t\t\t\t\t\t\t\t<\/div>\n\t\t\t\t<\/div>\n\t\t\t\t<div class=\"elementor-element elementor-element-3ceff7b7 elementor-widget__width-auto elementor-widget elementor-widget-borgholm_core_icon\" data-id=\"3ceff7b7\" data-element_type=\"widget\" data-e-type=\"widget\" data-widget_type=\"borgholm_core_icon.default\">\n\t\t\t\t<div class=\"elementor-widget-container\">\n\t\t\t\t\t<span class=\"qodef-shortcode qodef-m  qodef-icon-holder qodef-size--tiny   qodef-layout--circle\" data-hover-border-color=\"#005444\" style=\"background-color: #FFFFFF;border-style: solid;border-color: #0000001A;border-width: 1px;line-height: calc(2em - 2px)\">\n\t\t\t<a itemprop=\"url\" href=\"http:\/\/mgmivela.com\/\" target=\"_self\">\n            <span class=\"qodef-icon-elegant-icons icon_globe-2 qodef-icon qodef-e\" style=\"color: #000000\" ><\/span>                    <\/a>\n\t<\/span>\t\t\t\t<\/div>\n\t\t\t\t<\/div>\n\t\t\t\t<div class=\"elementor-element elementor-element-236f9c36 elementor-widget__width-auto elementor-widget elementor-widget-borgholm_core_icon\" data-id=\"236f9c36\" data-element_type=\"widget\" data-e-type=\"widget\" data-widget_type=\"borgholm_core_icon.default\">\n\t\t\t\t<div class=\"elementor-widget-container\">\n\t\t\t\t\t<span class=\"qodef-shortcode qodef-m  qodef-icon-holder qodef-size--tiny   qodef-layout--circle\" data-hover-border-color=\"#005444\" style=\"background-color: #FFFFFF;border-style: solid;border-color: #0000001A;border-width: 1px;line-height: calc(2em - 2px)\">\n\t\t\t<a itemprop=\"url\" href=\"https:\/\/www.facebook.com\/mgmivela.hr\/?brand_redir=1666210126991349\" target=\"_blank\">\n            <span class=\"qodef-icon-elegant-icons social_facebook qodef-icon qodef-e\" style=\"color: #000000\" ><\/span>                    <\/a>\n\t<\/span>\t\t\t\t<\/div>\n\t\t\t\t<\/div>\n\t\t\t\t<div class=\"elementor-element elementor-element-582df44 elementor-widget__width-auto elementor-widget elementor-widget-borgholm_core_icon\" data-id=\"582df44\" data-element_type=\"widget\" data-e-type=\"widget\" data-widget_type=\"borgholm_core_icon.default\">\n\t\t\t\t<div class=\"elementor-widget-container\">\n\t\t\t\t\t<span class=\"qodef-shortcode qodef-m  qodef-icon-holder qodef-size--tiny   qodef-layout--circle\" data-hover-border-color=\"#005444\" style=\"background-color: #FFFFFF;border-style: solid;border-color: #0000001A;border-width: 1px;line-height: calc(2em - 2px)\">\n\t\t\t<a itemprop=\"url\" href=\"https:\/\/www.instagram.com\/mgmivela_hr\/?hl=hr\" target=\"_self\">\n            <span class=\"qodef-icon-font-awesome fab fa-instagram qodef-icon qodef-e\" style=\"color: #000000\" ><\/span>                    <\/a>\n\t<\/span>\t\t\t\t<\/div>\n\t\t\t\t<\/div>\n\t\t\t\t<div class=\"elementor-element elementor-element-33d4448a elementor-widget__width-auto elementor-widget elementor-widget-borgholm_core_icon\" data-id=\"33d4448a\" data-element_type=\"widget\" data-e-type=\"widget\" data-widget_type=\"borgholm_core_icon.default\">\n\t\t\t\t<div class=\"elementor-widget-container\">\n\t\t\t\t\t<span class=\"qodef-shortcode qodef-m  qodef-icon-holder qodef-size--tiny   qodef-layout--circle\" data-hover-border-color=\"#005444\" style=\"background-color: #FFFFFF;border-style: solid;border-color: #0000001A;border-width: 1px;line-height: calc(2em - 2px)\">\n\t\t\t<a itemprop=\"url\" href=\"https:\/\/www.youtube.com\/channel\/UC60fABA4Lf8WiSRSjjEGg6w\" target=\"_self\">\n            <span class=\"qodef-icon-elegant-icons social_youtube qodef-icon qodef-e\" style=\"color: #000000\" ><\/span>                    <\/a>\n\t<\/span>\t\t\t\t<\/div>\n\t\t\t\t<\/div>\n\t\t\t\t\t<\/div>\n\t\t<\/div>\n\t\t\t\t\t<\/div>\n\t\t<\/section>\n\t\t\t\t\t<\/div>\n\t\t<\/div>\n\t\t\t\t\t<\/div>\n\t\t<\/section>\n\t\t\t\t<section class=\"elementor-section elementor-top-section elementor-element elementor-element-74177a14 qodef-elementor-content-grid elementor-hidden-desktop elementor-hidden-tablet elementor-hidden-phone elementor-section-boxed elementor-section-height-default elementor-section-height-default\" data-id=\"74177a14\" data-element_type=\"section\" data-e-type=\"section\" data-settings=\"{&quot;background_background&quot;:&quot;classic&quot;}\">\n\t\t\t\t\t\t<div class=\"elementor-container elementor-column-gap-default\">\n\t\t\t\t\t<div class=\"elementor-column elementor-col-100 elementor-top-column elementor-element elementor-element-7b69c7d0\" data-id=\"7b69c7d0\" data-element_type=\"column\" data-e-type=\"column\">\n\t\t\t<div class=\"elementor-widget-wrap elementor-element-populated\">\n\t\t\t\t\t\t<div class=\"elementor-element elementor-element-1699a24 elementor-widget elementor-widget-borgholm_core_section_title\" data-id=\"1699a24\" data-element_type=\"widget\" data-e-type=\"widget\" data-widget_type=\"borgholm_core_section_title.default\">\n\t\t\t\t<div class=\"elementor-widget-container\">\n\t\t\t\t\t<div class=\"qodef-shortcode qodef-m home-newsletter-title qodef-section-title qodef-alignment--center   \">\n\t\t\t<h3 class=\"qodef-m-title\" style=\"color: #FFFFFE\">\n\t\t\t\t\tPretplatite se na na\u0161 newsletter\t\t\t<\/h3>\n\t\t<\/div>\t\t\t\t<\/div>\n\t\t\t\t<\/div>\n\t\t\t\t<div class=\"elementor-element elementor-element-641517f3 elementor-widget elementor-widget-wp-widget-borgholm_core_contact_form_7\" data-id=\"641517f3\" data-element_type=\"widget\" data-e-type=\"widget\" data-widget_type=\"wp-widget-borgholm_core_contact_form_7.default\">\n\t\t\t\t<div class=\"elementor-widget-container\">\n\t\t\t\t\t\t\t\t<div class=\"qodef-contact-form-7 home-newsletter\">\n\t\t\t\t\n<div class=\"wpcf7 no-js\" id=\"wpcf7-f449-o1\" lang=\"en-US\" dir=\"ltr\" data-wpcf7-id=\"449\">\n<div class=\"screen-reader-response\"><p role=\"status\" aria-live=\"polite\" aria-atomic=\"true\"><\/p> <ul><\/ul><\/div>\n<form action=\"\/en\/wp-json\/wp\/v2\/pages\/12492#wpcf7-f449-o1\" method=\"post\" class=\"wpcf7-form init\" aria-label=\"Contact form\" novalidate=\"novalidate\" data-status=\"init\">\n<fieldset class=\"hidden-fields-container\"><input type=\"hidden\" name=\"_wpcf7\" value=\"449\" \/><input type=\"hidden\" name=\"_wpcf7_version\" value=\"6.1.5\" \/><input type=\"hidden\" name=\"_wpcf7_locale\" value=\"en_US\" \/><input type=\"hidden\" name=\"_wpcf7_unit_tag\" value=\"wpcf7-f449-o1\" \/><input type=\"hidden\" name=\"_wpcf7_container_post\" value=\"0\" \/><input type=\"hidden\" name=\"_wpcf7_posted_data_hash\" value=\"\" \/><input type=\"hidden\" name=\"_wpcf7cf_hidden_group_fields\" value=\"[]\" \/><input type=\"hidden\" name=\"_wpcf7cf_hidden_groups\" value=\"[]\" \/><input type=\"hidden\" name=\"_wpcf7cf_visible_groups\" value=\"[]\" \/><input type=\"hidden\" name=\"_wpcf7cf_repeaters\" value=\"[]\" \/><input type=\"hidden\" name=\"_wpcf7cf_steps\" value=\"{}\" \/><input type=\"hidden\" name=\"_wpcf7cf_options\" value=\"{&quot;form_id&quot;:449,&quot;conditions&quot;:[],&quot;settings&quot;:{&quot;animation&quot;:&quot;yes&quot;,&quot;animation_intime&quot;:200,&quot;animation_outtime&quot;:200,&quot;conditions_ui&quot;:&quot;normal&quot;,&quot;notice_dismissed&quot;:false,&quot;notice_dismissed_update-cf7-5.6.3&quot;:true,&quot;notice_dismissed_update-cf7-5.6.4&quot;:true}}\" \/>\n<\/fieldset>\n<div class=\"qodef-subscribe-form\">\n\t<p><span class=\"wpcf7-form-control-wrap\" data-name=\"your-email\"><input size=\"40\" maxlength=\"400\" class=\"wpcf7-form-control wpcf7-email wpcf7-validates-as-required wpcf7-text wpcf7-validates-as-email\" aria-required=\"true\" aria-invalid=\"false\" placeholder=\"Add mail and Subscribe\" value=\"\" type=\"email\" name=\"your-email\" \/><\/span><br \/>\n<button type=\"submit\" class=\"wpcf7-form-control wpcf7-submit qodef-button qodef-m qodef-subscribe-icon\"><\/button>\n\t<\/p>\n<\/div><div class=\"wpcf7-response-output\" aria-hidden=\"true\"><\/div>\n<\/form>\n<\/div>\n\t\t\t<\/div>\n\t\t\t\t\t\t\t<\/div>\n\t\t\t\t<\/div>\n\t\t\t\t\t<\/div>\n\t\t<\/div>\n\t\t\t\t\t<\/div>\n\t\t<\/section>\n\t\t\t\t<\/div>\n\t\t","protected":false},"excerpt":{"rendered":"<p>Mg Mivela is a natural carbonated mineral water which contains almost the entire daily magnesium requirement per litre. The human body cannot synthesise magnesium on its own, so it is necessary to ensure a daily intake of its adequate amount from natural sources: food and water. Mg Mivela is your ideal ally, as it facilitates [&hellip;]<\/p>\n","protected":false},"author":1,"featured_media":0,"parent":12429,"menu_order":0,"comment_status":"closed","ping_status":"closed","template":"page-full-width.php","meta":{"_acf_changed":false,"footnotes":"","_links_to":"","_links_to_target":""},"class_list":["post-12492","page","type-page","status-publish","hentry"],"acf":[],"yoast_head":"<!-- This site is optimized with the Yoast SEO plugin v26.8 - https:\/\/yoast.com\/product\/yoast-seo-wordpress\/ -->\n<title>MG MIVELA - Jamnica plus<\/title>\n<meta name=\"description\" content=\"Jamnica je idealno pi\u0107e uz svaki obrok, a sada vas mo\u017ee spojiti s idealnim receptima. Jede li vam se mo\u017eda GLAVNO JELO ili DESERT?Jamnica ima upravo ono \u0161to vam treba.\" \/>\n<meta name=\"robots\" content=\"index, follow, max-snippet:-1, max-image-preview:large, max-video-preview:-1\" \/>\n<link rel=\"canonical\" href=\"https:\/\/jamnica.company\/nasi-brendovi\/mg-mivela\/\" \/>\n<meta property=\"og:locale\" content=\"en_US\" \/>\n<meta property=\"og:type\" content=\"article\" \/>\n<meta property=\"og:title\" content=\"MG MIVELA - Jamnica plus\" \/>\n<meta property=\"og:description\" content=\"Jamnica je idealno pi\u0107e uz svaki obrok, a sada vas mo\u017ee spojiti s idealnim receptima. Jede li vam se mo\u017eda GLAVNO JELO ili DESERT?Jamnica ima upravo ono \u0161to vam treba.\" \/>\n<meta property=\"og:url\" content=\"https:\/\/jamnica.company\/nasi-brendovi\/mg-mivela\/\" \/>\n<meta property=\"og:site_name\" content=\"Jamnica plus\" \/>\n<meta property=\"article:modified_time\" content=\"2021-08-23T06:13:23+00:00\" \/>\n<meta property=\"og:image\" content=\"https:\/\/jamnica.company\/wp-content\/uploads\/elementor\/thumbs\/FORT_MG-Mivela-Hero-pa7akz4o4iagttp92ddejb3p8c2s0rg1napxtx3b40.jpg\" \/>\n<meta name=\"twitter:card\" content=\"summary_large_image\" \/>\n<meta name=\"twitter:label1\" content=\"Est. reading time\" \/>\n\t<meta name=\"twitter:data1\" content=\"2 minutes\" \/>\n<script type=\"application\/ld+json\" class=\"yoast-schema-graph\">{\"@context\":\"https:\/\/schema.org\",\"@graph\":[{\"@type\":[\"WebPage\",\"AboutPage\"],\"@id\":\"https:\/\/jamnica.company\/nasi-brendovi\/mg-mivela\/\",\"url\":\"https:\/\/jamnica.company\/nasi-brendovi\/mg-mivela\/\",\"name\":\"MG MIVELA - Jamnica plus\",\"isPartOf\":{\"@id\":\"https:\/\/jamnica.company\/#website\"},\"primaryImageOfPage\":{\"@id\":\"https:\/\/jamnica.company\/nasi-brendovi\/mg-mivela\/#primaryimage\"},\"image\":{\"@id\":\"https:\/\/jamnica.company\/nasi-brendovi\/mg-mivela\/#primaryimage\"},\"thumbnailUrl\":\"https:\/\/jamnica.company\/wp-content\/uploads\/elementor\/thumbs\/FORT_MG-Mivela-Hero-pa7akz4o4iagttp92ddejb3p8c2s0rg1napxtx3b40.jpg\",\"datePublished\":\"2021-04-02T07:28:08+00:00\",\"dateModified\":\"2021-08-23T06:13:23+00:00\",\"description\":\"Jamnica je idealno pi\u0107e uz svaki obrok, a sada vas mo\u017ee spojiti s idealnim receptima. Jede li vam se mo\u017eda GLAVNO JELO ili DESERT?Jamnica ima upravo ono \u0161to vam treba.\",\"breadcrumb\":{\"@id\":\"https:\/\/jamnica.company\/nasi-brendovi\/mg-mivela\/#breadcrumb\"},\"inLanguage\":\"en-US\",\"potentialAction\":[{\"@type\":\"ReadAction\",\"target\":[\"https:\/\/jamnica.company\/nasi-brendovi\/mg-mivela\/\"]}]},{\"@type\":\"ImageObject\",\"inLanguage\":\"en-US\",\"@id\":\"https:\/\/jamnica.company\/nasi-brendovi\/mg-mivela\/#primaryimage\",\"url\":\"https:\/\/jamnica.company\/wp-content\/uploads\/elementor\/thumbs\/FORT_MG-Mivela-Hero-pa7akz4o4iagttp92ddejb3p8c2s0rg1napxtx3b40.jpg\",\"contentUrl\":\"https:\/\/jamnica.company\/wp-content\/uploads\/elementor\/thumbs\/FORT_MG-Mivela-Hero-pa7akz4o4iagttp92ddejb3p8c2s0rg1napxtx3b40.jpg\"},{\"@type\":\"BreadcrumbList\",\"@id\":\"https:\/\/jamnica.company\/nasi-brendovi\/mg-mivela\/#breadcrumb\",\"itemListElement\":[{\"@type\":\"ListItem\",\"position\":1,\"name\":\"Po\u010detna stranica\",\"item\":\"https:\/\/jamnica.company\/\"},{\"@type\":\"ListItem\",\"position\":2,\"name\":\"We are the producer and distributor of leading brands in Croatia and the region\",\"item\":\"https:\/\/jamnica.company\/nasi-brendovi\/\"},{\"@type\":\"ListItem\",\"position\":3,\"name\":\"MG MIVELA\"}]},{\"@type\":\"WebSite\",\"@id\":\"https:\/\/jamnica.company\/#website\",\"url\":\"https:\/\/jamnica.company\/\",\"name\":\"Jamnica plus\",\"description\":\"Jamnica plus\",\"publisher\":{\"@id\":\"https:\/\/jamnica.company\/#organization\"},\"potentialAction\":[{\"@type\":\"SearchAction\",\"target\":{\"@type\":\"EntryPoint\",\"urlTemplate\":\"https:\/\/jamnica.company\/?s={search_term_string}\"},\"query-input\":{\"@type\":\"PropertyValueSpecification\",\"valueRequired\":true,\"valueName\":\"search_term_string\"}}],\"inLanguage\":\"en-US\"},{\"@type\":\"Organization\",\"@id\":\"https:\/\/jamnica.company\/#organization\",\"name\":\"Jamnica plus\",\"url\":\"https:\/\/jamnica.company\/\",\"logo\":{\"@type\":\"ImageObject\",\"inLanguage\":\"en-US\",\"@id\":\"https:\/\/jamnica.company\/#\/schema\/logo\/image\/\",\"url\":\"https:\/\/jamnica.company\/wp-content\/uploads\/2021\/04\/jamnica.png\",\"contentUrl\":\"https:\/\/jamnica.company\/wp-content\/uploads\/2021\/04\/jamnica.png\",\"width\":512,\"height\":512,\"caption\":\"Jamnica plus\"},\"image\":{\"@id\":\"https:\/\/jamnica.company\/#\/schema\/logo\/image\/\"},\"sameAs\":[\"https:\/\/www.linkedin.com\/company\/jamnica\/\"]}]}<\/script>\n<!-- \/ Yoast SEO plugin. -->","yoast_head_json":{"title":"MG MIVELA - Jamnica plus","description":"Jamnica je idealno pi\u0107e uz svaki obrok, a sada vas mo\u017ee spojiti s idealnim receptima. Jede li vam se mo\u017eda GLAVNO JELO ili DESERT?Jamnica ima upravo ono \u0161to vam treba.","robots":{"index":"index","follow":"follow","max-snippet":"max-snippet:-1","max-image-preview":"max-image-preview:large","max-video-preview":"max-video-preview:-1"},"canonical":"https:\/\/jamnica.company\/nasi-brendovi\/mg-mivela\/","og_locale":"en_US","og_type":"article","og_title":"MG MIVELA - Jamnica plus","og_description":"Jamnica je idealno pi\u0107e uz svaki obrok, a sada vas mo\u017ee spojiti s idealnim receptima. Jede li vam se mo\u017eda GLAVNO JELO ili DESERT?Jamnica ima upravo ono \u0161to vam treba.","og_url":"https:\/\/jamnica.company\/nasi-brendovi\/mg-mivela\/","og_site_name":"Jamnica plus","article_modified_time":"2021-08-23T06:13:23+00:00","og_image":[{"url":"https:\/\/jamnica.company\/wp-content\/uploads\/elementor\/thumbs\/FORT_MG-Mivela-Hero-pa7akz4o4iagttp92ddejb3p8c2s0rg1napxtx3b40.jpg","type":"","width":"","height":""}],"twitter_card":"summary_large_image","twitter_misc":{"Est. reading time":"2 minutes"},"schema":{"@context":"https:\/\/schema.org","@graph":[{"@type":["WebPage","AboutPage"],"@id":"https:\/\/jamnica.company\/nasi-brendovi\/mg-mivela\/","url":"https:\/\/jamnica.company\/nasi-brendovi\/mg-mivela\/","name":"MG MIVELA - Jamnica plus","isPartOf":{"@id":"https:\/\/jamnica.company\/#website"},"primaryImageOfPage":{"@id":"https:\/\/jamnica.company\/nasi-brendovi\/mg-mivela\/#primaryimage"},"image":{"@id":"https:\/\/jamnica.company\/nasi-brendovi\/mg-mivela\/#primaryimage"},"thumbnailUrl":"https:\/\/jamnica.company\/wp-content\/uploads\/elementor\/thumbs\/FORT_MG-Mivela-Hero-pa7akz4o4iagttp92ddejb3p8c2s0rg1napxtx3b40.jpg","datePublished":"2021-04-02T07:28:08+00:00","dateModified":"2021-08-23T06:13:23+00:00","description":"Jamnica je idealno pi\u0107e uz svaki obrok, a sada vas mo\u017ee spojiti s idealnim receptima. Jede li vam se mo\u017eda GLAVNO JELO ili DESERT?Jamnica ima upravo ono \u0161to vam treba.","breadcrumb":{"@id":"https:\/\/jamnica.company\/nasi-brendovi\/mg-mivela\/#breadcrumb"},"inLanguage":"en-US","potentialAction":[{"@type":"ReadAction","target":["https:\/\/jamnica.company\/nasi-brendovi\/mg-mivela\/"]}]},{"@type":"ImageObject","inLanguage":"en-US","@id":"https:\/\/jamnica.company\/nasi-brendovi\/mg-mivela\/#primaryimage","url":"https:\/\/jamnica.company\/wp-content\/uploads\/elementor\/thumbs\/FORT_MG-Mivela-Hero-pa7akz4o4iagttp92ddejb3p8c2s0rg1napxtx3b40.jpg","contentUrl":"https:\/\/jamnica.company\/wp-content\/uploads\/elementor\/thumbs\/FORT_MG-Mivela-Hero-pa7akz4o4iagttp92ddejb3p8c2s0rg1napxtx3b40.jpg"},{"@type":"BreadcrumbList","@id":"https:\/\/jamnica.company\/nasi-brendovi\/mg-mivela\/#breadcrumb","itemListElement":[{"@type":"ListItem","position":1,"name":"Po\u010detna stranica","item":"https:\/\/jamnica.company\/"},{"@type":"ListItem","position":2,"name":"We are the producer and distributor of leading brands in Croatia and the region","item":"https:\/\/jamnica.company\/nasi-brendovi\/"},{"@type":"ListItem","position":3,"name":"MG MIVELA"}]},{"@type":"WebSite","@id":"https:\/\/jamnica.company\/#website","url":"https:\/\/jamnica.company\/","name":"Jamnica plus","description":"Jamnica plus","publisher":{"@id":"https:\/\/jamnica.company\/#organization"},"potentialAction":[{"@type":"SearchAction","target":{"@type":"EntryPoint","urlTemplate":"https:\/\/jamnica.company\/?s={search_term_string}"},"query-input":{"@type":"PropertyValueSpecification","valueRequired":true,"valueName":"search_term_string"}}],"inLanguage":"en-US"},{"@type":"Organization","@id":"https:\/\/jamnica.company\/#organization","name":"Jamnica plus","url":"https:\/\/jamnica.company\/","logo":{"@type":"ImageObject","inLanguage":"en-US","@id":"https:\/\/jamnica.company\/#\/schema\/logo\/image\/","url":"https:\/\/jamnica.company\/wp-content\/uploads\/2021\/04\/jamnica.png","contentUrl":"https:\/\/jamnica.company\/wp-content\/uploads\/2021\/04\/jamnica.png","width":512,"height":512,"caption":"Jamnica plus"},"image":{"@id":"https:\/\/jamnica.company\/#\/schema\/logo\/image\/"},"sameAs":["https:\/\/www.linkedin.com\/company\/jamnica\/"]}]}},"_links":{"self":[{"href":"https:\/\/jamnica.company\/en\/wp-json\/wp\/v2\/pages\/12492","targetHints":{"allow":["GET"]}}],"collection":[{"href":"https:\/\/jamnica.company\/en\/wp-json\/wp\/v2\/pages"}],"about":[{"href":"https:\/\/jamnica.company\/en\/wp-json\/wp\/v2\/types\/page"}],"author":[{"embeddable":true,"href":"https:\/\/jamnica.company\/en\/wp-json\/wp\/v2\/users\/1"}],"replies":[{"embeddable":true,"href":"https:\/\/jamnica.company\/en\/wp-json\/wp\/v2\/comments?post=12492"}],"version-history":[{"count":8,"href":"https:\/\/jamnica.company\/en\/wp-json\/wp\/v2\/pages\/12492\/revisions"}],"predecessor-version":[{"id":13292,"href":"https:\/\/jamnica.company\/en\/wp-json\/wp\/v2\/pages\/12492\/revisions\/13292"}],"up":[{"embeddable":true,"href":"https:\/\/jamnica.company\/en\/wp-json\/wp\/v2\/pages\/12429"}],"wp:attachment":[{"href":"https:\/\/jamnica.company\/en\/wp-json\/wp\/v2\/media?parent=12492"}],"curies":[{"name":"wp","href":"https:\/\/api.w.org\/{rel}","templated":true}]}}