{"id":12507,"date":"2021-04-02T09:24:34","date_gmt":"2021-04-02T09:24:34","guid":{"rendered":"https:\/\/jamnica.company\/our-brands\/sara\/"},"modified":"2024-03-25T15:10:36","modified_gmt":"2024-03-25T15:10:36","slug":"sara","status":"publish","type":"page","link":"https:\/\/jamnica.company\/en\/our-brands\/sara\/","title":{"rendered":"SARA"},"content":{"rendered":"\t\t<div data-elementor-type=\"wp-page\" data-elementor-id=\"12507\" class=\"elementor elementor-12507 elementor-8234\" data-elementor-post-type=\"page\">\n\t\t\t\t\t\t<section class=\"elementor-section elementor-top-section elementor-element elementor-element-566e50a5 elementor-section-content-middle qodef-elementor-content-grid single-brend-blok elementor-section-boxed elementor-section-height-default elementor-section-height-default\" data-id=\"566e50a5\" data-element_type=\"section\" data-e-type=\"section\">\n\t\t\t\t\t\t<div class=\"elementor-container elementor-column-gap-default\">\n\t\t\t\t\t<div class=\"elementor-column elementor-col-50 elementor-top-column elementor-element elementor-element-516625ed single-brend-img-column\" data-id=\"516625ed\" data-element_type=\"column\" data-e-type=\"column\">\n\t\t\t<div class=\"elementor-widget-wrap elementor-element-populated\">\n\t\t\t\t\t\t<div class=\"elementor-element elementor-element-345c1f47 elementor-widget elementor-widget-image\" data-id=\"345c1f47\" data-element_type=\"widget\" data-e-type=\"widget\" data-widget_type=\"image.default\">\n\t\t\t\t<div class=\"elementor-widget-container\">\n\t\t\t\t\t\t\t\t\t\t\t\t\t\t\t<img decoding=\"async\" src=\"https:\/\/jamnica.company\/wp-content\/uploads\/elementor\/thumbs\/FORT_Sara-Hero-qlqj1ozpw1isr4iq4n5qi46g0js6ylro3p1yfc99uk.jpg\" title=\"FORT_Sara-Hero\" alt=\"FORT_Sara-Hero\" loading=\"lazy\" \/>\t\t\t\t\t\t\t\t\t\t\t\t\t\t\t<\/div>\n\t\t\t\t<\/div>\n\t\t\t\t<div class=\"elementor-element elementor-element-9b63fc4 elementor-widget elementor-widget-image\" data-id=\"9b63fc4\" data-element_type=\"widget\" data-e-type=\"widget\" data-widget_type=\"image.default\">\n\t\t\t\t<div class=\"elementor-widget-container\">\n\t\t\t\t\t\t\t\t\t\t\t\t\t\t\t<img decoding=\"async\" src=\"https:\/\/jamnica.company\/wp-content\/uploads\/elementor\/thumbs\/FORT_Sara-Okus-2-qlqj1qve9pldecfztnyzn3pd7bixdzz4rycxdw6hi4.jpg\" title=\"FORT_Sara-Okus-2\" alt=\"FORT_Sara-Okus-2\" loading=\"lazy\" \/>\t\t\t\t\t\t\t\t\t\t\t\t\t\t\t<\/div>\n\t\t\t\t<\/div>\n\t\t\t\t<div class=\"elementor-element elementor-element-3791eb34 elementor-widget elementor-widget-image\" data-id=\"3791eb34\" data-element_type=\"widget\" data-e-type=\"widget\" data-widget_type=\"image.default\">\n\t\t\t\t<div class=\"elementor-widget-container\">\n\t\t\t\t\t\t\t\t\t\t\t\t\t\t\t<img decoding=\"async\" src=\"https:\/\/jamnica.company\/wp-content\/uploads\/elementor\/thumbs\/FORT_Sara-Range-qlqj1rt8gjmnpyemo6dm7lgtspealp2v430ev653bw.jpg\" title=\"FORT_Sara-Range\" alt=\"FORT_Sara-Range\" loading=\"lazy\" \/>\t\t\t\t\t\t\t\t\t\t\t\t\t\t\t<\/div>\n\t\t\t\t<\/div>\n\t\t\t\t\t<\/div>\n\t\t<\/div>\n\t\t\t\t<div class=\"elementor-column elementor-col-50 elementor-top-column elementor-element elementor-element-48810984 brendovi-single-fixed sticky-parent\" data-id=\"48810984\" data-element_type=\"column\" data-e-type=\"column\">\n\t\t\t<div class=\"elementor-widget-wrap elementor-element-populated\">\n\t\t\t\t\t\t<section class=\"elementor-section elementor-inner-section elementor-element elementor-element-f9f9023 sticky-column elementor-section-boxed elementor-section-height-default elementor-section-height-default qodef-elementor-content-no\" data-id=\"f9f9023\" data-element_type=\"section\" data-e-type=\"section\">\n\t\t\t\t\t\t<div class=\"elementor-container elementor-column-gap-default\">\n\t\t\t\t\t<div class=\"elementor-column elementor-col-100 elementor-inner-column elementor-element elementor-element-353942bd\" data-id=\"353942bd\" data-element_type=\"column\" data-e-type=\"column\">\n\t\t\t<div class=\"elementor-widget-wrap elementor-element-populated\">\n\t\t\t\t\t\t<div class=\"elementor-element elementor-element-e696bf6 elementor-widget__width-initial elementor-widget-tablet__width-initial onama-opis elementor-widget elementor-widget-text-editor\" data-id=\"e696bf6\" data-element_type=\"widget\" data-e-type=\"widget\" data-widget_type=\"text-editor.default\">\n\t\t\t\t<div class=\"elementor-widget-container\">\n\t\t\t\t\t\t\t\t\t<p><span style=\"font-weight: 400;\">SARA is a non-carbonated natural mineral water which came to life from the pure and intact hilly landscape of central Bosnia. Controlled origin, impeccable purity and a balanced mineral composition with low sodium content \u2013 are the principal features of the SARA water. With the help of state-of-the-art technology, and protected from outside influences, Sara travels from the source to each bottle, making sure it is delivered to you in its original purity.<\/span><\/p>\t\t\t\t\t\t\t\t<\/div>\n\t\t\t\t<\/div>\n\t\t\t\t<div class=\"elementor-element elementor-element-10ff1861 elementor-widget__width-initial elementor-widget-tablet__width-initial brendovi-single-podnaslov elementor-widget elementor-widget-text-editor\" data-id=\"10ff1861\" data-element_type=\"widget\" data-e-type=\"widget\" data-widget_type=\"text-editor.default\">\n\t\t\t\t<div class=\"elementor-widget-container\">\n\t\t\t\t\t\t\t\t\t<p><strong style=\"color: #005444;\">Category:<\/strong><\/p>\t\t\t\t\t\t\t\t<\/div>\n\t\t\t\t<\/div>\n\t\t\t\t<div class=\"elementor-element elementor-element-72b4f3d0 elementor-widget__width-initial elementor-widget-tablet__width-initial onama-opis elementor-widget elementor-widget-text-editor\" data-id=\"72b4f3d0\" data-element_type=\"widget\" data-e-type=\"widget\" data-widget_type=\"text-editor.default\">\n\t\t\t\t<div class=\"elementor-widget-container\">\n\t\t\t\t\t\t\t\t\t<p><span style=\"font-weight: 400;\">Non-carbonated natural mineral water<\/span><\/p>\t\t\t\t\t\t\t\t<\/div>\n\t\t\t\t<\/div>\n\t\t\t\t<div class=\"elementor-element elementor-element-6ac424cd elementor-widget__width-initial elementor-widget-tablet__width-initial brendovi-single-podnaslov elementor-widget elementor-widget-text-editor\" data-id=\"6ac424cd\" data-element_type=\"widget\" data-e-type=\"widget\" data-widget_type=\"text-editor.default\">\n\t\t\t\t<div class=\"elementor-widget-container\">\n\t\t\t\t\t\t\t\t\t<p><strong style=\"color: #005444;\">Some things to remember:<\/strong><\/p>\t\t\t\t\t\t\t\t<\/div>\n\t\t\t\t<\/div>\n\t\t\t\t<div class=\"elementor-element elementor-element-66d12708 elementor-widget__width-initial elementor-widget-tablet__width-initial onama-opis elementor-widget elementor-widget-text-editor\" data-id=\"66d12708\" data-element_type=\"widget\" data-e-type=\"widget\" data-widget_type=\"text-editor.default\">\n\t\t\t\t<div class=\"elementor-widget-container\">\n\t\t\t\t\t\t\t\t\t<p><span style=\"font-weight: 400;\">\u2022 a balanced mineral composition<\/span><span style=\"font-weight: 400;\"><br \/><\/span><span style=\"font-weight: 400;\">\u2022 low sodium content<\/span><span style=\"font-weight: 400;\"><br \/><\/span><span style=\"font-weight: 400;\">\u2022 a light and fresh flavour gives you a feeling of freshness on any occasion<\/span><\/p>\t\t\t\t\t\t\t\t<\/div>\n\t\t\t\t<\/div>\n\t\t\t\t<div class=\"elementor-element elementor-element-23b593ae elementor-widget-tablet__width-initial brendovi-single-podnaslov elementor-widget elementor-widget-text-editor\" data-id=\"23b593ae\" data-element_type=\"widget\" data-e-type=\"widget\" data-widget_type=\"text-editor.default\">\n\t\t\t\t<div class=\"elementor-widget-container\">\n\t\t\t\t\t\t\t\t\t<p><strong style=\"color: #005444;\">Get to know Sara:<\/strong><\/p>\t\t\t\t\t\t\t\t<\/div>\n\t\t\t\t<\/div>\n\t\t\t\t<div class=\"elementor-element elementor-element-5ddb9eed elementor-widget__width-auto elementor-widget elementor-widget-borgholm_core_icon\" data-id=\"5ddb9eed\" data-element_type=\"widget\" data-e-type=\"widget\" data-widget_type=\"borgholm_core_icon.default\">\n\t\t\t\t<div class=\"elementor-widget-container\">\n\t\t\t\t\t<span class=\"qodef-shortcode qodef-m  qodef-icon-holder qodef-size--tiny   qodef-layout--circle\" data-hover-border-color=\"#005444\" style=\"background-color: #FFFFFF;border-style: solid;border-color: #0000001A;border-width: 1px;line-height: calc(2em - 2px)\">\n\t\t\t<a itemprop=\"url\" href=\"https:\/\/www.facebook.com\/sara.prirodnavoda\/\" target=\"_blank\">\n            <span class=\"qodef-icon-elegant-icons social_facebook qodef-icon qodef-e\" style=\"color: #000000\" ><\/span>                    <\/a>\n\t<\/span>\t\t\t\t<\/div>\n\t\t\t\t<\/div>\n\t\t\t\t<div class=\"elementor-element elementor-element-2ab53d0b elementor-widget__width-auto elementor-widget elementor-widget-borgholm_core_icon\" data-id=\"2ab53d0b\" data-element_type=\"widget\" data-e-type=\"widget\" data-widget_type=\"borgholm_core_icon.default\">\n\t\t\t\t<div class=\"elementor-widget-container\">\n\t\t\t\t\t<span class=\"qodef-shortcode qodef-m  qodef-icon-holder qodef-size--tiny   qodef-layout--circle\" data-hover-border-color=\"#005444\" style=\"background-color: #FFFFFF;border-style: solid;border-color: #0000001A;border-width: 1px;line-height: calc(2em - 2px)\">\n\t\t\t<a itemprop=\"url\" href=\"https:\/\/www.instagram.com\/sara_prirodna_voda\/?hl=hr\" target=\"_blank\">\n            <span class=\"qodef-icon-font-awesome fab fa-instagram qodef-icon qodef-e\" style=\"color: #000000\" ><\/span>                    <\/a>\n\t<\/span>\t\t\t\t<\/div>\n\t\t\t\t<\/div>\n\t\t\t\t\t<\/div>\n\t\t<\/div>\n\t\t\t\t\t<\/div>\n\t\t<\/section>\n\t\t\t\t\t<\/div>\n\t\t<\/div>\n\t\t\t\t\t<\/div>\n\t\t<\/section>\n\t\t\t\t<section class=\"elementor-section elementor-top-section elementor-element elementor-element-1f8ae7c2 qodef-elementor-content-grid elementor-hidden-desktop elementor-hidden-tablet elementor-hidden-phone elementor-section-boxed elementor-section-height-default elementor-section-height-default\" data-id=\"1f8ae7c2\" data-element_type=\"section\" data-e-type=\"section\" data-settings=\"{&quot;background_background&quot;:&quot;classic&quot;}\">\n\t\t\t\t\t\t<div class=\"elementor-container elementor-column-gap-default\">\n\t\t\t\t\t<div class=\"elementor-column elementor-col-100 elementor-top-column elementor-element elementor-element-2d0e9dc2\" data-id=\"2d0e9dc2\" data-element_type=\"column\" data-e-type=\"column\">\n\t\t\t<div class=\"elementor-widget-wrap elementor-element-populated\">\n\t\t\t\t\t\t<div class=\"elementor-element elementor-element-ec2df64 elementor-widget elementor-widget-borgholm_core_section_title\" data-id=\"ec2df64\" data-element_type=\"widget\" data-e-type=\"widget\" data-widget_type=\"borgholm_core_section_title.default\">\n\t\t\t\t<div class=\"elementor-widget-container\">\n\t\t\t\t\t<div class=\"qodef-shortcode qodef-m home-newsletter-title qodef-section-title qodef-alignment--center   \">\n\t\t\t<h3 class=\"qodef-m-title\" style=\"color: #FFFFFE\">\n\t\t\t\t\tPretplatite se na na\u0161 newsletter\t\t\t<\/h3>\n\t\t<\/div>\t\t\t\t<\/div>\n\t\t\t\t<\/div>\n\t\t\t\t<div class=\"elementor-element elementor-element-25aa9aed elementor-widget elementor-widget-wp-widget-borgholm_core_contact_form_7\" data-id=\"25aa9aed\" data-element_type=\"widget\" data-e-type=\"widget\" data-widget_type=\"wp-widget-borgholm_core_contact_form_7.default\">\n\t\t\t\t<div class=\"elementor-widget-container\">\n\t\t\t\t\t\t\t\t<div class=\"qodef-contact-form-7 home-newsletter\">\n\t\t\t\t\n<div class=\"wpcf7 no-js\" id=\"wpcf7-f449-o1\" lang=\"en-US\" dir=\"ltr\" data-wpcf7-id=\"449\">\n<div class=\"screen-reader-response\"><p role=\"status\" aria-live=\"polite\" aria-atomic=\"true\"><\/p> <ul><\/ul><\/div>\n<form action=\"\/en\/wp-json\/wp\/v2\/pages\/12507#wpcf7-f449-o1\" method=\"post\" class=\"wpcf7-form init\" aria-label=\"Contact form\" novalidate=\"novalidate\" data-status=\"init\">\n<fieldset class=\"hidden-fields-container\"><input type=\"hidden\" name=\"_wpcf7\" value=\"449\" \/><input type=\"hidden\" name=\"_wpcf7_version\" value=\"6.1.5\" \/><input type=\"hidden\" name=\"_wpcf7_locale\" value=\"en_US\" \/><input type=\"hidden\" name=\"_wpcf7_unit_tag\" value=\"wpcf7-f449-o1\" \/><input type=\"hidden\" name=\"_wpcf7_container_post\" value=\"0\" \/><input type=\"hidden\" name=\"_wpcf7_posted_data_hash\" value=\"\" \/><input type=\"hidden\" name=\"_wpcf7cf_hidden_group_fields\" value=\"[]\" \/><input type=\"hidden\" name=\"_wpcf7cf_hidden_groups\" value=\"[]\" \/><input type=\"hidden\" name=\"_wpcf7cf_visible_groups\" value=\"[]\" \/><input type=\"hidden\" name=\"_wpcf7cf_repeaters\" value=\"[]\" \/><input type=\"hidden\" name=\"_wpcf7cf_steps\" value=\"{}\" \/><input type=\"hidden\" name=\"_wpcf7cf_options\" value=\"{&quot;form_id&quot;:449,&quot;conditions&quot;:[],&quot;settings&quot;:{&quot;animation&quot;:&quot;yes&quot;,&quot;animation_intime&quot;:200,&quot;animation_outtime&quot;:200,&quot;conditions_ui&quot;:&quot;normal&quot;,&quot;notice_dismissed&quot;:false,&quot;notice_dismissed_update-cf7-5.6.3&quot;:true,&quot;notice_dismissed_update-cf7-5.6.4&quot;:true}}\" \/>\n<\/fieldset>\n<div class=\"qodef-subscribe-form\">\n\t<p><span class=\"wpcf7-form-control-wrap\" data-name=\"your-email\"><input size=\"40\" maxlength=\"400\" class=\"wpcf7-form-control wpcf7-email wpcf7-validates-as-required wpcf7-text wpcf7-validates-as-email\" aria-required=\"true\" aria-invalid=\"false\" placeholder=\"Add mail and Subscribe\" value=\"\" type=\"email\" name=\"your-email\" \/><\/span><br \/>\n<button type=\"submit\" class=\"wpcf7-form-control wpcf7-submit qodef-button qodef-m qodef-subscribe-icon\"><\/button>\n\t<\/p>\n<\/div><div class=\"wpcf7-response-output\" aria-hidden=\"true\"><\/div>\n<\/form>\n<\/div>\n\t\t\t<\/div>\n\t\t\t\t\t\t\t<\/div>\n\t\t\t\t<\/div>\n\t\t\t\t\t<\/div>\n\t\t<\/div>\n\t\t\t\t\t<\/div>\n\t\t<\/section>\n\t\t\t\t<\/div>\n\t\t","protected":false},"excerpt":{"rendered":"<p>SARA is a non-carbonated natural mineral water which came to life from the pure and intact hilly landscape of central Bosnia. Controlled origin, impeccable purity and a balanced mineral composition with low sodium content \u2013 are the principal features of the SARA water. With the help of state-of-the-art technology, and protected from outside influences, Sara [&hellip;]<\/p>\n","protected":false},"author":1,"featured_media":0,"parent":12429,"menu_order":0,"comment_status":"closed","ping_status":"closed","template":"page-full-width.php","meta":{"_acf_changed":false,"footnotes":"","_links_to":"","_links_to_target":""},"class_list":["post-12507","page","type-page","status-publish","hentry"],"acf":[],"yoast_head":"<!-- This site is optimized with the Yoast SEO plugin v26.8 - https:\/\/yoast.com\/product\/yoast-seo-wordpress\/ -->\n<title>SARA - Jamnica plus<\/title>\n<meta name=\"description\" content=\"Jamnica je idealno pi\u0107e uz svaki obrok, a sada vas mo\u017ee spojiti s idealnim receptima. Jede li vam se mo\u017eda GLAVNO JELO ili DESERT?Jamnica ima upravo ono \u0161to vam treba.\" \/>\n<meta name=\"robots\" content=\"index, follow, max-snippet:-1, max-image-preview:large, max-video-preview:-1\" \/>\n<link rel=\"canonical\" href=\"https:\/\/jamnica.company\/nasi-brendovi\/sara\/\" \/>\n<meta property=\"og:locale\" content=\"en_US\" \/>\n<meta property=\"og:type\" content=\"article\" \/>\n<meta property=\"og:title\" content=\"SARA - Jamnica plus\" \/>\n<meta property=\"og:description\" content=\"Jamnica je idealno pi\u0107e uz svaki obrok, a sada vas mo\u017ee spojiti s idealnim receptima. Jede li vam se mo\u017eda GLAVNO JELO ili DESERT?Jamnica ima upravo ono \u0161to vam treba.\" \/>\n<meta property=\"og:url\" content=\"https:\/\/jamnica.company\/nasi-brendovi\/sara\/\" \/>\n<meta property=\"og:site_name\" content=\"Jamnica plus\" \/>\n<meta property=\"article:modified_time\" content=\"2024-03-25T15:10:36+00:00\" \/>\n<meta property=\"og:image\" content=\"https:\/\/jamnica.company\/wp-content\/uploads\/elementor\/thumbs\/FORT_Sara-Hero-qlqj1ozpw1isr4iq4n5qi46g0js6ylro3p1y4x61vk.jpg\" \/>\n<meta name=\"twitter:card\" content=\"summary_large_image\" \/>\n<meta name=\"twitter:label1\" content=\"Est. reading time\" \/>\n\t<meta name=\"twitter:data1\" content=\"2 minutes\" \/>\n<script type=\"application\/ld+json\" class=\"yoast-schema-graph\">{\"@context\":\"https:\/\/schema.org\",\"@graph\":[{\"@type\":[\"WebPage\",\"AboutPage\"],\"@id\":\"https:\/\/jamnica.company\/nasi-brendovi\/sara\/\",\"url\":\"https:\/\/jamnica.company\/nasi-brendovi\/sara\/\",\"name\":\"SARA - Jamnica plus\",\"isPartOf\":{\"@id\":\"https:\/\/jamnica.company\/#website\"},\"primaryImageOfPage\":{\"@id\":\"https:\/\/jamnica.company\/nasi-brendovi\/sara\/#primaryimage\"},\"image\":{\"@id\":\"https:\/\/jamnica.company\/nasi-brendovi\/sara\/#primaryimage\"},\"thumbnailUrl\":\"https:\/\/jamnica.company\/wp-content\/uploads\/elementor\/thumbs\/FORT_Sara-Hero-qlqj1ozpw1isr4iq4n5qi46g0js6ylro3p1y4x61vk.jpg\",\"datePublished\":\"2021-04-02T09:24:34+00:00\",\"dateModified\":\"2024-03-25T15:10:36+00:00\",\"description\":\"Jamnica je idealno pi\u0107e uz svaki obrok, a sada vas mo\u017ee spojiti s idealnim receptima. Jede li vam se mo\u017eda GLAVNO JELO ili DESERT?Jamnica ima upravo ono \u0161to vam treba.\",\"breadcrumb\":{\"@id\":\"https:\/\/jamnica.company\/nasi-brendovi\/sara\/#breadcrumb\"},\"inLanguage\":\"en-US\",\"potentialAction\":[{\"@type\":\"ReadAction\",\"target\":[\"https:\/\/jamnica.company\/nasi-brendovi\/sara\/\"]}]},{\"@type\":\"ImageObject\",\"inLanguage\":\"en-US\",\"@id\":\"https:\/\/jamnica.company\/nasi-brendovi\/sara\/#primaryimage\",\"url\":\"https:\/\/jamnica.company\/wp-content\/uploads\/elementor\/thumbs\/FORT_Sara-Hero-qlqj1ozpw1isr4iq4n5qi46g0js6ylro3p1y4x61vk.jpg\",\"contentUrl\":\"https:\/\/jamnica.company\/wp-content\/uploads\/elementor\/thumbs\/FORT_Sara-Hero-qlqj1ozpw1isr4iq4n5qi46g0js6ylro3p1y4x61vk.jpg\"},{\"@type\":\"BreadcrumbList\",\"@id\":\"https:\/\/jamnica.company\/nasi-brendovi\/sara\/#breadcrumb\",\"itemListElement\":[{\"@type\":\"ListItem\",\"position\":1,\"name\":\"Po\u010detna stranica\",\"item\":\"https:\/\/jamnica.company\/\"},{\"@type\":\"ListItem\",\"position\":2,\"name\":\"We are the producer and distributor of leading brands in Croatia and the region\",\"item\":\"https:\/\/jamnica.company\/nasi-brendovi\/\"},{\"@type\":\"ListItem\",\"position\":3,\"name\":\"SARA\"}]},{\"@type\":\"WebSite\",\"@id\":\"https:\/\/jamnica.company\/#website\",\"url\":\"https:\/\/jamnica.company\/\",\"name\":\"Jamnica plus\",\"description\":\"Jamnica plus\",\"publisher\":{\"@id\":\"https:\/\/jamnica.company\/#organization\"},\"potentialAction\":[{\"@type\":\"SearchAction\",\"target\":{\"@type\":\"EntryPoint\",\"urlTemplate\":\"https:\/\/jamnica.company\/?s={search_term_string}\"},\"query-input\":{\"@type\":\"PropertyValueSpecification\",\"valueRequired\":true,\"valueName\":\"search_term_string\"}}],\"inLanguage\":\"en-US\"},{\"@type\":\"Organization\",\"@id\":\"https:\/\/jamnica.company\/#organization\",\"name\":\"Jamnica plus\",\"url\":\"https:\/\/jamnica.company\/\",\"logo\":{\"@type\":\"ImageObject\",\"inLanguage\":\"en-US\",\"@id\":\"https:\/\/jamnica.company\/#\/schema\/logo\/image\/\",\"url\":\"https:\/\/jamnica.company\/wp-content\/uploads\/2021\/04\/jamnica.png\",\"contentUrl\":\"https:\/\/jamnica.company\/wp-content\/uploads\/2021\/04\/jamnica.png\",\"width\":512,\"height\":512,\"caption\":\"Jamnica plus\"},\"image\":{\"@id\":\"https:\/\/jamnica.company\/#\/schema\/logo\/image\/\"},\"sameAs\":[\"https:\/\/www.linkedin.com\/company\/jamnica\/\"]}]}<\/script>\n<!-- \/ Yoast SEO plugin. -->","yoast_head_json":{"title":"SARA - Jamnica plus","description":"Jamnica je idealno pi\u0107e uz svaki obrok, a sada vas mo\u017ee spojiti s idealnim receptima. Jede li vam se mo\u017eda GLAVNO JELO ili DESERT?Jamnica ima upravo ono \u0161to vam treba.","robots":{"index":"index","follow":"follow","max-snippet":"max-snippet:-1","max-image-preview":"max-image-preview:large","max-video-preview":"max-video-preview:-1"},"canonical":"https:\/\/jamnica.company\/nasi-brendovi\/sara\/","og_locale":"en_US","og_type":"article","og_title":"SARA - Jamnica plus","og_description":"Jamnica je idealno pi\u0107e uz svaki obrok, a sada vas mo\u017ee spojiti s idealnim receptima. Jede li vam se mo\u017eda GLAVNO JELO ili DESERT?Jamnica ima upravo ono \u0161to vam treba.","og_url":"https:\/\/jamnica.company\/nasi-brendovi\/sara\/","og_site_name":"Jamnica plus","article_modified_time":"2024-03-25T15:10:36+00:00","og_image":[{"url":"https:\/\/jamnica.company\/wp-content\/uploads\/elementor\/thumbs\/FORT_Sara-Hero-qlqj1ozpw1isr4iq4n5qi46g0js6ylro3p1y4x61vk.jpg","type":"","width":"","height":""}],"twitter_card":"summary_large_image","twitter_misc":{"Est. reading time":"2 minutes"},"schema":{"@context":"https:\/\/schema.org","@graph":[{"@type":["WebPage","AboutPage"],"@id":"https:\/\/jamnica.company\/nasi-brendovi\/sara\/","url":"https:\/\/jamnica.company\/nasi-brendovi\/sara\/","name":"SARA - Jamnica plus","isPartOf":{"@id":"https:\/\/jamnica.company\/#website"},"primaryImageOfPage":{"@id":"https:\/\/jamnica.company\/nasi-brendovi\/sara\/#primaryimage"},"image":{"@id":"https:\/\/jamnica.company\/nasi-brendovi\/sara\/#primaryimage"},"thumbnailUrl":"https:\/\/jamnica.company\/wp-content\/uploads\/elementor\/thumbs\/FORT_Sara-Hero-qlqj1ozpw1isr4iq4n5qi46g0js6ylro3p1y4x61vk.jpg","datePublished":"2021-04-02T09:24:34+00:00","dateModified":"2024-03-25T15:10:36+00:00","description":"Jamnica je idealno pi\u0107e uz svaki obrok, a sada vas mo\u017ee spojiti s idealnim receptima. Jede li vam se mo\u017eda GLAVNO JELO ili DESERT?Jamnica ima upravo ono \u0161to vam treba.","breadcrumb":{"@id":"https:\/\/jamnica.company\/nasi-brendovi\/sara\/#breadcrumb"},"inLanguage":"en-US","potentialAction":[{"@type":"ReadAction","target":["https:\/\/jamnica.company\/nasi-brendovi\/sara\/"]}]},{"@type":"ImageObject","inLanguage":"en-US","@id":"https:\/\/jamnica.company\/nasi-brendovi\/sara\/#primaryimage","url":"https:\/\/jamnica.company\/wp-content\/uploads\/elementor\/thumbs\/FORT_Sara-Hero-qlqj1ozpw1isr4iq4n5qi46g0js6ylro3p1y4x61vk.jpg","contentUrl":"https:\/\/jamnica.company\/wp-content\/uploads\/elementor\/thumbs\/FORT_Sara-Hero-qlqj1ozpw1isr4iq4n5qi46g0js6ylro3p1y4x61vk.jpg"},{"@type":"BreadcrumbList","@id":"https:\/\/jamnica.company\/nasi-brendovi\/sara\/#breadcrumb","itemListElement":[{"@type":"ListItem","position":1,"name":"Po\u010detna stranica","item":"https:\/\/jamnica.company\/"},{"@type":"ListItem","position":2,"name":"We are the producer and distributor of leading brands in Croatia and the region","item":"https:\/\/jamnica.company\/nasi-brendovi\/"},{"@type":"ListItem","position":3,"name":"SARA"}]},{"@type":"WebSite","@id":"https:\/\/jamnica.company\/#website","url":"https:\/\/jamnica.company\/","name":"Jamnica plus","description":"Jamnica plus","publisher":{"@id":"https:\/\/jamnica.company\/#organization"},"potentialAction":[{"@type":"SearchAction","target":{"@type":"EntryPoint","urlTemplate":"https:\/\/jamnica.company\/?s={search_term_string}"},"query-input":{"@type":"PropertyValueSpecification","valueRequired":true,"valueName":"search_term_string"}}],"inLanguage":"en-US"},{"@type":"Organization","@id":"https:\/\/jamnica.company\/#organization","name":"Jamnica plus","url":"https:\/\/jamnica.company\/","logo":{"@type":"ImageObject","inLanguage":"en-US","@id":"https:\/\/jamnica.company\/#\/schema\/logo\/image\/","url":"https:\/\/jamnica.company\/wp-content\/uploads\/2021\/04\/jamnica.png","contentUrl":"https:\/\/jamnica.company\/wp-content\/uploads\/2021\/04\/jamnica.png","width":512,"height":512,"caption":"Jamnica plus"},"image":{"@id":"https:\/\/jamnica.company\/#\/schema\/logo\/image\/"},"sameAs":["https:\/\/www.linkedin.com\/company\/jamnica\/"]}]}},"_links":{"self":[{"href":"https:\/\/jamnica.company\/en\/wp-json\/wp\/v2\/pages\/12507","targetHints":{"allow":["GET"]}}],"collection":[{"href":"https:\/\/jamnica.company\/en\/wp-json\/wp\/v2\/pages"}],"about":[{"href":"https:\/\/jamnica.company\/en\/wp-json\/wp\/v2\/types\/page"}],"author":[{"embeddable":true,"href":"https:\/\/jamnica.company\/en\/wp-json\/wp\/v2\/users\/1"}],"replies":[{"embeddable":true,"href":"https:\/\/jamnica.company\/en\/wp-json\/wp\/v2\/comments?post=12507"}],"version-history":[{"count":11,"href":"https:\/\/jamnica.company\/en\/wp-json\/wp\/v2\/pages\/12507\/revisions"}],"predecessor-version":[{"id":16233,"href":"https:\/\/jamnica.company\/en\/wp-json\/wp\/v2\/pages\/12507\/revisions\/16233"}],"up":[{"embeddable":true,"href":"https:\/\/jamnica.company\/en\/wp-json\/wp\/v2\/pages\/12429"}],"wp:attachment":[{"href":"https:\/\/jamnica.company\/en\/wp-json\/wp\/v2\/media?parent=12507"}],"curies":[{"name":"wp","href":"https:\/\/api.w.org\/{rel}","templated":true}]}}