{"id":12535,"date":"2021-04-02T10:01:45","date_gmt":"2021-04-02T10:01:45","guid":{"rendered":"https:\/\/jamnica.company\/our-brands\/sky-cola\/"},"modified":"2021-08-23T06:16:59","modified_gmt":"2021-08-23T06:16:59","slug":"sky-cola","status":"publish","type":"page","link":"https:\/\/jamnica.company\/en\/our-brands\/sky-cola\/","title":{"rendered":"SKY COLA"},"content":{"rendered":"\t\t<div data-elementor-type=\"wp-page\" data-elementor-id=\"12535\" class=\"elementor elementor-12535 elementor-8336\" data-elementor-post-type=\"page\">\n\t\t\t\t\t\t<section class=\"elementor-section elementor-top-section elementor-element elementor-element-5be7571e elementor-section-content-middle qodef-elementor-content-grid single-brend-blok elementor-section-boxed elementor-section-height-default elementor-section-height-default\" data-id=\"5be7571e\" data-element_type=\"section\" data-e-type=\"section\">\n\t\t\t\t\t\t<div class=\"elementor-container elementor-column-gap-default\">\n\t\t\t\t\t<div class=\"elementor-column elementor-col-50 elementor-top-column elementor-element elementor-element-4a66db29 single-brend-img-column\" data-id=\"4a66db29\" data-element_type=\"column\" data-e-type=\"column\">\n\t\t\t<div class=\"elementor-widget-wrap elementor-element-populated\">\n\t\t\t\t\t\t<div class=\"elementor-element elementor-element-6977a509 elementor-widget elementor-widget-image\" data-id=\"6977a509\" data-element_type=\"widget\" data-e-type=\"widget\" data-widget_type=\"image.default\">\n\t\t\t\t<div class=\"elementor-widget-container\">\n\t\t\t\t\t\t\t\t\t\t\t\t\t\t\t<img decoding=\"async\" src=\"https:\/\/jamnica.company\/wp-content\/uploads\/elementor\/thumbs\/FORT_Sky-Cola-Hero-pa7avxwvuxawa1rt140pmjhaq60xtmzb5kpvojx6ho.jpg\" title=\"FORT_Sky Cola &#8211; Hero\" alt=\"FORT_Sky Cola - Hero\" loading=\"lazy\" \/>\t\t\t\t\t\t\t\t\t\t\t\t\t\t\t<\/div>\n\t\t\t\t<\/div>\n\t\t\t\t<div class=\"elementor-element elementor-element-7dc18c46 elementor-widget elementor-widget-image\" data-id=\"7dc18c46\" data-element_type=\"widget\" data-e-type=\"widget\" data-widget_type=\"image.default\">\n\t\t\t\t<div class=\"elementor-widget-container\">\n\t\t\t\t\t\t\t\t\t\t\t\t\t\t\t<img decoding=\"async\" src=\"https:\/\/jamnica.company\/wp-content\/uploads\/elementor\/thumbs\/FORT_Sky-Cola-Okusi-pa7avzsk8ldgx9p2q4tyrj07wxro916rtu0un3ue58.jpg\" title=\"FORT_Sky Cola &#8211; Okusi\" alt=\"FORT_Sky Cola - Okusi\" loading=\"lazy\" \/>\t\t\t\t\t\t\t\t\t\t\t\t\t\t\t<\/div>\n\t\t\t\t<\/div>\n\t\t\t\t<div class=\"elementor-element elementor-element-2aa66db8 elementor-widget elementor-widget-image\" data-id=\"2aa66db8\" data-element_type=\"widget\" data-e-type=\"widget\" data-widget_type=\"image.default\">\n\t\t\t\t<div class=\"elementor-widget-container\">\n\t\t\t\t\t\t\t\t\t\t\t\t\t\t\t<img decoding=\"async\" src=\"https:\/\/jamnica.company\/wp-content\/uploads\/elementor\/thumbs\/FORT_Sky-Cola-Range-pa7avpgc5ezbdk43eid2i3m5dp6mwd1q4euid29q1o.jpg\" title=\"FORT_Sky Cola &#8211; Range\" alt=\"FORT_Sky Cola - Range\" loading=\"lazy\" \/>\t\t\t\t\t\t\t\t\t\t\t\t\t\t\t<\/div>\n\t\t\t\t<\/div>\n\t\t\t\t\t<\/div>\n\t\t<\/div>\n\t\t\t\t<div class=\"elementor-column elementor-col-50 elementor-top-column elementor-element elementor-element-35527931 brendovi-single-fixed sticky-parent\" data-id=\"35527931\" data-element_type=\"column\" data-e-type=\"column\">\n\t\t\t<div class=\"elementor-widget-wrap elementor-element-populated\">\n\t\t\t\t\t\t<section class=\"elementor-section elementor-inner-section elementor-element elementor-element-7e410cef sticky-column elementor-section-boxed elementor-section-height-default elementor-section-height-default qodef-elementor-content-no\" data-id=\"7e410cef\" data-element_type=\"section\" data-e-type=\"section\">\n\t\t\t\t\t\t<div class=\"elementor-container elementor-column-gap-default\">\n\t\t\t\t\t<div class=\"elementor-column elementor-col-100 elementor-inner-column elementor-element elementor-element-ce906e2\" data-id=\"ce906e2\" data-element_type=\"column\" data-e-type=\"column\">\n\t\t\t<div class=\"elementor-widget-wrap elementor-element-populated\">\n\t\t\t\t\t\t<div class=\"elementor-element elementor-element-561bb072 elementor-widget__width-initial elementor-widget-tablet__width-initial onama-opis elementor-widget elementor-widget-text-editor\" data-id=\"561bb072\" data-element_type=\"widget\" data-e-type=\"widget\" data-widget_type=\"text-editor.default\">\n\t\t\t\t<div class=\"elementor-widget-container\">\n\t\t\t\t\t\t\t\t\t<p><span style=\"font-weight: 400;\">Sky drinks are refreshing carbonated soft drinks made from plant extract. The refreshing carbonated Sky drinks are available in three flavours: Cola, Orange and Lemon. Their unique flavour will prove to be an ideal refreshment on every occasion.<\/span><\/p>\t\t\t\t\t\t\t\t<\/div>\n\t\t\t\t<\/div>\n\t\t\t\t<div class=\"elementor-element elementor-element-65538c71 elementor-widget__width-initial elementor-widget-tablet__width-initial brendovi-single-podnaslov elementor-widget elementor-widget-text-editor\" data-id=\"65538c71\" data-element_type=\"widget\" data-e-type=\"widget\" data-widget_type=\"text-editor.default\">\n\t\t\t\t<div class=\"elementor-widget-container\">\n\t\t\t\t\t\t\t\t\t<p><strong style=\"color: #005444;\">Category:<\/strong><\/p>\t\t\t\t\t\t\t\t<\/div>\n\t\t\t\t<\/div>\n\t\t\t\t<div class=\"elementor-element elementor-element-5fe1a14e elementor-widget__width-initial elementor-widget-tablet__width-initial onama-opis elementor-widget elementor-widget-text-editor\" data-id=\"5fe1a14e\" data-element_type=\"widget\" data-e-type=\"widget\" data-widget_type=\"text-editor.default\">\n\t\t\t\t<div class=\"elementor-widget-container\">\n\t\t\t\t\t\t\t\t\t<p><span style=\"font-weight: 400;\">Refreshing carbonated soft drinks<\/span><\/p>\t\t\t\t\t\t\t\t<\/div>\n\t\t\t\t<\/div>\n\t\t\t\t<div class=\"elementor-element elementor-element-c1f7193 elementor-widget__width-initial elementor-widget-tablet__width-initial brendovi-single-podnaslov elementor-widget elementor-widget-text-editor\" data-id=\"c1f7193\" data-element_type=\"widget\" data-e-type=\"widget\" data-widget_type=\"text-editor.default\">\n\t\t\t\t<div class=\"elementor-widget-container\">\n\t\t\t\t\t\t\t\t\t<p><strong style=\"color: #005444;\">Some things to remember:<\/strong><\/p>\t\t\t\t\t\t\t\t<\/div>\n\t\t\t\t<\/div>\n\t\t\t\t<div class=\"elementor-element elementor-element-10526eb3 elementor-widget__width-initial elementor-widget-tablet__width-initial onama-opis elementor-widget elementor-widget-text-editor\" data-id=\"10526eb3\" data-element_type=\"widget\" data-e-type=\"widget\" data-widget_type=\"text-editor.default\">\n\t\t\t\t<div class=\"elementor-widget-container\">\n\t\t\t\t\t\t\t\t\t<p><span style=\"font-weight: 400;\">\u2022 the taste of Cola was made according to the original American recipe<\/span><span style=\"font-weight: 400;\"><br \/><\/span><span style=\"font-weight: 400;\">\u2022 the tastes of orange and lemon were made from fruit bases which contain concentrated orange and lemon juices with no artificial sweeteners added<\/span><\/p>\t\t\t\t\t\t\t\t<\/div>\n\t\t\t\t<\/div>\n\t\t\t\t<div class=\"elementor-element elementor-element-3c8356c4 elementor-widget-tablet__width-initial brendovi-single-podnaslov elementor-widget elementor-widget-text-editor\" data-id=\"3c8356c4\" data-element_type=\"widget\" data-e-type=\"widget\" data-widget_type=\"text-editor.default\">\n\t\t\t\t<div class=\"elementor-widget-container\">\n\t\t\t\t\t\t\t\t\t<p><strong style=\"color: #005444;\">Get to know Sky Cola:<\/strong><\/p>\t\t\t\t\t\t\t\t<\/div>\n\t\t\t\t<\/div>\n\t\t\t\t<div class=\"elementor-element elementor-element-262cac16 elementor-widget__width-auto elementor-widget elementor-widget-borgholm_core_icon\" data-id=\"262cac16\" data-element_type=\"widget\" data-e-type=\"widget\" data-widget_type=\"borgholm_core_icon.default\">\n\t\t\t\t<div class=\"elementor-widget-container\">\n\t\t\t\t\t<span class=\"qodef-shortcode qodef-m  qodef-icon-holder qodef-size--tiny   qodef-layout--circle\" data-hover-border-color=\"#005444\" style=\"background-color: #FFFFFF;border-style: solid;border-color: #0000001A;border-width: 1px;line-height: calc(2em - 2px)\">\n\t\t\t<a itemprop=\"url\" href=\"http:\/\/www.skycola.hr\/\" target=\"_blank\">\n            <span class=\"qodef-icon-elegant-icons icon_globe-2 qodef-icon qodef-e\" style=\"color: #000000\" ><\/span>                    <\/a>\n\t<\/span>\t\t\t\t<\/div>\n\t\t\t\t<\/div>\n\t\t\t\t<div class=\"elementor-element elementor-element-638962b5 elementor-widget__width-auto elementor-widget elementor-widget-borgholm_core_icon\" data-id=\"638962b5\" data-element_type=\"widget\" data-e-type=\"widget\" data-widget_type=\"borgholm_core_icon.default\">\n\t\t\t\t<div class=\"elementor-widget-container\">\n\t\t\t\t\t<span class=\"qodef-shortcode qodef-m  qodef-icon-holder qodef-size--tiny   qodef-layout--circle\" data-hover-border-color=\"#005444\" style=\"background-color: #FFFFFF;border-style: solid;border-color: #0000001A;border-width: 1px;line-height: calc(2em - 2px)\">\n\t\t\t<a itemprop=\"url\" href=\"https:\/\/www.facebook.com\/SkyColaDrink\/\" target=\"_blank\">\n            <span class=\"qodef-icon-elegant-icons social_facebook qodef-icon qodef-e\" style=\"color: #000000\" ><\/span>                    <\/a>\n\t<\/span>\t\t\t\t<\/div>\n\t\t\t\t<\/div>\n\t\t\t\t<div class=\"elementor-element elementor-element-6c56acb2 elementor-widget__width-auto elementor-widget elementor-widget-borgholm_core_icon\" data-id=\"6c56acb2\" data-element_type=\"widget\" data-e-type=\"widget\" data-widget_type=\"borgholm_core_icon.default\">\n\t\t\t\t<div class=\"elementor-widget-container\">\n\t\t\t\t\t<span class=\"qodef-shortcode qodef-m  qodef-icon-holder qodef-size--tiny   qodef-layout--circle\" data-hover-border-color=\"#005444\" style=\"background-color: #FFFFFF;border-style: solid;border-color: #0000001A;border-width: 1px;line-height: calc(2em - 2px)\">\n\t\t\t<a itemprop=\"url\" href=\"https:\/\/www.instagram.com\/skycola\/?hl=en%20\" target=\"_blank\">\n            <span class=\"qodef-icon-font-awesome fab fa-instagram qodef-icon qodef-e\" style=\"color: #000000\" ><\/span>                    <\/a>\n\t<\/span>\t\t\t\t<\/div>\n\t\t\t\t<\/div>\n\t\t\t\t<div class=\"elementor-element elementor-element-54eb4536 elementor-widget__width-auto elementor-widget elementor-widget-borgholm_core_icon\" data-id=\"54eb4536\" data-element_type=\"widget\" data-e-type=\"widget\" data-widget_type=\"borgholm_core_icon.default\">\n\t\t\t\t<div class=\"elementor-widget-container\">\n\t\t\t\t\t<span class=\"qodef-shortcode qodef-m  qodef-icon-holder qodef-size--tiny   qodef-layout--circle\" data-hover-border-color=\"#005444\" style=\"background-color: #FFFFFF;border-style: solid;border-color: #0000001A;border-width: 1px;line-height: calc(2em - 2px)\">\n\t\t\t<a itemprop=\"url\" href=\"https:\/\/www.youtube.com\/channel\/UCNv8PDQ2SfztarZt6PPehzQ\" target=\"_blank\">\n            <span class=\"qodef-icon-elegant-icons social_youtube qodef-icon qodef-e\" style=\"color: #000000\" ><\/span>                    <\/a>\n\t<\/span>\t\t\t\t<\/div>\n\t\t\t\t<\/div>\n\t\t\t\t\t<\/div>\n\t\t<\/div>\n\t\t\t\t\t<\/div>\n\t\t<\/section>\n\t\t\t\t\t<\/div>\n\t\t<\/div>\n\t\t\t\t\t<\/div>\n\t\t<\/section>\n\t\t\t\t<section class=\"elementor-section elementor-top-section elementor-element elementor-element-2437b39e qodef-elementor-content-grid elementor-hidden-desktop elementor-hidden-tablet elementor-hidden-phone elementor-section-boxed elementor-section-height-default elementor-section-height-default\" data-id=\"2437b39e\" data-element_type=\"section\" data-e-type=\"section\" data-settings=\"{&quot;background_background&quot;:&quot;classic&quot;}\">\n\t\t\t\t\t\t<div class=\"elementor-container elementor-column-gap-default\">\n\t\t\t\t\t<div class=\"elementor-column elementor-col-100 elementor-top-column elementor-element elementor-element-2cabb78\" data-id=\"2cabb78\" data-element_type=\"column\" data-e-type=\"column\">\n\t\t\t<div class=\"elementor-widget-wrap elementor-element-populated\">\n\t\t\t\t\t\t<div class=\"elementor-element elementor-element-5f879eb4 elementor-widget elementor-widget-borgholm_core_section_title\" data-id=\"5f879eb4\" data-element_type=\"widget\" data-e-type=\"widget\" data-widget_type=\"borgholm_core_section_title.default\">\n\t\t\t\t<div class=\"elementor-widget-container\">\n\t\t\t\t\t<div class=\"qodef-shortcode qodef-m home-newsletter-title qodef-section-title qodef-alignment--center   \">\n\t\t\t<h3 class=\"qodef-m-title\" style=\"color: #FFFFFE\">\n\t\t\t\t\tPretplatite se na na\u0161 newsletter\t\t\t<\/h3>\n\t\t<\/div>\t\t\t\t<\/div>\n\t\t\t\t<\/div>\n\t\t\t\t<div class=\"elementor-element elementor-element-81b703b elementor-widget elementor-widget-wp-widget-borgholm_core_contact_form_7\" data-id=\"81b703b\" data-element_type=\"widget\" data-e-type=\"widget\" data-widget_type=\"wp-widget-borgholm_core_contact_form_7.default\">\n\t\t\t\t<div class=\"elementor-widget-container\">\n\t\t\t\t\t\t\t\t<div class=\"qodef-contact-form-7 home-newsletter\">\n\t\t\t\t\n<div class=\"wpcf7 no-js\" id=\"wpcf7-f449-o1\" lang=\"en-US\" dir=\"ltr\" data-wpcf7-id=\"449\">\n<div class=\"screen-reader-response\"><p role=\"status\" aria-live=\"polite\" aria-atomic=\"true\"><\/p> <ul><\/ul><\/div>\n<form action=\"\/en\/wp-json\/wp\/v2\/pages\/12535#wpcf7-f449-o1\" method=\"post\" class=\"wpcf7-form init\" aria-label=\"Contact form\" novalidate=\"novalidate\" data-status=\"init\">\n<fieldset class=\"hidden-fields-container\"><input type=\"hidden\" name=\"_wpcf7\" value=\"449\" \/><input type=\"hidden\" name=\"_wpcf7_version\" value=\"6.1.5\" \/><input type=\"hidden\" name=\"_wpcf7_locale\" value=\"en_US\" \/><input type=\"hidden\" name=\"_wpcf7_unit_tag\" value=\"wpcf7-f449-o1\" \/><input type=\"hidden\" name=\"_wpcf7_container_post\" value=\"0\" \/><input type=\"hidden\" name=\"_wpcf7_posted_data_hash\" value=\"\" \/><input type=\"hidden\" name=\"_wpcf7cf_hidden_group_fields\" value=\"[]\" \/><input type=\"hidden\" name=\"_wpcf7cf_hidden_groups\" value=\"[]\" \/><input type=\"hidden\" name=\"_wpcf7cf_visible_groups\" value=\"[]\" \/><input type=\"hidden\" name=\"_wpcf7cf_repeaters\" value=\"[]\" \/><input type=\"hidden\" name=\"_wpcf7cf_steps\" value=\"{}\" \/><input type=\"hidden\" name=\"_wpcf7cf_options\" value=\"{&quot;form_id&quot;:449,&quot;conditions&quot;:[],&quot;settings&quot;:{&quot;animation&quot;:&quot;yes&quot;,&quot;animation_intime&quot;:200,&quot;animation_outtime&quot;:200,&quot;conditions_ui&quot;:&quot;normal&quot;,&quot;notice_dismissed&quot;:false,&quot;notice_dismissed_update-cf7-5.6.3&quot;:true,&quot;notice_dismissed_update-cf7-5.6.4&quot;:true}}\" \/>\n<\/fieldset>\n<div class=\"qodef-subscribe-form\">\n\t<p><span class=\"wpcf7-form-control-wrap\" data-name=\"your-email\"><input size=\"40\" maxlength=\"400\" class=\"wpcf7-form-control wpcf7-email wpcf7-validates-as-required wpcf7-text wpcf7-validates-as-email\" aria-required=\"true\" aria-invalid=\"false\" placeholder=\"Add mail and Subscribe\" value=\"\" type=\"email\" name=\"your-email\" \/><\/span><br \/>\n<button type=\"submit\" class=\"wpcf7-form-control wpcf7-submit qodef-button qodef-m qodef-subscribe-icon\"><\/button>\n\t<\/p>\n<\/div><div class=\"wpcf7-response-output\" aria-hidden=\"true\"><\/div>\n<\/form>\n<\/div>\n\t\t\t<\/div>\n\t\t\t\t\t\t\t<\/div>\n\t\t\t\t<\/div>\n\t\t\t\t\t<\/div>\n\t\t<\/div>\n\t\t\t\t\t<\/div>\n\t\t<\/section>\n\t\t\t\t<\/div>\n\t\t","protected":false},"excerpt":{"rendered":"<p>Sky drinks are refreshing carbonated soft drinks made from plant extract. The refreshing carbonated Sky drinks are available in three flavours: Cola, Orange and Lemon. Their unique flavour will prove to be an ideal refreshment on every occasion. Category: Refreshing carbonated soft drinks Some things to remember: \u2022 the taste of Cola was made according [&hellip;]<\/p>\n","protected":false},"author":1,"featured_media":0,"parent":12429,"menu_order":0,"comment_status":"closed","ping_status":"closed","template":"page-full-width.php","meta":{"_acf_changed":false,"footnotes":"","_links_to":"","_links_to_target":""},"class_list":["post-12535","page","type-page","status-publish","hentry"],"acf":[],"yoast_head":"<!-- This site is optimized with the Yoast SEO plugin v26.8 - https:\/\/yoast.com\/product\/yoast-seo-wordpress\/ -->\n<title>SKY COLA - Jamnica plus<\/title>\n<meta name=\"description\" content=\"Jamnica je idealno pi\u0107e uz svaki obrok, a sada vas mo\u017ee spojiti s idealnim receptima. Jede li vam se mo\u017eda GLAVNO JELO ili DESERT?Jamnica ima upravo ono \u0161to vam treba.\" \/>\n<meta name=\"robots\" content=\"index, follow, max-snippet:-1, max-image-preview:large, max-video-preview:-1\" \/>\n<link rel=\"canonical\" href=\"https:\/\/jamnica.company\/nasi-brendovi\/sky-cola\/\" \/>\n<meta property=\"og:locale\" content=\"en_US\" \/>\n<meta property=\"og:type\" content=\"article\" \/>\n<meta property=\"og:title\" content=\"SKY COLA - Jamnica plus\" \/>\n<meta property=\"og:description\" content=\"Jamnica je idealno pi\u0107e uz svaki obrok, a sada vas mo\u017ee spojiti s idealnim receptima. Jede li vam se mo\u017eda GLAVNO JELO ili DESERT?Jamnica ima upravo ono \u0161to vam treba.\" \/>\n<meta property=\"og:url\" content=\"https:\/\/jamnica.company\/nasi-brendovi\/sky-cola\/\" \/>\n<meta property=\"og:site_name\" content=\"Jamnica plus\" \/>\n<meta property=\"article:modified_time\" content=\"2021-08-23T06:16:59+00:00\" \/>\n<meta property=\"og:image\" content=\"https:\/\/jamnica.company\/wp-content\/uploads\/elementor\/thumbs\/FORT_Sky-Cola-Hero-pa7avxwvuxawa1rt140pmjhaq60xtmzb5kpve4tyio.jpg\" \/>\n<meta name=\"twitter:card\" content=\"summary_large_image\" \/>\n<meta name=\"twitter:label1\" content=\"Est. reading time\" \/>\n\t<meta name=\"twitter:data1\" content=\"1 minute\" \/>\n<script type=\"application\/ld+json\" class=\"yoast-schema-graph\">{\"@context\":\"https:\/\/schema.org\",\"@graph\":[{\"@type\":[\"WebPage\",\"AboutPage\"],\"@id\":\"https:\/\/jamnica.company\/nasi-brendovi\/sky-cola\/\",\"url\":\"https:\/\/jamnica.company\/nasi-brendovi\/sky-cola\/\",\"name\":\"SKY COLA - Jamnica plus\",\"isPartOf\":{\"@id\":\"https:\/\/jamnica.company\/#website\"},\"primaryImageOfPage\":{\"@id\":\"https:\/\/jamnica.company\/nasi-brendovi\/sky-cola\/#primaryimage\"},\"image\":{\"@id\":\"https:\/\/jamnica.company\/nasi-brendovi\/sky-cola\/#primaryimage\"},\"thumbnailUrl\":\"https:\/\/jamnica.company\/wp-content\/uploads\/elementor\/thumbs\/FORT_Sky-Cola-Hero-pa7avxwvuxawa1rt140pmjhaq60xtmzb5kpve4tyio.jpg\",\"datePublished\":\"2021-04-02T10:01:45+00:00\",\"dateModified\":\"2021-08-23T06:16:59+00:00\",\"description\":\"Jamnica je idealno pi\u0107e uz svaki obrok, a sada vas mo\u017ee spojiti s idealnim receptima. Jede li vam se mo\u017eda GLAVNO JELO ili DESERT?Jamnica ima upravo ono \u0161to vam treba.\",\"breadcrumb\":{\"@id\":\"https:\/\/jamnica.company\/nasi-brendovi\/sky-cola\/#breadcrumb\"},\"inLanguage\":\"en-US\",\"potentialAction\":[{\"@type\":\"ReadAction\",\"target\":[\"https:\/\/jamnica.company\/nasi-brendovi\/sky-cola\/\"]}]},{\"@type\":\"ImageObject\",\"inLanguage\":\"en-US\",\"@id\":\"https:\/\/jamnica.company\/nasi-brendovi\/sky-cola\/#primaryimage\",\"url\":\"https:\/\/jamnica.company\/wp-content\/uploads\/elementor\/thumbs\/FORT_Sky-Cola-Hero-pa7avxwvuxawa1rt140pmjhaq60xtmzb5kpve4tyio.jpg\",\"contentUrl\":\"https:\/\/jamnica.company\/wp-content\/uploads\/elementor\/thumbs\/FORT_Sky-Cola-Hero-pa7avxwvuxawa1rt140pmjhaq60xtmzb5kpve4tyio.jpg\"},{\"@type\":\"BreadcrumbList\",\"@id\":\"https:\/\/jamnica.company\/nasi-brendovi\/sky-cola\/#breadcrumb\",\"itemListElement\":[{\"@type\":\"ListItem\",\"position\":1,\"name\":\"Po\u010detna stranica\",\"item\":\"https:\/\/jamnica.company\/\"},{\"@type\":\"ListItem\",\"position\":2,\"name\":\"We are the producer and distributor of leading brands in Croatia and the region\",\"item\":\"https:\/\/jamnica.company\/nasi-brendovi\/\"},{\"@type\":\"ListItem\",\"position\":3,\"name\":\"SKY COLA\"}]},{\"@type\":\"WebSite\",\"@id\":\"https:\/\/jamnica.company\/#website\",\"url\":\"https:\/\/jamnica.company\/\",\"name\":\"Jamnica plus\",\"description\":\"Jamnica plus\",\"publisher\":{\"@id\":\"https:\/\/jamnica.company\/#organization\"},\"potentialAction\":[{\"@type\":\"SearchAction\",\"target\":{\"@type\":\"EntryPoint\",\"urlTemplate\":\"https:\/\/jamnica.company\/?s={search_term_string}\"},\"query-input\":{\"@type\":\"PropertyValueSpecification\",\"valueRequired\":true,\"valueName\":\"search_term_string\"}}],\"inLanguage\":\"en-US\"},{\"@type\":\"Organization\",\"@id\":\"https:\/\/jamnica.company\/#organization\",\"name\":\"Jamnica plus\",\"url\":\"https:\/\/jamnica.company\/\",\"logo\":{\"@type\":\"ImageObject\",\"inLanguage\":\"en-US\",\"@id\":\"https:\/\/jamnica.company\/#\/schema\/logo\/image\/\",\"url\":\"https:\/\/jamnica.company\/wp-content\/uploads\/2021\/04\/jamnica.png\",\"contentUrl\":\"https:\/\/jamnica.company\/wp-content\/uploads\/2021\/04\/jamnica.png\",\"width\":512,\"height\":512,\"caption\":\"Jamnica plus\"},\"image\":{\"@id\":\"https:\/\/jamnica.company\/#\/schema\/logo\/image\/\"},\"sameAs\":[\"https:\/\/www.linkedin.com\/company\/jamnica\/\"]}]}<\/script>\n<!-- \/ Yoast SEO plugin. -->","yoast_head_json":{"title":"SKY COLA - Jamnica plus","description":"Jamnica je idealno pi\u0107e uz svaki obrok, a sada vas mo\u017ee spojiti s idealnim receptima. Jede li vam se mo\u017eda GLAVNO JELO ili DESERT?Jamnica ima upravo ono \u0161to vam treba.","robots":{"index":"index","follow":"follow","max-snippet":"max-snippet:-1","max-image-preview":"max-image-preview:large","max-video-preview":"max-video-preview:-1"},"canonical":"https:\/\/jamnica.company\/nasi-brendovi\/sky-cola\/","og_locale":"en_US","og_type":"article","og_title":"SKY COLA - Jamnica plus","og_description":"Jamnica je idealno pi\u0107e uz svaki obrok, a sada vas mo\u017ee spojiti s idealnim receptima. Jede li vam se mo\u017eda GLAVNO JELO ili DESERT?Jamnica ima upravo ono \u0161to vam treba.","og_url":"https:\/\/jamnica.company\/nasi-brendovi\/sky-cola\/","og_site_name":"Jamnica plus","article_modified_time":"2021-08-23T06:16:59+00:00","og_image":[{"url":"https:\/\/jamnica.company\/wp-content\/uploads\/elementor\/thumbs\/FORT_Sky-Cola-Hero-pa7avxwvuxawa1rt140pmjhaq60xtmzb5kpve4tyio.jpg","type":"","width":"","height":""}],"twitter_card":"summary_large_image","twitter_misc":{"Est. reading time":"1 minute"},"schema":{"@context":"https:\/\/schema.org","@graph":[{"@type":["WebPage","AboutPage"],"@id":"https:\/\/jamnica.company\/nasi-brendovi\/sky-cola\/","url":"https:\/\/jamnica.company\/nasi-brendovi\/sky-cola\/","name":"SKY COLA - Jamnica plus","isPartOf":{"@id":"https:\/\/jamnica.company\/#website"},"primaryImageOfPage":{"@id":"https:\/\/jamnica.company\/nasi-brendovi\/sky-cola\/#primaryimage"},"image":{"@id":"https:\/\/jamnica.company\/nasi-brendovi\/sky-cola\/#primaryimage"},"thumbnailUrl":"https:\/\/jamnica.company\/wp-content\/uploads\/elementor\/thumbs\/FORT_Sky-Cola-Hero-pa7avxwvuxawa1rt140pmjhaq60xtmzb5kpve4tyio.jpg","datePublished":"2021-04-02T10:01:45+00:00","dateModified":"2021-08-23T06:16:59+00:00","description":"Jamnica je idealno pi\u0107e uz svaki obrok, a sada vas mo\u017ee spojiti s idealnim receptima. Jede li vam se mo\u017eda GLAVNO JELO ili DESERT?Jamnica ima upravo ono \u0161to vam treba.","breadcrumb":{"@id":"https:\/\/jamnica.company\/nasi-brendovi\/sky-cola\/#breadcrumb"},"inLanguage":"en-US","potentialAction":[{"@type":"ReadAction","target":["https:\/\/jamnica.company\/nasi-brendovi\/sky-cola\/"]}]},{"@type":"ImageObject","inLanguage":"en-US","@id":"https:\/\/jamnica.company\/nasi-brendovi\/sky-cola\/#primaryimage","url":"https:\/\/jamnica.company\/wp-content\/uploads\/elementor\/thumbs\/FORT_Sky-Cola-Hero-pa7avxwvuxawa1rt140pmjhaq60xtmzb5kpve4tyio.jpg","contentUrl":"https:\/\/jamnica.company\/wp-content\/uploads\/elementor\/thumbs\/FORT_Sky-Cola-Hero-pa7avxwvuxawa1rt140pmjhaq60xtmzb5kpve4tyio.jpg"},{"@type":"BreadcrumbList","@id":"https:\/\/jamnica.company\/nasi-brendovi\/sky-cola\/#breadcrumb","itemListElement":[{"@type":"ListItem","position":1,"name":"Po\u010detna stranica","item":"https:\/\/jamnica.company\/"},{"@type":"ListItem","position":2,"name":"We are the producer and distributor of leading brands in Croatia and the region","item":"https:\/\/jamnica.company\/nasi-brendovi\/"},{"@type":"ListItem","position":3,"name":"SKY COLA"}]},{"@type":"WebSite","@id":"https:\/\/jamnica.company\/#website","url":"https:\/\/jamnica.company\/","name":"Jamnica plus","description":"Jamnica plus","publisher":{"@id":"https:\/\/jamnica.company\/#organization"},"potentialAction":[{"@type":"SearchAction","target":{"@type":"EntryPoint","urlTemplate":"https:\/\/jamnica.company\/?s={search_term_string}"},"query-input":{"@type":"PropertyValueSpecification","valueRequired":true,"valueName":"search_term_string"}}],"inLanguage":"en-US"},{"@type":"Organization","@id":"https:\/\/jamnica.company\/#organization","name":"Jamnica plus","url":"https:\/\/jamnica.company\/","logo":{"@type":"ImageObject","inLanguage":"en-US","@id":"https:\/\/jamnica.company\/#\/schema\/logo\/image\/","url":"https:\/\/jamnica.company\/wp-content\/uploads\/2021\/04\/jamnica.png","contentUrl":"https:\/\/jamnica.company\/wp-content\/uploads\/2021\/04\/jamnica.png","width":512,"height":512,"caption":"Jamnica plus"},"image":{"@id":"https:\/\/jamnica.company\/#\/schema\/logo\/image\/"},"sameAs":["https:\/\/www.linkedin.com\/company\/jamnica\/"]}]}},"_links":{"self":[{"href":"https:\/\/jamnica.company\/en\/wp-json\/wp\/v2\/pages\/12535","targetHints":{"allow":["GET"]}}],"collection":[{"href":"https:\/\/jamnica.company\/en\/wp-json\/wp\/v2\/pages"}],"about":[{"href":"https:\/\/jamnica.company\/en\/wp-json\/wp\/v2\/types\/page"}],"author":[{"embeddable":true,"href":"https:\/\/jamnica.company\/en\/wp-json\/wp\/v2\/users\/1"}],"replies":[{"embeddable":true,"href":"https:\/\/jamnica.company\/en\/wp-json\/wp\/v2\/comments?post=12535"}],"version-history":[{"count":8,"href":"https:\/\/jamnica.company\/en\/wp-json\/wp\/v2\/pages\/12535\/revisions"}],"predecessor-version":[{"id":13297,"href":"https:\/\/jamnica.company\/en\/wp-json\/wp\/v2\/pages\/12535\/revisions\/13297"}],"up":[{"embeddable":true,"href":"https:\/\/jamnica.company\/en\/wp-json\/wp\/v2\/pages\/12429"}],"wp:attachment":[{"href":"https:\/\/jamnica.company\/en\/wp-json\/wp\/v2\/media?parent=12535"}],"curies":[{"name":"wp","href":"https:\/\/api.w.org\/{rel}","templated":true}]}}