{"id":12820,"date":"2021-04-05T10:31:21","date_gmt":"2021-04-05T10:31:21","guid":{"rendered":"https:\/\/jamnica.company\/the-story-of-water\/water-and-health\/kako-gazirana-prirodna-mineralna-voda-potice-probavu\/"},"modified":"2021-07-08T13:15:33","modified_gmt":"2021-07-08T13:15:33","slug":"how-does-carbonated-natural-mineral-water-stimulate-digestion","status":"publish","type":"page","link":"https:\/\/jamnica.company\/en\/the-story-of-water\/water-and-health\/how-does-carbonated-natural-mineral-water-stimulate-digestion\/","title":{"rendered":"How does carbonated natural mineral water stimulate digestion?"},"content":{"rendered":"\t\t<div data-elementor-type=\"wp-page\" data-elementor-id=\"12820\" class=\"elementor elementor-12820 elementor-8686\" data-elementor-post-type=\"page\">\n\t\t\t\t\t\t<section class=\"elementor-section elementor-top-section elementor-element elementor-element-2b550377 elementor-section-content-middle qodef-elementor-content-grid prica-sticky-blok elementor-section-boxed elementor-section-height-default elementor-section-height-default\" data-id=\"2b550377\" data-element_type=\"section\" data-e-type=\"section\">\n\t\t\t\t\t\t<div class=\"elementor-container elementor-column-gap-default\">\n\t\t\t\t\t<div class=\"elementor-column elementor-col-50 elementor-top-column elementor-element elementor-element-1888cff4\" data-id=\"1888cff4\" data-element_type=\"column\" data-e-type=\"column\">\n\t\t\t<div class=\"elementor-widget-wrap elementor-element-populated\">\n\t\t\t\t\t\t<section class=\"elementor-section elementor-inner-section elementor-element elementor-element-0fcebf1 sticky-column elementor-section-boxed elementor-section-height-default elementor-section-height-default qodef-elementor-content-no\" data-id=\"0fcebf1\" data-element_type=\"section\" data-e-type=\"section\">\n\t\t\t\t\t\t<div class=\"elementor-container elementor-column-gap-default\">\n\t\t\t\t\t<div class=\"elementor-column elementor-col-100 elementor-inner-column elementor-element elementor-element-b92e603\" data-id=\"b92e603\" data-element_type=\"column\" data-e-type=\"column\">\n\t\t\t<div class=\"elementor-widget-wrap elementor-element-populated\">\n\t\t\t\t\t\t<div class=\"elementor-element elementor-element-31c3ba2c elementor-widget elementor-widget-image\" data-id=\"31c3ba2c\" data-element_type=\"widget\" data-e-type=\"widget\" data-widget_type=\"image.default\">\n\t\t\t\t<div class=\"elementor-widget-container\">\n\t\t\t\t\t\t\t\t\t\t\t\t\t\t\t<img decoding=\"async\" src=\"https:\/\/jamnica.company\/wp-content\/uploads\/elementor\/thumbs\/017A7511-scaled-p61bfjr7eh74ve50047yqr85r28qs0akbydtupo270.jpg\" title=\"Gazirana mineralna voda\" alt=\"pobolj\u0161anje probave, problemi s probavom, jamnica, gazirana voda\" loading=\"lazy\" \/>\t\t\t\t\t\t\t\t\t\t\t\t\t\t\t<\/div>\n\t\t\t\t<\/div>\n\t\t\t\t\t<\/div>\n\t\t<\/div>\n\t\t\t\t\t<\/div>\n\t\t<\/section>\n\t\t\t\t\t<\/div>\n\t\t<\/div>\n\t\t\t\t<div class=\"elementor-column elementor-col-50 elementor-top-column elementor-element elementor-element-26c82f76 brendovi-single-fixed sticky-parent\" data-id=\"26c82f76\" data-element_type=\"column\" data-e-type=\"column\">\n\t\t\t<div class=\"elementor-widget-wrap elementor-element-populated\">\n\t\t\t\t\t\t<section class=\"elementor-section elementor-inner-section elementor-element elementor-element-39e35e8f sticky-column elementor-section-boxed elementor-section-height-default elementor-section-height-default qodef-elementor-content-no\" data-id=\"39e35e8f\" data-element_type=\"section\" data-e-type=\"section\">\n\t\t\t\t\t\t<div class=\"elementor-container elementor-column-gap-default\">\n\t\t\t\t\t<div class=\"elementor-column elementor-col-100 elementor-inner-column elementor-element elementor-element-14338a6\" data-id=\"14338a6\" data-element_type=\"column\" data-e-type=\"column\">\n\t\t\t<div class=\"elementor-widget-wrap elementor-element-populated\">\n\t\t\t\t\t\t<div class=\"elementor-element elementor-element-31e80098 elementor-widget__width-initial prica-main-title elementor-widget elementor-widget-borgholm_core_section_title\" data-id=\"31e80098\" data-element_type=\"widget\" data-e-type=\"widget\" data-widget_type=\"borgholm_core_section_title.default\">\n\t\t\t\t<div class=\"elementor-widget-container\">\n\t\t\t\t\t<div class=\"qodef-shortcode qodef-m  qodef-section-title qodef-alignment--left   \">\n\t\t\t<h1 class=\"qodef-m-title\" >\n\t\t\t\t\tHow does carbonated natural mineral water stimulate digestion? \t\t\t<\/h1>\n\t\t<\/div>\t\t\t\t<\/div>\n\t\t\t\t<\/div>\n\t\t\t\t<div class=\"elementor-element elementor-element-002c678 elementor-widget__width-initial elementor-widget-tablet__width-initial brendovi-single-podnaslov elementor-widget elementor-widget-text-editor\" data-id=\"002c678\" data-element_type=\"widget\" data-e-type=\"widget\" data-widget_type=\"text-editor.default\">\n\t\t\t\t<div class=\"elementor-widget-container\">\n\t\t\t\t\t\t\t\t\t<b>The secret is in the composition <\/b>\t\t\t\t\t\t\t\t<\/div>\n\t\t\t\t<\/div>\n\t\t\t\t<div class=\"elementor-element elementor-element-14434258 elementor-widget__width-initial elementor-widget-tablet__width-initial onama-opis elementor-widget elementor-widget-text-editor\" data-id=\"14434258\" data-element_type=\"widget\" data-e-type=\"widget\" data-widget_type=\"text-editor.default\">\n\t\t\t\t<div class=\"elementor-widget-container\">\n\t\t\t\t\t\t\t\t\t<p><span class=\"NormalTextRun SCXW186995674 BCX0\">Carbonated natural mineral water contains minerals such as sodium, calcium, magnesium, chloride, bicarbonates (hydrogen carbonates), sulphates and others, while if it already naturally contains a certain amount of carbon dioxide at the place where it emerges, it is also called\u00a0<\/span><span class=\"SpellingError SCXW186995674 BCX0\">kiselica<\/span><span class=\"NormalTextRun SCXW186995674 BCX0\">\u00a0(sour mineral water)\u00a0<\/span><\/p><p><span class=\"TextRun  BCX0 SCXW118702371\" lang=\"EN-GB\" xml:lang=\"EN-GB\" data-contrast=\"auto\"><span class=\"NormalTextRun  BCX0 SCXW118702371\">The physical and chemical composition of natural mineral water, which represents a complex system of anions, cations, dissolved gasses and other elements sounds complicated for most people. However, it is precisely this composition that enables its specific effect on our body, and the beneficial effects of carbonated natural mineral water were discovered several centuries ago.\u00a0<\/span><\/span><span class=\"EOP  BCX0 SCXW118702371\" data-ccp-props=\"{}\">\u00a0<\/span><\/p>\t\t\t\t\t\t\t\t<\/div>\n\t\t\t\t<\/div>\n\t\t\t\t<div class=\"elementor-element elementor-element-72587522 elementor-widget__width-initial elementor-widget-tablet__width-initial brendovi-single-podnaslov elementor-widget elementor-widget-text-editor\" data-id=\"72587522\" data-element_type=\"widget\" data-e-type=\"widget\" data-widget_type=\"text-editor.default\">\n\t\t\t\t<div class=\"elementor-widget-container\">\n\t\t\t\t\t\t\t\t\t<b>No more feeling of heaviness in the stomach after meals <\/b>\t\t\t\t\t\t\t\t<\/div>\n\t\t\t\t<\/div>\n\t\t\t\t<div class=\"elementor-element elementor-element-2ba0bf0b elementor-widget__width-initial elementor-widget-tablet__width-initial onama-opis elementor-widget elementor-widget-text-editor\" data-id=\"2ba0bf0b\" data-element_type=\"widget\" data-e-type=\"widget\" data-widget_type=\"text-editor.default\">\n\t\t\t\t<div class=\"elementor-widget-container\">\n\t\t\t\t\t\t\t\t\t<p><span class=\"TextRun  BCX0 SCXW59638673\" lang=\"EN-GB\" xml:lang=\"EN-GB\" data-contrast=\"auto\"><span class=\"NormalTextRun  BCX0 SCXW59638673\">When it reaches the stomach, carbonated mineral water stimulates the excretion of stomach juices that are necessary for the normal breakdown of food. There\u2019s also the beneficial effect on gastric mobility and the normal emptying of the stomach.\u00a0<\/span><span class=\"ContextualSpellingAndGrammarError  BCX0 SCXW59638673\">Thus<\/span><span class=\"NormalTextRun  BCX0 SCXW59638673\">\u00a0food is transferred from the stomach into the small intestine at the appropriate pace. Digestive problems, such as the feeling of weight in the stomach after meals, may also be caused by the food staying in the stomach for too long.\u00a0<\/span><\/span><span class=\"EOP  BCX0 SCXW59638673\" data-ccp-props=\"{}\">\u00a0<\/span><\/p><p><span class=\"TextRun  BCX0 SCXW49680406\" lang=\"EN-GB\" xml:lang=\"EN-GB\" data-contrast=\"auto\"><span class=\"NormalTextRun  BCX0 SCXW49680406\">Moreover, carbonated natural mineral water can have a positive effect on the excretion of pancreatic digestive compounds and facilitate the liver and gallbladder function. This also stimulates the normal digestion of food in the small intestine, which is of particular importance after heavy and high-fat meals. Thanks to these effects on the digestive system, carbonated natural mineral water naturally facilitates digestion and makes you feel less bloated after meals.\u00a0 It should therefore be of no surprise that for centuries it has traditionally been linked to meals and enjoying food.\u00a0\u00a0<\/span><\/span><span class=\"EOP  BCX0 SCXW49680406\" data-ccp-props=\"{}\">\u00a0<\/span><\/p>\t\t\t\t\t\t\t\t<\/div>\n\t\t\t\t<\/div>\n\t\t\t\t<div class=\"elementor-element elementor-element-9fe4255 prica-o-vodi-next-ikona elementor-widget__width-initial elementor-widget elementor-widget-borgholm_core_icon\" data-id=\"9fe4255\" data-element_type=\"widget\" data-e-type=\"widget\" data-widget_type=\"borgholm_core_icon.default\">\n\t\t\t\t<div class=\"elementor-widget-container\">\n\t\t\t\t\t<span class=\"qodef-shortcode qodef-m  qodef-icon-holder qodef-size--large   qodef-layout--normal\"  >\n\t\t\t<a itemprop=\"url\" href=\"\/prica-o-vodi\/voda-i-zdravlje\/kako-smanjiti-rizik-od-kardiovaskularnih-bolesti\/\" target=\"_self\">\n            <span class=\"qodef-icon-elegant-icons arrow_right qodef-icon qodef-e\" style=\"color: #005444\" ><\/span>                    <\/a>\n\t<\/span>\t\t\t\t<\/div>\n\t\t\t\t<\/div>\n\t\t\t\t\t<\/div>\n\t\t<\/div>\n\t\t\t\t\t<\/div>\n\t\t<\/section>\n\t\t\t\t\t<\/div>\n\t\t<\/div>\n\t\t\t\t\t<\/div>\n\t\t<\/section>\n\t\t\t\t<section class=\"elementor-section elementor-top-section elementor-element elementor-element-4b1d8696 qodef-elementor-content-grid elementor-hidden-desktop elementor-hidden-tablet elementor-hidden-phone elementor-section-boxed elementor-section-height-default elementor-section-height-default\" data-id=\"4b1d8696\" data-element_type=\"section\" data-e-type=\"section\" data-settings=\"{&quot;background_background&quot;:&quot;classic&quot;}\">\n\t\t\t\t\t\t<div class=\"elementor-container elementor-column-gap-default\">\n\t\t\t\t\t<div class=\"elementor-column elementor-col-100 elementor-top-column elementor-element elementor-element-44b1cb98\" data-id=\"44b1cb98\" data-element_type=\"column\" data-e-type=\"column\">\n\t\t\t<div class=\"elementor-widget-wrap elementor-element-populated\">\n\t\t\t\t\t\t<div class=\"elementor-element elementor-element-2d14bbcc elementor-widget elementor-widget-borgholm_core_section_title\" data-id=\"2d14bbcc\" data-element_type=\"widget\" data-e-type=\"widget\" data-widget_type=\"borgholm_core_section_title.default\">\n\t\t\t\t<div class=\"elementor-widget-container\">\n\t\t\t\t\t<div class=\"qodef-shortcode qodef-m home-newsletter-title qodef-section-title qodef-alignment--center   \">\n\t\t\t<h3 class=\"qodef-m-title\" style=\"color: #FFFFFE\">\n\t\t\t\t\tPretplatite se na na\u0161 newsletter\t\t\t<\/h3>\n\t\t<\/div>\t\t\t\t<\/div>\n\t\t\t\t<\/div>\n\t\t\t\t<div class=\"elementor-element elementor-element-2d52c6e2 elementor-widget elementor-widget-wp-widget-borgholm_core_contact_form_7\" data-id=\"2d52c6e2\" data-element_type=\"widget\" data-e-type=\"widget\" data-widget_type=\"wp-widget-borgholm_core_contact_form_7.default\">\n\t\t\t\t<div class=\"elementor-widget-container\">\n\t\t\t\t\t\t\t\t<div class=\"qodef-contact-form-7 home-newsletter\">\n\t\t\t\t\n<div class=\"wpcf7 no-js\" id=\"wpcf7-f449-o1\" lang=\"en-US\" dir=\"ltr\" data-wpcf7-id=\"449\">\n<div class=\"screen-reader-response\"><p role=\"status\" aria-live=\"polite\" aria-atomic=\"true\"><\/p> <ul><\/ul><\/div>\n<form action=\"\/en\/wp-json\/wp\/v2\/pages\/12820#wpcf7-f449-o1\" method=\"post\" class=\"wpcf7-form init\" aria-label=\"Contact form\" novalidate=\"novalidate\" data-status=\"init\">\n<fieldset class=\"hidden-fields-container\"><input type=\"hidden\" name=\"_wpcf7\" value=\"449\" \/><input type=\"hidden\" name=\"_wpcf7_version\" value=\"6.1.5\" \/><input type=\"hidden\" name=\"_wpcf7_locale\" value=\"en_US\" \/><input type=\"hidden\" name=\"_wpcf7_unit_tag\" value=\"wpcf7-f449-o1\" \/><input type=\"hidden\" name=\"_wpcf7_container_post\" value=\"0\" \/><input type=\"hidden\" name=\"_wpcf7_posted_data_hash\" value=\"\" \/><input type=\"hidden\" name=\"_wpcf7cf_hidden_group_fields\" value=\"[]\" \/><input type=\"hidden\" name=\"_wpcf7cf_hidden_groups\" value=\"[]\" \/><input type=\"hidden\" name=\"_wpcf7cf_visible_groups\" value=\"[]\" \/><input type=\"hidden\" name=\"_wpcf7cf_repeaters\" value=\"[]\" \/><input type=\"hidden\" name=\"_wpcf7cf_steps\" value=\"{}\" \/><input type=\"hidden\" name=\"_wpcf7cf_options\" value=\"{&quot;form_id&quot;:449,&quot;conditions&quot;:[],&quot;settings&quot;:{&quot;animation&quot;:&quot;yes&quot;,&quot;animation_intime&quot;:200,&quot;animation_outtime&quot;:200,&quot;conditions_ui&quot;:&quot;normal&quot;,&quot;notice_dismissed&quot;:false,&quot;notice_dismissed_update-cf7-5.6.3&quot;:true,&quot;notice_dismissed_update-cf7-5.6.4&quot;:true}}\" \/>\n<\/fieldset>\n<div class=\"qodef-subscribe-form\">\n\t<p><span class=\"wpcf7-form-control-wrap\" data-name=\"your-email\"><input size=\"40\" maxlength=\"400\" class=\"wpcf7-form-control wpcf7-email wpcf7-validates-as-required wpcf7-text wpcf7-validates-as-email\" aria-required=\"true\" aria-invalid=\"false\" placeholder=\"Add mail and Subscribe\" value=\"\" type=\"email\" name=\"your-email\" \/><\/span><br \/>\n<button type=\"submit\" class=\"wpcf7-form-control wpcf7-submit qodef-button qodef-m qodef-subscribe-icon\"><\/button>\n\t<\/p>\n<\/div><div class=\"wpcf7-response-output\" aria-hidden=\"true\"><\/div>\n<\/form>\n<\/div>\n\t\t\t<\/div>\n\t\t\t\t\t\t\t<\/div>\n\t\t\t\t<\/div>\n\t\t\t\t\t<\/div>\n\t\t<\/div>\n\t\t\t\t\t<\/div>\n\t\t<\/section>\n\t\t\t\t<\/div>\n\t\t","protected":false},"excerpt":{"rendered":"<p>How does carbonated natural mineral water stimulate digestion? The secret is in the composition Carbonated natural mineral water contains minerals such as sodium, calcium, magnesium, chloride, bicarbonates (hydrogen carbonates), sulphates and others, while if it already naturally contains a certain amount of carbon dioxide at the place where it emerges, it is also called\u00a0kiselica\u00a0(sour mineral [&hellip;]<\/p>\n","protected":false},"author":1,"featured_media":0,"parent":12667,"menu_order":0,"comment_status":"closed","ping_status":"closed","template":"page-full-width.php","meta":{"_acf_changed":false,"footnotes":"","_links_to":"","_links_to_target":""},"class_list":["post-12820","page","type-page","status-publish","hentry"],"acf":[],"yoast_head":"<!-- This site is optimized with the Yoast SEO plugin v26.8 - https:\/\/yoast.com\/product\/yoast-seo-wordpress\/ -->\n<title>How does carbonated natural mineral water stimulate digestion? - Jamnica plus<\/title>\n<meta name=\"description\" content=\"Jamnica je idealno pi\u0107e uz svaki obrok, a sada vas mo\u017ee spojiti s idealnim receptima. Jede li vam se mo\u017eda GLAVNO JELO ili DESERT?Jamnica ima upravo ono \u0161to vam treba.\" \/>\n<meta name=\"robots\" content=\"index, follow, max-snippet:-1, max-image-preview:large, max-video-preview:-1\" \/>\n<link rel=\"canonical\" href=\"https:\/\/jamnica.company\/en\/the-story-of-water\/water-and-health\/how-does-carbonated-natural-mineral-water-stimulate-digestion\/\" \/>\n<meta property=\"og:locale\" content=\"en_US\" \/>\n<meta property=\"og:type\" content=\"article\" \/>\n<meta property=\"og:title\" content=\"How does carbonated natural mineral water stimulate digestion? - Jamnica plus\" \/>\n<meta property=\"og:description\" content=\"Jamnica je idealno pi\u0107e uz svaki obrok, a sada vas mo\u017ee spojiti s idealnim receptima. Jede li vam se mo\u017eda GLAVNO JELO ili DESERT?Jamnica ima upravo ono \u0161to vam treba.\" \/>\n<meta property=\"og:url\" content=\"https:\/\/jamnica.company\/en\/the-story-of-water\/water-and-health\/how-does-carbonated-natural-mineral-water-stimulate-digestion\/\" \/>\n<meta property=\"og:site_name\" content=\"Jamnica plus\" \/>\n<meta property=\"article:modified_time\" content=\"2021-07-08T13:15:33+00:00\" \/>\n<meta property=\"og:image\" content=\"https:\/\/jamnica.company\/wp-content\/uploads\/elementor\/thumbs\/017A7511-scaled-p61bfjr7eh74ve50047yqr85r28qs0akbydtupo270.jpg\" \/>\n<meta name=\"twitter:card\" content=\"summary_large_image\" \/>\n<meta name=\"twitter:label1\" content=\"Est. reading time\" \/>\n\t<meta name=\"twitter:data1\" content=\"2 minutes\" \/>\n<script type=\"application\/ld+json\" class=\"yoast-schema-graph\">{\"@context\":\"https:\/\/schema.org\",\"@graph\":[{\"@type\":[\"WebPage\",\"AboutPage\"],\"@id\":\"https:\/\/jamnica.company\/en\/the-story-of-water\/water-and-health\/how-does-carbonated-natural-mineral-water-stimulate-digestion\/\",\"url\":\"https:\/\/jamnica.company\/en\/the-story-of-water\/water-and-health\/how-does-carbonated-natural-mineral-water-stimulate-digestion\/\",\"name\":\"How does carbonated natural mineral water stimulate digestion? - Jamnica plus\",\"isPartOf\":{\"@id\":\"https:\/\/jamnica.company\/#website\"},\"primaryImageOfPage\":{\"@id\":\"https:\/\/jamnica.company\/en\/the-story-of-water\/water-and-health\/how-does-carbonated-natural-mineral-water-stimulate-digestion\/#primaryimage\"},\"image\":{\"@id\":\"https:\/\/jamnica.company\/en\/the-story-of-water\/water-and-health\/how-does-carbonated-natural-mineral-water-stimulate-digestion\/#primaryimage\"},\"thumbnailUrl\":\"https:\/\/jamnica.company\/wp-content\/uploads\/elementor\/thumbs\/017A7511-scaled-p61bfjr7eh74ve50047yqr85r28qs0akbydtupo270.jpg\",\"datePublished\":\"2021-04-05T10:31:21+00:00\",\"dateModified\":\"2021-07-08T13:15:33+00:00\",\"description\":\"Jamnica je idealno pi\u0107e uz svaki obrok, a sada vas mo\u017ee spojiti s idealnim receptima. Jede li vam se mo\u017eda GLAVNO JELO ili DESERT?Jamnica ima upravo ono \u0161to vam treba.\",\"breadcrumb\":{\"@id\":\"https:\/\/jamnica.company\/en\/the-story-of-water\/water-and-health\/how-does-carbonated-natural-mineral-water-stimulate-digestion\/#breadcrumb\"},\"inLanguage\":\"en-US\",\"potentialAction\":[{\"@type\":\"ReadAction\",\"target\":[\"https:\/\/jamnica.company\/en\/the-story-of-water\/water-and-health\/how-does-carbonated-natural-mineral-water-stimulate-digestion\/\"]}]},{\"@type\":\"ImageObject\",\"inLanguage\":\"en-US\",\"@id\":\"https:\/\/jamnica.company\/en\/the-story-of-water\/water-and-health\/how-does-carbonated-natural-mineral-water-stimulate-digestion\/#primaryimage\",\"url\":\"https:\/\/jamnica.company\/wp-content\/uploads\/elementor\/thumbs\/017A7511-scaled-p61bfjr7eh74ve50047yqr85r28qs0akbydtupo270.jpg\",\"contentUrl\":\"https:\/\/jamnica.company\/wp-content\/uploads\/elementor\/thumbs\/017A7511-scaled-p61bfjr7eh74ve50047yqr85r28qs0akbydtupo270.jpg\"},{\"@type\":\"BreadcrumbList\",\"@id\":\"https:\/\/jamnica.company\/en\/the-story-of-water\/water-and-health\/how-does-carbonated-natural-mineral-water-stimulate-digestion\/#breadcrumb\",\"itemListElement\":[{\"@type\":\"ListItem\",\"position\":1,\"name\":\"Po\u010detna stranica\",\"item\":\"https:\/\/jamnica.company\/\"},{\"@type\":\"ListItem\",\"position\":2,\"name\":\"Two atoms of hydrogen and one atom of oxygen form a unique and vital compound. Life began in water, and our story began with water.\",\"item\":\"https:\/\/jamnica.company\/en\/the-story-of-water\/\"},{\"@type\":\"ListItem\",\"position\":3,\"name\":\"Water and health\",\"item\":\"https:\/\/jamnica.company\/en\/the-story-of-water\/water-and-health\/\"},{\"@type\":\"ListItem\",\"position\":4,\"name\":\"How does carbonated natural mineral water stimulate digestion?\"}]},{\"@type\":\"WebSite\",\"@id\":\"https:\/\/jamnica.company\/#website\",\"url\":\"https:\/\/jamnica.company\/\",\"name\":\"Jamnica plus\",\"description\":\"Jamnica plus\",\"publisher\":{\"@id\":\"https:\/\/jamnica.company\/#organization\"},\"potentialAction\":[{\"@type\":\"SearchAction\",\"target\":{\"@type\":\"EntryPoint\",\"urlTemplate\":\"https:\/\/jamnica.company\/?s={search_term_string}\"},\"query-input\":{\"@type\":\"PropertyValueSpecification\",\"valueRequired\":true,\"valueName\":\"search_term_string\"}}],\"inLanguage\":\"en-US\"},{\"@type\":\"Organization\",\"@id\":\"https:\/\/jamnica.company\/#organization\",\"name\":\"Jamnica plus\",\"url\":\"https:\/\/jamnica.company\/\",\"logo\":{\"@type\":\"ImageObject\",\"inLanguage\":\"en-US\",\"@id\":\"https:\/\/jamnica.company\/#\/schema\/logo\/image\/\",\"url\":\"https:\/\/jamnica.company\/wp-content\/uploads\/2021\/04\/jamnica.png\",\"contentUrl\":\"https:\/\/jamnica.company\/wp-content\/uploads\/2021\/04\/jamnica.png\",\"width\":512,\"height\":512,\"caption\":\"Jamnica plus\"},\"image\":{\"@id\":\"https:\/\/jamnica.company\/#\/schema\/logo\/image\/\"},\"sameAs\":[\"https:\/\/www.linkedin.com\/company\/jamnica\/\"]}]}<\/script>\n<!-- \/ Yoast SEO plugin. -->","yoast_head_json":{"title":"How does carbonated natural mineral water stimulate digestion? - Jamnica plus","description":"Jamnica je idealno pi\u0107e uz svaki obrok, a sada vas mo\u017ee spojiti s idealnim receptima. Jede li vam se mo\u017eda GLAVNO JELO ili DESERT?Jamnica ima upravo ono \u0161to vam treba.","robots":{"index":"index","follow":"follow","max-snippet":"max-snippet:-1","max-image-preview":"max-image-preview:large","max-video-preview":"max-video-preview:-1"},"canonical":"https:\/\/jamnica.company\/en\/the-story-of-water\/water-and-health\/how-does-carbonated-natural-mineral-water-stimulate-digestion\/","og_locale":"en_US","og_type":"article","og_title":"How does carbonated natural mineral water stimulate digestion? - Jamnica plus","og_description":"Jamnica je idealno pi\u0107e uz svaki obrok, a sada vas mo\u017ee spojiti s idealnim receptima. Jede li vam se mo\u017eda GLAVNO JELO ili DESERT?Jamnica ima upravo ono \u0161to vam treba.","og_url":"https:\/\/jamnica.company\/en\/the-story-of-water\/water-and-health\/how-does-carbonated-natural-mineral-water-stimulate-digestion\/","og_site_name":"Jamnica plus","article_modified_time":"2021-07-08T13:15:33+00:00","og_image":[{"url":"https:\/\/jamnica.company\/wp-content\/uploads\/elementor\/thumbs\/017A7511-scaled-p61bfjr7eh74ve50047yqr85r28qs0akbydtupo270.jpg","type":"","width":"","height":""}],"twitter_card":"summary_large_image","twitter_misc":{"Est. reading time":"2 minutes"},"schema":{"@context":"https:\/\/schema.org","@graph":[{"@type":["WebPage","AboutPage"],"@id":"https:\/\/jamnica.company\/en\/the-story-of-water\/water-and-health\/how-does-carbonated-natural-mineral-water-stimulate-digestion\/","url":"https:\/\/jamnica.company\/en\/the-story-of-water\/water-and-health\/how-does-carbonated-natural-mineral-water-stimulate-digestion\/","name":"How does carbonated natural mineral water stimulate digestion? - Jamnica plus","isPartOf":{"@id":"https:\/\/jamnica.company\/#website"},"primaryImageOfPage":{"@id":"https:\/\/jamnica.company\/en\/the-story-of-water\/water-and-health\/how-does-carbonated-natural-mineral-water-stimulate-digestion\/#primaryimage"},"image":{"@id":"https:\/\/jamnica.company\/en\/the-story-of-water\/water-and-health\/how-does-carbonated-natural-mineral-water-stimulate-digestion\/#primaryimage"},"thumbnailUrl":"https:\/\/jamnica.company\/wp-content\/uploads\/elementor\/thumbs\/017A7511-scaled-p61bfjr7eh74ve50047yqr85r28qs0akbydtupo270.jpg","datePublished":"2021-04-05T10:31:21+00:00","dateModified":"2021-07-08T13:15:33+00:00","description":"Jamnica je idealno pi\u0107e uz svaki obrok, a sada vas mo\u017ee spojiti s idealnim receptima. Jede li vam se mo\u017eda GLAVNO JELO ili DESERT?Jamnica ima upravo ono \u0161to vam treba.","breadcrumb":{"@id":"https:\/\/jamnica.company\/en\/the-story-of-water\/water-and-health\/how-does-carbonated-natural-mineral-water-stimulate-digestion\/#breadcrumb"},"inLanguage":"en-US","potentialAction":[{"@type":"ReadAction","target":["https:\/\/jamnica.company\/en\/the-story-of-water\/water-and-health\/how-does-carbonated-natural-mineral-water-stimulate-digestion\/"]}]},{"@type":"ImageObject","inLanguage":"en-US","@id":"https:\/\/jamnica.company\/en\/the-story-of-water\/water-and-health\/how-does-carbonated-natural-mineral-water-stimulate-digestion\/#primaryimage","url":"https:\/\/jamnica.company\/wp-content\/uploads\/elementor\/thumbs\/017A7511-scaled-p61bfjr7eh74ve50047yqr85r28qs0akbydtupo270.jpg","contentUrl":"https:\/\/jamnica.company\/wp-content\/uploads\/elementor\/thumbs\/017A7511-scaled-p61bfjr7eh74ve50047yqr85r28qs0akbydtupo270.jpg"},{"@type":"BreadcrumbList","@id":"https:\/\/jamnica.company\/en\/the-story-of-water\/water-and-health\/how-does-carbonated-natural-mineral-water-stimulate-digestion\/#breadcrumb","itemListElement":[{"@type":"ListItem","position":1,"name":"Po\u010detna stranica","item":"https:\/\/jamnica.company\/"},{"@type":"ListItem","position":2,"name":"Two atoms of hydrogen and one atom of oxygen form a unique and vital compound. Life began in water, and our story began with water.","item":"https:\/\/jamnica.company\/en\/the-story-of-water\/"},{"@type":"ListItem","position":3,"name":"Water and health","item":"https:\/\/jamnica.company\/en\/the-story-of-water\/water-and-health\/"},{"@type":"ListItem","position":4,"name":"How does carbonated natural mineral water stimulate digestion?"}]},{"@type":"WebSite","@id":"https:\/\/jamnica.company\/#website","url":"https:\/\/jamnica.company\/","name":"Jamnica plus","description":"Jamnica plus","publisher":{"@id":"https:\/\/jamnica.company\/#organization"},"potentialAction":[{"@type":"SearchAction","target":{"@type":"EntryPoint","urlTemplate":"https:\/\/jamnica.company\/?s={search_term_string}"},"query-input":{"@type":"PropertyValueSpecification","valueRequired":true,"valueName":"search_term_string"}}],"inLanguage":"en-US"},{"@type":"Organization","@id":"https:\/\/jamnica.company\/#organization","name":"Jamnica plus","url":"https:\/\/jamnica.company\/","logo":{"@type":"ImageObject","inLanguage":"en-US","@id":"https:\/\/jamnica.company\/#\/schema\/logo\/image\/","url":"https:\/\/jamnica.company\/wp-content\/uploads\/2021\/04\/jamnica.png","contentUrl":"https:\/\/jamnica.company\/wp-content\/uploads\/2021\/04\/jamnica.png","width":512,"height":512,"caption":"Jamnica plus"},"image":{"@id":"https:\/\/jamnica.company\/#\/schema\/logo\/image\/"},"sameAs":["https:\/\/www.linkedin.com\/company\/jamnica\/"]}]}},"_links":{"self":[{"href":"https:\/\/jamnica.company\/en\/wp-json\/wp\/v2\/pages\/12820","targetHints":{"allow":["GET"]}}],"collection":[{"href":"https:\/\/jamnica.company\/en\/wp-json\/wp\/v2\/pages"}],"about":[{"href":"https:\/\/jamnica.company\/en\/wp-json\/wp\/v2\/types\/page"}],"author":[{"embeddable":true,"href":"https:\/\/jamnica.company\/en\/wp-json\/wp\/v2\/users\/1"}],"replies":[{"embeddable":true,"href":"https:\/\/jamnica.company\/en\/wp-json\/wp\/v2\/comments?post=12820"}],"version-history":[{"count":5,"href":"https:\/\/jamnica.company\/en\/wp-json\/wp\/v2\/pages\/12820\/revisions"}],"predecessor-version":[{"id":12827,"href":"https:\/\/jamnica.company\/en\/wp-json\/wp\/v2\/pages\/12820\/revisions\/12827"}],"up":[{"embeddable":true,"href":"https:\/\/jamnica.company\/en\/wp-json\/wp\/v2\/pages\/12667"}],"wp:attachment":[{"href":"https:\/\/jamnica.company\/en\/wp-json\/wp\/v2\/media?parent=12820"}],"curies":[{"name":"wp","href":"https:\/\/api.w.org\/{rel}","templated":true}]}}