{"id":13030,"date":"2021-04-05T10:45:52","date_gmt":"2021-04-05T10:45:52","guid":{"rendered":"https:\/\/jamnica.company\/the-story-of-water\/voda-koju-hrana-voli\/"},"modified":"2021-07-09T14:17:40","modified_gmt":"2021-07-09T14:17:40","slug":"the-water-that-food-loves","status":"publish","type":"page","link":"https:\/\/jamnica.company\/en\/the-story-of-water\/the-water-that-food-loves\/","title":{"rendered":"The water that food loves"},"content":{"rendered":"\t\t<div data-elementor-type=\"wp-page\" data-elementor-id=\"13030\" class=\"elementor elementor-13030 elementor-8737\" data-elementor-post-type=\"page\">\n\t\t\t\t\t\t<section class=\"elementor-section elementor-top-section elementor-element elementor-element-2141207a qodef-elementor-content-grid voda-3-list-blok elementor-section-boxed elementor-section-height-default elementor-section-height-default\" data-id=\"2141207a\" data-element_type=\"section\" data-e-type=\"section\">\n\t\t\t\t\t\t<div class=\"elementor-container elementor-column-gap-default\">\n\t\t\t\t\t<div class=\"elementor-column elementor-col-33 elementor-top-column elementor-element elementor-element-505c9b6e\" data-id=\"505c9b6e\" data-element_type=\"column\" data-e-type=\"column\">\n\t\t\t<div class=\"elementor-widget-wrap elementor-element-populated\">\n\t\t\t\t\t\t<div class=\"elementor-element elementor-element-3b4ecb7e tko-smo-slika-text-link elementor-widget elementor-widget-borgholm_core_image_with_text\" data-id=\"3b4ecb7e\" data-element_type=\"widget\" data-e-type=\"widget\" data-widget_type=\"borgholm_core_image_with_text.default\">\n\t\t\t\t<div class=\"elementor-widget-container\">\n\t\t\t\t\t<div class=\"qodef-shortcode qodef-m  qodef-image-with-text qodef-layout--text-below \">\n\t<div class=\"qodef-m-image\">\n\t\t\t<a itemprop=\"url\" href=\"\/en\/the-story-of-water\/the-water-that-food-loves\/youll-enjoy-every-meal-thanks-to-this-natural-beverage\/\" target=\"_self\">\n\t\t\t<img fetchpriority=\"high\" decoding=\"async\" src=\"https:\/\/jamnica.company\/wp-content\/uploads\/2021\/04\/017A6717-scaled-433x230.jpg\" alt=\"jamnica gazirana mineralna voda i hrana\" width=\"433\" height=\"230\" \/>\t\t\t<\/a>\n\t<\/div>\t<div class=\"qodef-m-content\">\n\t\t\t<h3 class=\"qodef-m-title\" >\n\t\t\t\t\t<a itemprop=\"url\" href=\"\/en\/the-story-of-water\/the-water-that-food-loves\/youll-enjoy-every-meal-thanks-to-this-natural-beverage\/\" target=\"_self\">\n\t\t\t\t\tA drink that every meal loves\t\t\t\t\t<\/a>\n\t\t\t<\/h3>\n\t\t\t<p class=\"qodef-m-text\" >Food is not just a necessity, it\u2019s a joy<\/p>\n\t\t\t<\/div>\n<\/div>\t\t\t\t<\/div>\n\t\t\t\t<\/div>\n\t\t\t\t<div class=\"elementor-element elementor-element-5541bca elementor-widget elementor-widget-borgholm_core_button\" data-id=\"5541bca\" data-element_type=\"widget\" data-e-type=\"widget\" data-widget_type=\"borgholm_core_button.default\">\n\t\t\t\t<div class=\"elementor-widget-container\">\n\t\t\t\t\t<a class=\"qodef-shortcode qodef-m main-button clanci-button qodef-button qodef-layout--filled  qodef-html--link\" href=\"\/en\/the-story-of-water\/the-water-that-food-loves\/youll-enjoy-every-meal-thanks-to-this-natural-beverage\/\" target=\"_self\"  >\n\t<span class=\"qodef-m-text\">READ MORE<\/span>\n<\/a>\t\t\t\t<\/div>\n\t\t\t\t<\/div>\n\t\t\t\t\t<\/div>\n\t\t<\/div>\n\t\t\t\t<div class=\"elementor-column elementor-col-33 elementor-top-column elementor-element elementor-element-1dffaa50\" data-id=\"1dffaa50\" data-element_type=\"column\" data-e-type=\"column\">\n\t\t\t<div class=\"elementor-widget-wrap elementor-element-populated\">\n\t\t\t\t\t\t<div class=\"elementor-element elementor-element-6ead1f8a tko-smo-slika-text-link elementor-widget elementor-widget-borgholm_core_image_with_text\" data-id=\"6ead1f8a\" data-element_type=\"widget\" data-e-type=\"widget\" data-widget_type=\"borgholm_core_image_with_text.default\">\n\t\t\t\t<div class=\"elementor-widget-container\">\n\t\t\t\t\t<div class=\"qodef-shortcode qodef-m  qodef-image-with-text qodef-layout--text-below \">\n\t<div class=\"qodef-m-image\">\n\t\t\t<a itemprop=\"url\" href=\"\/en\/the-story-of-water\/the-water-that-food-loves\/are-you-planning-a-party-dont-forget-about-carbonated-mineral-water\/\" target=\"_self\">\n\t\t\t<img decoding=\"async\" src=\"https:\/\/jamnica.company\/wp-content\/uploads\/2021\/04\/017A7365-scaled-433x230.jpg\" alt=\"Jamnica, gazirana mineralna voda, jamnica\" width=\"433\" height=\"230\" \/>\t\t\t<\/a>\n\t<\/div>\t<div class=\"qodef-m-content\">\n\t\t\t<h3 class=\"qodef-m-title\" >\n\t\t\t\t\t<a itemprop=\"url\" href=\"\/en\/the-story-of-water\/the-water-that-food-loves\/are-you-planning-a-party-dont-forget-about-carbonated-mineral-water\/\" target=\"_self\">\n\t\t\t\t\tAre you planning a party? Don\u2019t forget about carbonated mineral water\t\t\t\t\t<\/a>\n\t\t\t<\/h3>\n\t\t\t<p class=\"qodef-m-text\" >Family celebrations and joyous gatherings with <\/p>\n\t\t\t<\/div>\n<\/div>\t\t\t\t<\/div>\n\t\t\t\t<\/div>\n\t\t\t\t<div class=\"elementor-element elementor-element-8641bd5 elementor-widget elementor-widget-borgholm_core_button\" data-id=\"8641bd5\" data-element_type=\"widget\" data-e-type=\"widget\" data-widget_type=\"borgholm_core_button.default\">\n\t\t\t\t<div class=\"elementor-widget-container\">\n\t\t\t\t\t<a class=\"qodef-shortcode qodef-m main-button clanci-button qodef-button qodef-layout--filled  qodef-html--link\" href=\"\/en\/the-story-of-water\/the-water-that-food-loves\/are-you-planning-a-party-dont-forget-about-carbonated-mineral-water\/\" target=\"_self\"  >\n\t<span class=\"qodef-m-text\">READ MORE<\/span>\n<\/a>\t\t\t\t<\/div>\n\t\t\t\t<\/div>\n\t\t\t\t\t<\/div>\n\t\t<\/div>\n\t\t\t\t<div class=\"elementor-column elementor-col-33 elementor-top-column elementor-element elementor-element-5211a237\" data-id=\"5211a237\" data-element_type=\"column\" data-e-type=\"column\">\n\t\t\t<div class=\"elementor-widget-wrap\">\n\t\t\t\t\t\t\t<\/div>\n\t\t<\/div>\n\t\t\t\t\t<\/div>\n\t\t<\/section>\n\t\t\t\t<section class=\"elementor-section elementor-top-section elementor-element elementor-element-3defa348 qodef-elementor-content-grid elementor-hidden-desktop elementor-hidden-tablet elementor-hidden-phone elementor-section-boxed elementor-section-height-default elementor-section-height-default\" data-id=\"3defa348\" data-element_type=\"section\" data-e-type=\"section\" data-settings=\"{&quot;background_background&quot;:&quot;classic&quot;}\">\n\t\t\t\t\t\t<div class=\"elementor-container elementor-column-gap-default\">\n\t\t\t\t\t<div class=\"elementor-column elementor-col-100 elementor-top-column elementor-element elementor-element-3464ca9b\" data-id=\"3464ca9b\" data-element_type=\"column\" data-e-type=\"column\">\n\t\t\t<div class=\"elementor-widget-wrap elementor-element-populated\">\n\t\t\t\t\t\t<div class=\"elementor-element elementor-element-6734f5a5 elementor-widget elementor-widget-borgholm_core_section_title\" data-id=\"6734f5a5\" data-element_type=\"widget\" data-e-type=\"widget\" data-widget_type=\"borgholm_core_section_title.default\">\n\t\t\t\t<div class=\"elementor-widget-container\">\n\t\t\t\t\t<div class=\"qodef-shortcode qodef-m home-newsletter-title qodef-section-title qodef-alignment--center   \">\n\t\t\t<h3 class=\"qodef-m-title\" style=\"color: #FFFFFE\">\n\t\t\t\t\tPretplatite se na na\u0161 newsletter\t\t\t<\/h3>\n\t\t<\/div>\t\t\t\t<\/div>\n\t\t\t\t<\/div>\n\t\t\t\t<div class=\"elementor-element elementor-element-3f8ef6e6 elementor-widget elementor-widget-wp-widget-borgholm_core_contact_form_7\" data-id=\"3f8ef6e6\" data-element_type=\"widget\" data-e-type=\"widget\" data-widget_type=\"wp-widget-borgholm_core_contact_form_7.default\">\n\t\t\t\t<div class=\"elementor-widget-container\">\n\t\t\t\t\t\t\t\t<div class=\"qodef-contact-form-7 home-newsletter\">\n\t\t\t\t\n<div class=\"wpcf7 no-js\" id=\"wpcf7-f449-o1\" lang=\"en-US\" dir=\"ltr\" data-wpcf7-id=\"449\">\n<div class=\"screen-reader-response\"><p role=\"status\" aria-live=\"polite\" aria-atomic=\"true\"><\/p> <ul><\/ul><\/div>\n<form action=\"\/en\/wp-json\/wp\/v2\/pages\/13030#wpcf7-f449-o1\" method=\"post\" class=\"wpcf7-form init\" aria-label=\"Contact form\" novalidate=\"novalidate\" data-status=\"init\">\n<fieldset class=\"hidden-fields-container\"><input type=\"hidden\" name=\"_wpcf7\" value=\"449\" \/><input type=\"hidden\" name=\"_wpcf7_version\" value=\"6.1.5\" \/><input type=\"hidden\" name=\"_wpcf7_locale\" value=\"en_US\" \/><input type=\"hidden\" name=\"_wpcf7_unit_tag\" value=\"wpcf7-f449-o1\" \/><input type=\"hidden\" name=\"_wpcf7_container_post\" value=\"0\" \/><input type=\"hidden\" name=\"_wpcf7_posted_data_hash\" value=\"\" \/><input type=\"hidden\" name=\"_wpcf7cf_hidden_group_fields\" value=\"[]\" \/><input type=\"hidden\" name=\"_wpcf7cf_hidden_groups\" value=\"[]\" \/><input type=\"hidden\" name=\"_wpcf7cf_visible_groups\" value=\"[]\" \/><input type=\"hidden\" name=\"_wpcf7cf_repeaters\" value=\"[]\" \/><input type=\"hidden\" name=\"_wpcf7cf_steps\" value=\"{}\" \/><input type=\"hidden\" name=\"_wpcf7cf_options\" value=\"{&quot;form_id&quot;:449,&quot;conditions&quot;:[],&quot;settings&quot;:{&quot;animation&quot;:&quot;yes&quot;,&quot;animation_intime&quot;:200,&quot;animation_outtime&quot;:200,&quot;conditions_ui&quot;:&quot;normal&quot;,&quot;notice_dismissed&quot;:false,&quot;notice_dismissed_update-cf7-5.6.3&quot;:true,&quot;notice_dismissed_update-cf7-5.6.4&quot;:true}}\" \/>\n<\/fieldset>\n<div class=\"qodef-subscribe-form\">\n\t<p><span class=\"wpcf7-form-control-wrap\" data-name=\"your-email\"><input size=\"40\" maxlength=\"400\" class=\"wpcf7-form-control wpcf7-email wpcf7-validates-as-required wpcf7-text wpcf7-validates-as-email\" aria-required=\"true\" aria-invalid=\"false\" placeholder=\"Add mail and Subscribe\" value=\"\" type=\"email\" name=\"your-email\" \/><\/span><br \/>\n<button type=\"submit\" class=\"wpcf7-form-control wpcf7-submit qodef-button qodef-m qodef-subscribe-icon\"><\/button>\n\t<\/p>\n<\/div><div class=\"wpcf7-response-output\" aria-hidden=\"true\"><\/div>\n<\/form>\n<\/div>\n\t\t\t<\/div>\n\t\t\t\t\t\t\t<\/div>\n\t\t\t\t<\/div>\n\t\t\t\t\t<\/div>\n\t\t<\/div>\n\t\t\t\t\t<\/div>\n\t\t<\/section>\n\t\t\t\t<\/div>\n\t\t","protected":false},"excerpt":{"rendered":"<p>A drink that every meal loves Food is not just a necessity, it\u2019s a joy READ MORE Are you planning a party? Don\u2019t forget about carbonated mineral water Family celebrations and joyous gatherings with READ MORE Pretplatite se na na\u0161 newsletter<\/p>\n","protected":false},"author":1,"featured_media":0,"parent":12352,"menu_order":0,"comment_status":"closed","ping_status":"closed","template":"page-full-width.php","meta":{"_acf_changed":false,"footnotes":"","_links_to":"","_links_to_target":""},"class_list":["post-13030","page","type-page","status-publish","hentry"],"acf":[],"yoast_head":"<!-- This site is optimized with the Yoast SEO plugin v26.8 - https:\/\/yoast.com\/product\/yoast-seo-wordpress\/ -->\n<title>The water that food loves - Jamnica plus<\/title>\n<meta name=\"description\" content=\"Jamnica je idealno pi\u0107e uz svaki obrok, a sada vas mo\u017ee spojiti s idealnim receptima. Jede li vam se mo\u017eda GLAVNO JELO ili DESERT?Jamnica ima upravo ono \u0161to vam treba.\" \/>\n<meta name=\"robots\" content=\"index, follow, max-snippet:-1, max-image-preview:large, max-video-preview:-1\" \/>\n<link rel=\"canonical\" href=\"https:\/\/jamnica.company\/en\/the-story-of-water\/the-water-that-food-loves\/\" \/>\n<meta property=\"og:locale\" content=\"en_US\" \/>\n<meta property=\"og:type\" content=\"article\" \/>\n<meta property=\"og:title\" content=\"The water that food loves - Jamnica plus\" \/>\n<meta property=\"og:description\" content=\"Jamnica je idealno pi\u0107e uz svaki obrok, a sada vas mo\u017ee spojiti s idealnim receptima. Jede li vam se mo\u017eda GLAVNO JELO ili DESERT?Jamnica ima upravo ono \u0161to vam treba.\" \/>\n<meta property=\"og:url\" content=\"https:\/\/jamnica.company\/en\/the-story-of-water\/the-water-that-food-loves\/\" \/>\n<meta property=\"og:site_name\" content=\"Jamnica plus\" \/>\n<meta property=\"article:modified_time\" content=\"2021-07-09T14:17:40+00:00\" \/>\n<meta property=\"og:image\" content=\"https:\/\/jamnica.company\/wp-content\/uploads\/2021\/04\/017A6717-scaled-433x230.jpg\" \/>\n<meta name=\"twitter:card\" content=\"summary_large_image\" \/>\n<meta name=\"twitter:label1\" content=\"Est. reading time\" \/>\n\t<meta name=\"twitter:data1\" content=\"1 minute\" \/>\n<script type=\"application\/ld+json\" class=\"yoast-schema-graph\">{\"@context\":\"https:\/\/schema.org\",\"@graph\":[{\"@type\":[\"WebPage\",\"AboutPage\"],\"@id\":\"https:\/\/jamnica.company\/en\/the-story-of-water\/the-water-that-food-loves\/\",\"url\":\"https:\/\/jamnica.company\/en\/the-story-of-water\/the-water-that-food-loves\/\",\"name\":\"The water that food loves - Jamnica plus\",\"isPartOf\":{\"@id\":\"https:\/\/jamnica.company\/#website\"},\"primaryImageOfPage\":{\"@id\":\"https:\/\/jamnica.company\/en\/the-story-of-water\/the-water-that-food-loves\/#primaryimage\"},\"image\":{\"@id\":\"https:\/\/jamnica.company\/en\/the-story-of-water\/the-water-that-food-loves\/#primaryimage\"},\"thumbnailUrl\":\"https:\/\/jamnica.company\/wp-content\/uploads\/2021\/04\/017A6717-scaled-433x230.jpg\",\"datePublished\":\"2021-04-05T10:45:52+00:00\",\"dateModified\":\"2021-07-09T14:17:40+00:00\",\"description\":\"Jamnica je idealno pi\u0107e uz svaki obrok, a sada vas mo\u017ee spojiti s idealnim receptima. Jede li vam se mo\u017eda GLAVNO JELO ili DESERT?Jamnica ima upravo ono \u0161to vam treba.\",\"breadcrumb\":{\"@id\":\"https:\/\/jamnica.company\/en\/the-story-of-water\/the-water-that-food-loves\/#breadcrumb\"},\"inLanguage\":\"en-US\",\"potentialAction\":[{\"@type\":\"ReadAction\",\"target\":[\"https:\/\/jamnica.company\/en\/the-story-of-water\/the-water-that-food-loves\/\"]}]},{\"@type\":\"ImageObject\",\"inLanguage\":\"en-US\",\"@id\":\"https:\/\/jamnica.company\/en\/the-story-of-water\/the-water-that-food-loves\/#primaryimage\",\"url\":\"https:\/\/jamnica.company\/wp-content\/uploads\/2021\/04\/017A6717-scaled-433x230.jpg\",\"contentUrl\":\"https:\/\/jamnica.company\/wp-content\/uploads\/2021\/04\/017A6717-scaled-433x230.jpg\"},{\"@type\":\"BreadcrumbList\",\"@id\":\"https:\/\/jamnica.company\/en\/the-story-of-water\/the-water-that-food-loves\/#breadcrumb\",\"itemListElement\":[{\"@type\":\"ListItem\",\"position\":1,\"name\":\"Po\u010detna stranica\",\"item\":\"https:\/\/jamnica.company\/\"},{\"@type\":\"ListItem\",\"position\":2,\"name\":\"Two atoms of hydrogen and one atom of oxygen form a unique and vital compound. Life began in water, and our story began with water.\",\"item\":\"https:\/\/jamnica.company\/en\/the-story-of-water\/\"},{\"@type\":\"ListItem\",\"position\":3,\"name\":\"The water that food loves\"}]},{\"@type\":\"WebSite\",\"@id\":\"https:\/\/jamnica.company\/#website\",\"url\":\"https:\/\/jamnica.company\/\",\"name\":\"Jamnica plus\",\"description\":\"Jamnica plus\",\"publisher\":{\"@id\":\"https:\/\/jamnica.company\/#organization\"},\"potentialAction\":[{\"@type\":\"SearchAction\",\"target\":{\"@type\":\"EntryPoint\",\"urlTemplate\":\"https:\/\/jamnica.company\/?s={search_term_string}\"},\"query-input\":{\"@type\":\"PropertyValueSpecification\",\"valueRequired\":true,\"valueName\":\"search_term_string\"}}],\"inLanguage\":\"en-US\"},{\"@type\":\"Organization\",\"@id\":\"https:\/\/jamnica.company\/#organization\",\"name\":\"Jamnica plus\",\"url\":\"https:\/\/jamnica.company\/\",\"logo\":{\"@type\":\"ImageObject\",\"inLanguage\":\"en-US\",\"@id\":\"https:\/\/jamnica.company\/#\/schema\/logo\/image\/\",\"url\":\"https:\/\/jamnica.company\/wp-content\/uploads\/2021\/04\/jamnica.png\",\"contentUrl\":\"https:\/\/jamnica.company\/wp-content\/uploads\/2021\/04\/jamnica.png\",\"width\":512,\"height\":512,\"caption\":\"Jamnica plus\"},\"image\":{\"@id\":\"https:\/\/jamnica.company\/#\/schema\/logo\/image\/\"},\"sameAs\":[\"https:\/\/www.linkedin.com\/company\/jamnica\/\"]}]}<\/script>\n<!-- \/ Yoast SEO plugin. -->","yoast_head_json":{"title":"The water that food loves - Jamnica plus","description":"Jamnica je idealno pi\u0107e uz svaki obrok, a sada vas mo\u017ee spojiti s idealnim receptima. Jede li vam se mo\u017eda GLAVNO JELO ili DESERT?Jamnica ima upravo ono \u0161to vam treba.","robots":{"index":"index","follow":"follow","max-snippet":"max-snippet:-1","max-image-preview":"max-image-preview:large","max-video-preview":"max-video-preview:-1"},"canonical":"https:\/\/jamnica.company\/en\/the-story-of-water\/the-water-that-food-loves\/","og_locale":"en_US","og_type":"article","og_title":"The water that food loves - Jamnica plus","og_description":"Jamnica je idealno pi\u0107e uz svaki obrok, a sada vas mo\u017ee spojiti s idealnim receptima. Jede li vam se mo\u017eda GLAVNO JELO ili DESERT?Jamnica ima upravo ono \u0161to vam treba.","og_url":"https:\/\/jamnica.company\/en\/the-story-of-water\/the-water-that-food-loves\/","og_site_name":"Jamnica plus","article_modified_time":"2021-07-09T14:17:40+00:00","og_image":[{"url":"https:\/\/jamnica.company\/wp-content\/uploads\/2021\/04\/017A6717-scaled-433x230.jpg","type":"","width":"","height":""}],"twitter_card":"summary_large_image","twitter_misc":{"Est. reading time":"1 minute"},"schema":{"@context":"https:\/\/schema.org","@graph":[{"@type":["WebPage","AboutPage"],"@id":"https:\/\/jamnica.company\/en\/the-story-of-water\/the-water-that-food-loves\/","url":"https:\/\/jamnica.company\/en\/the-story-of-water\/the-water-that-food-loves\/","name":"The water that food loves - Jamnica plus","isPartOf":{"@id":"https:\/\/jamnica.company\/#website"},"primaryImageOfPage":{"@id":"https:\/\/jamnica.company\/en\/the-story-of-water\/the-water-that-food-loves\/#primaryimage"},"image":{"@id":"https:\/\/jamnica.company\/en\/the-story-of-water\/the-water-that-food-loves\/#primaryimage"},"thumbnailUrl":"https:\/\/jamnica.company\/wp-content\/uploads\/2021\/04\/017A6717-scaled-433x230.jpg","datePublished":"2021-04-05T10:45:52+00:00","dateModified":"2021-07-09T14:17:40+00:00","description":"Jamnica je idealno pi\u0107e uz svaki obrok, a sada vas mo\u017ee spojiti s idealnim receptima. Jede li vam se mo\u017eda GLAVNO JELO ili DESERT?Jamnica ima upravo ono \u0161to vam treba.","breadcrumb":{"@id":"https:\/\/jamnica.company\/en\/the-story-of-water\/the-water-that-food-loves\/#breadcrumb"},"inLanguage":"en-US","potentialAction":[{"@type":"ReadAction","target":["https:\/\/jamnica.company\/en\/the-story-of-water\/the-water-that-food-loves\/"]}]},{"@type":"ImageObject","inLanguage":"en-US","@id":"https:\/\/jamnica.company\/en\/the-story-of-water\/the-water-that-food-loves\/#primaryimage","url":"https:\/\/jamnica.company\/wp-content\/uploads\/2021\/04\/017A6717-scaled-433x230.jpg","contentUrl":"https:\/\/jamnica.company\/wp-content\/uploads\/2021\/04\/017A6717-scaled-433x230.jpg"},{"@type":"BreadcrumbList","@id":"https:\/\/jamnica.company\/en\/the-story-of-water\/the-water-that-food-loves\/#breadcrumb","itemListElement":[{"@type":"ListItem","position":1,"name":"Po\u010detna stranica","item":"https:\/\/jamnica.company\/"},{"@type":"ListItem","position":2,"name":"Two atoms of hydrogen and one atom of oxygen form a unique and vital compound. Life began in water, and our story began with water.","item":"https:\/\/jamnica.company\/en\/the-story-of-water\/"},{"@type":"ListItem","position":3,"name":"The water that food loves"}]},{"@type":"WebSite","@id":"https:\/\/jamnica.company\/#website","url":"https:\/\/jamnica.company\/","name":"Jamnica plus","description":"Jamnica plus","publisher":{"@id":"https:\/\/jamnica.company\/#organization"},"potentialAction":[{"@type":"SearchAction","target":{"@type":"EntryPoint","urlTemplate":"https:\/\/jamnica.company\/?s={search_term_string}"},"query-input":{"@type":"PropertyValueSpecification","valueRequired":true,"valueName":"search_term_string"}}],"inLanguage":"en-US"},{"@type":"Organization","@id":"https:\/\/jamnica.company\/#organization","name":"Jamnica plus","url":"https:\/\/jamnica.company\/","logo":{"@type":"ImageObject","inLanguage":"en-US","@id":"https:\/\/jamnica.company\/#\/schema\/logo\/image\/","url":"https:\/\/jamnica.company\/wp-content\/uploads\/2021\/04\/jamnica.png","contentUrl":"https:\/\/jamnica.company\/wp-content\/uploads\/2021\/04\/jamnica.png","width":512,"height":512,"caption":"Jamnica plus"},"image":{"@id":"https:\/\/jamnica.company\/#\/schema\/logo\/image\/"},"sameAs":["https:\/\/www.linkedin.com\/company\/jamnica\/"]}]}},"_links":{"self":[{"href":"https:\/\/jamnica.company\/en\/wp-json\/wp\/v2\/pages\/13030","targetHints":{"allow":["GET"]}}],"collection":[{"href":"https:\/\/jamnica.company\/en\/wp-json\/wp\/v2\/pages"}],"about":[{"href":"https:\/\/jamnica.company\/en\/wp-json\/wp\/v2\/types\/page"}],"author":[{"embeddable":true,"href":"https:\/\/jamnica.company\/en\/wp-json\/wp\/v2\/users\/1"}],"replies":[{"embeddable":true,"href":"https:\/\/jamnica.company\/en\/wp-json\/wp\/v2\/comments?post=13030"}],"version-history":[{"count":11,"href":"https:\/\/jamnica.company\/en\/wp-json\/wp\/v2\/pages\/13030\/revisions"}],"predecessor-version":[{"id":13095,"href":"https:\/\/jamnica.company\/en\/wp-json\/wp\/v2\/pages\/13030\/revisions\/13095"}],"up":[{"embeddable":true,"href":"https:\/\/jamnica.company\/en\/wp-json\/wp\/v2\/pages\/12352"}],"wp:attachment":[{"href":"https:\/\/jamnica.company\/en\/wp-json\/wp\/v2\/media?parent=13030"}],"curies":[{"name":"wp","href":"https:\/\/api.w.org\/{rel}","templated":true}]}}