{"id":14108,"date":"2022-05-24T09:11:21","date_gmt":"2022-05-24T09:11:21","guid":{"rendered":"https:\/\/jamnica.company\/?page_id=14108"},"modified":"2022-05-24T09:54:22","modified_gmt":"2022-05-24T09:54:22","slug":"progame","status":"publish","type":"page","link":"https:\/\/jamnica.company\/en\/our-brands\/progame\/","title":{"rendered":"PROGAME"},"content":{"rendered":"\t\t<div data-elementor-type=\"wp-page\" data-elementor-id=\"14108\" class=\"elementor elementor-14108\" data-elementor-post-type=\"page\">\n\t\t\t\t\t\t<section class=\"elementor-section elementor-top-section elementor-element elementor-element-2dea7c41 elementor-section-content-middle qodef-elementor-content-grid single-brend-blok elementor-section-boxed elementor-section-height-default elementor-section-height-default\" data-id=\"2dea7c41\" data-element_type=\"section\" data-e-type=\"section\">\n\t\t\t\t\t\t<div class=\"elementor-container elementor-column-gap-default\">\n\t\t\t\t\t<div class=\"elementor-column elementor-col-50 elementor-top-column elementor-element elementor-element-13411547 single-brend-img-column\" data-id=\"13411547\" data-element_type=\"column\" data-e-type=\"column\">\n\t\t\t<div class=\"elementor-widget-wrap elementor-element-populated\">\n\t\t\t\t\t\t<div class=\"elementor-element elementor-element-545bb2d3 elementor-widget elementor-widget-image\" data-id=\"545bb2d3\" data-element_type=\"widget\" data-e-type=\"widget\" data-widget_type=\"image.default\">\n\t\t\t\t<div class=\"elementor-widget-container\">\n\t\t\t\t\t\t\t\t\t\t\t\t\t\t\t<img decoding=\"async\" src=\"https:\/\/jamnica.company\/wp-content\/uploads\/elementor\/thumbs\/JAMNICA-Hero-Progame-Mango-ppa2k5gxa3hptv1tcbpq3drsgbwxz57pvyib4twie4.jpg\" title=\"JAMNICA-Hero-Progame-Mango\" alt=\"JAMNICA-Hero-Progame-Mango\" loading=\"lazy\" \/>\t\t\t\t\t\t\t\t\t\t\t\t\t\t\t<\/div>\n\t\t\t\t<\/div>\n\t\t\t\t<div class=\"elementor-element elementor-element-1216e7b elementor-widget elementor-widget-image\" data-id=\"1216e7b\" data-element_type=\"widget\" data-e-type=\"widget\" data-widget_type=\"image.default\">\n\t\t\t\t<div class=\"elementor-widget-container\">\n\t\t\t\t\t\t\t\t\t\t\t\t\t\t\t<img decoding=\"async\" src=\"https:\/\/jamnica.company\/wp-content\/uploads\/elementor\/thumbs\/JAMNICA-Hero-Progame-Cherry-ppa2k6ergxj05h0g6u4cnvj91psb6ubg835sm3v47w.jpg\" title=\"JAMNICA-Hero-Progame-Cherry\" alt=\"JAMNICA-Hero-Progame-Cherry\" loading=\"lazy\" \/>\t\t\t\t\t\t\t\t\t\t\t\t\t\t\t<\/div>\n\t\t\t\t<\/div>\n\t\t\t\t<div class=\"elementor-element elementor-element-7d9a145 elementor-widget elementor-widget-image\" data-id=\"7d9a145\" data-element_type=\"widget\" data-e-type=\"widget\" data-widget_type=\"image.default\">\n\t\t\t\t<div class=\"elementor-widget-container\">\n\t\t\t\t\t\t\t\t\t\t\t\t\t\t\t<img decoding=\"async\" src=\"https:\/\/jamnica.company\/wp-content\/uploads\/elementor\/thumbs\/JAMNICA-Hero-Progame-Mix-ppa2k8afullksoxpvuxlsv268hj1m8iwwcgrknsbvg.jpg\" title=\"JAMNICA-Hero-Progame-Mix\" alt=\"JAMNICA-Hero-Progame-Mix\" loading=\"lazy\" \/>\t\t\t\t\t\t\t\t\t\t\t\t\t\t\t<\/div>\n\t\t\t\t<\/div>\n\t\t\t\t\t<\/div>\n\t\t<\/div>\n\t\t\t\t<div class=\"elementor-column elementor-col-50 elementor-top-column elementor-element elementor-element-1b3edb48 brendovi-single-fixed sticky-parent\" data-id=\"1b3edb48\" data-element_type=\"column\" data-e-type=\"column\">\n\t\t\t<div class=\"elementor-widget-wrap elementor-element-populated\">\n\t\t\t\t\t\t<section class=\"elementor-section elementor-inner-section elementor-element elementor-element-723810a sticky-column elementor-section-boxed elementor-section-height-default elementor-section-height-default qodef-elementor-content-no\" data-id=\"723810a\" data-element_type=\"section\" data-e-type=\"section\">\n\t\t\t\t\t\t<div class=\"elementor-container elementor-column-gap-default\">\n\t\t\t\t\t<div class=\"elementor-column elementor-col-100 elementor-inner-column elementor-element elementor-element-55904da\" data-id=\"55904da\" data-element_type=\"column\" data-e-type=\"column\">\n\t\t\t<div class=\"elementor-widget-wrap elementor-element-populated\">\n\t\t\t\t\t\t<div class=\"elementor-element elementor-element-f238095 elementor-widget__width-initial elementor-widget-tablet__width-initial onama-opis elementor-widget elementor-widget-text-editor\" data-id=\"f238095\" data-element_type=\"widget\" data-e-type=\"widget\" data-widget_type=\"text-editor.default\">\n\t\t\t\t<div class=\"elementor-widget-container\">\n\t\t\t\t\t\t\t\t\t<p><span style=\"font-weight: 400;\">ProGame is a functional drink developed in collaboration with gamers for gamers.\u00a0<\/span><\/p><p><span style=\"font-weight: 400;\">It is available in two flavors: Stamina \u2014 cherry flavor and Focus \u2013 mango&amp;apricot flavor and it\u2019s fully adapted to gamers and their needs: it contains low calories, optimal level of caffeine from a natural source, along with vitamins and minerals.<\/span><\/p>\t\t\t\t\t\t\t\t<\/div>\n\t\t\t\t<\/div>\n\t\t\t\t<div class=\"elementor-element elementor-element-747f3b6 elementor-widget__width-initial elementor-widget-tablet__width-initial brendovi-single-podnaslov elementor-widget elementor-widget-text-editor\" data-id=\"747f3b6\" data-element_type=\"widget\" data-e-type=\"widget\" data-widget_type=\"text-editor.default\">\n\t\t\t\t<div class=\"elementor-widget-container\">\n\t\t\t\t\t\t\t\t\t<p><strong style=\"color: #005444;\">Category:<\/strong><\/p>\t\t\t\t\t\t\t\t<\/div>\n\t\t\t\t<\/div>\n\t\t\t\t<div class=\"elementor-element elementor-element-3d106d8 elementor-widget__width-initial elementor-widget-tablet__width-initial onama-opis elementor-widget elementor-widget-text-editor\" data-id=\"3d106d8\" data-element_type=\"widget\" data-e-type=\"widget\" data-widget_type=\"text-editor.default\">\n\t\t\t\t<div class=\"elementor-widget-container\">\n\t\t\t\t\t\t\t\t\t<span style=\"font-weight: 400; font-family: Niveau-Grotesk-Regular;\">Slightly carbonated functional non-alcoholic drink with flavors<\/span>\t\t\t\t\t\t\t\t<\/div>\n\t\t\t\t<\/div>\n\t\t\t\t<div class=\"elementor-element elementor-element-fade024 elementor-widget__width-initial elementor-widget-tablet__width-initial brendovi-single-podnaslov elementor-widget elementor-widget-text-editor\" data-id=\"fade024\" data-element_type=\"widget\" data-e-type=\"widget\" data-widget_type=\"text-editor.default\">\n\t\t\t\t<div class=\"elementor-widget-container\">\n\t\t\t\t\t\t\t\t\t<p><strong style=\"color: #005444;\">Some things to remember:<\/strong><\/p>\t\t\t\t\t\t\t\t<\/div>\n\t\t\t\t<\/div>\n\t\t\t\t<div class=\"elementor-element elementor-element-b50d9e2 elementor-widget__width-initial elementor-widget-tablet__width-initial onama-opis elementor-widget elementor-widget-text-editor\" data-id=\"b50d9e2\" data-element_type=\"widget\" data-e-type=\"widget\" data-widget_type=\"text-editor.default\">\n\t\t\t\t<div class=\"elementor-widget-container\">\n\t\t\t\t\t\t\t\t\t<ul>\n \t<li style=\"font-weight: 400;\"><span style=\"font-weight: 400;font-family: Niveau-Grotesk-Regular;\">ProGame does not contain taurine<\/span><\/li>\n \t<li style=\"font-weight: 400;\"><span style=\"font-weight: 400;font-family: Niveau-Grotesk-Regular;\">ProGame contains a unique sweetening system &#8211; palatinosis, low glycemic index sugar that provides energy for a long time without causing a &#8220;sugar crash&#8221;<\/span><\/li>\n \t<li style=\"font-weight: 400;\"><span style=\"font-weight: 400;font-family: Niveau-Grotesk-Regular;\">Contributes to better focus, concentration and energy when playing for several hours while hydrating the body<\/span><\/li>\n \t<li style=\"font-weight: 400;\"><span style=\"font-weight: 400;font-family: Niveau-Grotesk-Regular;\">ProGame Stamina contains vitamins B3, B6 and biotin that contribute to normal energy \u2013 yielding metabolism. ProGame Focus contains vitamin B5 and contributes to normal mental performance.<\/span><\/li>\n<\/ul>\t\t\t\t\t\t\t\t<\/div>\n\t\t\t\t<\/div>\n\t\t\t\t<div class=\"elementor-element elementor-element-4f8e7c2 elementor-widget-tablet__width-initial brendovi-single-podnaslov elementor-widget elementor-widget-text-editor\" data-id=\"4f8e7c2\" data-element_type=\"widget\" data-e-type=\"widget\" data-widget_type=\"text-editor.default\">\n\t\t\t\t<div class=\"elementor-widget-container\">\n\t\t\t\t\t\t\t\t\t<p><strong style=\"color: #005444;\">Get to know ProGame:<\/strong><\/p>\t\t\t\t\t\t\t\t<\/div>\n\t\t\t\t<\/div>\n\t\t\t\t<div class=\"elementor-element elementor-element-7f4c9ca elementor-widget__width-auto elementor-widget elementor-widget-borgholm_core_icon\" data-id=\"7f4c9ca\" data-element_type=\"widget\" data-e-type=\"widget\" data-widget_type=\"borgholm_core_icon.default\">\n\t\t\t\t<div class=\"elementor-widget-container\">\n\t\t\t\t\t<span class=\"qodef-shortcode qodef-m  qodef-icon-holder qodef-size--tiny   qodef-layout--circle\" data-hover-border-color=\"#005444\" style=\"background-color: #FFFFFF;border-style: solid;border-color: #0000001A;border-width: 1px;line-height: calc(2em - 2px)\">\n\t\t\t<a itemprop=\"url\" href=\"https:\/\/www.youtube.com\/watch?v=WJDk2I_XRnQ%20\" target=\"_blank\">\n            <span class=\"qodef-icon-elegant-icons social_youtube qodef-icon qodef-e\" style=\"color: #000000\" ><\/span>                    <\/a>\n\t<\/span>\t\t\t\t<\/div>\n\t\t\t\t<\/div>\n\t\t\t\t\t<\/div>\n\t\t<\/div>\n\t\t\t\t\t<\/div>\n\t\t<\/section>\n\t\t\t\t\t<\/div>\n\t\t<\/div>\n\t\t\t\t\t<\/div>\n\t\t<\/section>\n\t\t\t\t<\/div>\n\t\t","protected":false},"excerpt":{"rendered":"<p>ProGame is a functional drink developed in collaboration with gamers for gamers.\u00a0 It is available in two flavors: Stamina \u2014 cherry flavor and Focus \u2013 mango&amp;apricot flavor and it\u2019s fully adapted to gamers and their needs: it contains low calories, optimal level of caffeine from a natural source, along with vitamins and minerals. Category: Slightly [&hellip;]<\/p>\n","protected":false},"author":2,"featured_media":0,"parent":12429,"menu_order":0,"comment_status":"closed","ping_status":"closed","template":"page-full-width.php","meta":{"_acf_changed":false,"footnotes":"","_links_to":"","_links_to_target":""},"class_list":["post-14108","page","type-page","status-publish","hentry"],"acf":[],"yoast_head":"<!-- This site is optimized with the Yoast SEO plugin v26.8 - https:\/\/yoast.com\/product\/yoast-seo-wordpress\/ -->\n<title>PROGAME - Jamnica plus<\/title>\n<meta name=\"description\" content=\"Jamnica je idealno pi\u0107e uz svaki obrok, a sada vas mo\u017ee spojiti s idealnim receptima. Jede li vam se mo\u017eda GLAVNO JELO ili DESERT?Jamnica ima upravo ono \u0161to vam treba.\" \/>\n<meta name=\"robots\" content=\"index, follow, max-snippet:-1, max-image-preview:large, max-video-preview:-1\" \/>\n<link rel=\"canonical\" href=\"https:\/\/jamnica.company\/en\/our-brands\/progame\/\" \/>\n<meta property=\"og:locale\" content=\"en_US\" \/>\n<meta property=\"og:type\" content=\"article\" \/>\n<meta property=\"og:title\" content=\"PROGAME - Jamnica plus\" \/>\n<meta property=\"og:description\" content=\"Jamnica je idealno pi\u0107e uz svaki obrok, a sada vas mo\u017ee spojiti s idealnim receptima. Jede li vam se mo\u017eda GLAVNO JELO ili DESERT?Jamnica ima upravo ono \u0161to vam treba.\" \/>\n<meta property=\"og:url\" content=\"https:\/\/jamnica.company\/en\/our-brands\/progame\/\" \/>\n<meta property=\"og:site_name\" content=\"Jamnica plus\" \/>\n<meta property=\"article:modified_time\" content=\"2022-05-24T09:54:22+00:00\" \/>\n<meta property=\"og:image\" content=\"https:\/\/jamnica.company\/wp-content\/uploads\/elementor\/thumbs\/JAMNICA-Hero-Progame-Mango-ppa2k5gxa3hptv1tcbpq3drsgbwxz57pvyiauetaf4.jpg\" \/>\n<meta name=\"twitter:card\" content=\"summary_large_image\" \/>\n<meta name=\"twitter:label1\" content=\"Est. reading time\" \/>\n\t<meta name=\"twitter:data1\" content=\"2 minutes\" \/>\n<script type=\"application\/ld+json\" class=\"yoast-schema-graph\">{\"@context\":\"https:\/\/schema.org\",\"@graph\":[{\"@type\":[\"WebPage\",\"AboutPage\"],\"@id\":\"https:\/\/jamnica.company\/en\/our-brands\/progame\/\",\"url\":\"https:\/\/jamnica.company\/en\/our-brands\/progame\/\",\"name\":\"PROGAME - Jamnica plus\",\"isPartOf\":{\"@id\":\"https:\/\/jamnica.company\/#website\"},\"primaryImageOfPage\":{\"@id\":\"https:\/\/jamnica.company\/en\/our-brands\/progame\/#primaryimage\"},\"image\":{\"@id\":\"https:\/\/jamnica.company\/en\/our-brands\/progame\/#primaryimage\"},\"thumbnailUrl\":\"https:\/\/jamnica.company\/wp-content\/uploads\/elementor\/thumbs\/JAMNICA-Hero-Progame-Mango-ppa2k5gxa3hptv1tcbpq3drsgbwxz57pvyiauetaf4.jpg\",\"datePublished\":\"2022-05-24T09:11:21+00:00\",\"dateModified\":\"2022-05-24T09:54:22+00:00\",\"description\":\"Jamnica je idealno pi\u0107e uz svaki obrok, a sada vas mo\u017ee spojiti s idealnim receptima. Jede li vam se mo\u017eda GLAVNO JELO ili DESERT?Jamnica ima upravo ono \u0161to vam treba.\",\"breadcrumb\":{\"@id\":\"https:\/\/jamnica.company\/en\/our-brands\/progame\/#breadcrumb\"},\"inLanguage\":\"en-US\",\"potentialAction\":[{\"@type\":\"ReadAction\",\"target\":[\"https:\/\/jamnica.company\/en\/our-brands\/progame\/\"]}]},{\"@type\":\"ImageObject\",\"inLanguage\":\"en-US\",\"@id\":\"https:\/\/jamnica.company\/en\/our-brands\/progame\/#primaryimage\",\"url\":\"https:\/\/jamnica.company\/wp-content\/uploads\/elementor\/thumbs\/JAMNICA-Hero-Progame-Mango-ppa2k5gxa3hptv1tcbpq3drsgbwxz57pvyiauetaf4.jpg\",\"contentUrl\":\"https:\/\/jamnica.company\/wp-content\/uploads\/elementor\/thumbs\/JAMNICA-Hero-Progame-Mango-ppa2k5gxa3hptv1tcbpq3drsgbwxz57pvyiauetaf4.jpg\"},{\"@type\":\"BreadcrumbList\",\"@id\":\"https:\/\/jamnica.company\/en\/our-brands\/progame\/#breadcrumb\",\"itemListElement\":[{\"@type\":\"ListItem\",\"position\":1,\"name\":\"Po\u010detna stranica\",\"item\":\"https:\/\/jamnica.company\/\"},{\"@type\":\"ListItem\",\"position\":2,\"name\":\"We are the producer and distributor of leading brands in Croatia and the region\",\"item\":\"https:\/\/jamnica.company\/nasi-brendovi\/\"},{\"@type\":\"ListItem\",\"position\":3,\"name\":\"PROGAME\"}]},{\"@type\":\"WebSite\",\"@id\":\"https:\/\/jamnica.company\/#website\",\"url\":\"https:\/\/jamnica.company\/\",\"name\":\"Jamnica plus\",\"description\":\"Jamnica plus\",\"publisher\":{\"@id\":\"https:\/\/jamnica.company\/#organization\"},\"potentialAction\":[{\"@type\":\"SearchAction\",\"target\":{\"@type\":\"EntryPoint\",\"urlTemplate\":\"https:\/\/jamnica.company\/?s={search_term_string}\"},\"query-input\":{\"@type\":\"PropertyValueSpecification\",\"valueRequired\":true,\"valueName\":\"search_term_string\"}}],\"inLanguage\":\"en-US\"},{\"@type\":\"Organization\",\"@id\":\"https:\/\/jamnica.company\/#organization\",\"name\":\"Jamnica plus\",\"url\":\"https:\/\/jamnica.company\/\",\"logo\":{\"@type\":\"ImageObject\",\"inLanguage\":\"en-US\",\"@id\":\"https:\/\/jamnica.company\/#\/schema\/logo\/image\/\",\"url\":\"https:\/\/jamnica.company\/wp-content\/uploads\/2021\/04\/jamnica.png\",\"contentUrl\":\"https:\/\/jamnica.company\/wp-content\/uploads\/2021\/04\/jamnica.png\",\"width\":512,\"height\":512,\"caption\":\"Jamnica plus\"},\"image\":{\"@id\":\"https:\/\/jamnica.company\/#\/schema\/logo\/image\/\"},\"sameAs\":[\"https:\/\/www.linkedin.com\/company\/jamnica\/\"]}]}<\/script>\n<!-- \/ Yoast SEO plugin. -->","yoast_head_json":{"title":"PROGAME - Jamnica plus","description":"Jamnica je idealno pi\u0107e uz svaki obrok, a sada vas mo\u017ee spojiti s idealnim receptima. Jede li vam se mo\u017eda GLAVNO JELO ili DESERT?Jamnica ima upravo ono \u0161to vam treba.","robots":{"index":"index","follow":"follow","max-snippet":"max-snippet:-1","max-image-preview":"max-image-preview:large","max-video-preview":"max-video-preview:-1"},"canonical":"https:\/\/jamnica.company\/en\/our-brands\/progame\/","og_locale":"en_US","og_type":"article","og_title":"PROGAME - Jamnica plus","og_description":"Jamnica je idealno pi\u0107e uz svaki obrok, a sada vas mo\u017ee spojiti s idealnim receptima. Jede li vam se mo\u017eda GLAVNO JELO ili DESERT?Jamnica ima upravo ono \u0161to vam treba.","og_url":"https:\/\/jamnica.company\/en\/our-brands\/progame\/","og_site_name":"Jamnica plus","article_modified_time":"2022-05-24T09:54:22+00:00","og_image":[{"url":"https:\/\/jamnica.company\/wp-content\/uploads\/elementor\/thumbs\/JAMNICA-Hero-Progame-Mango-ppa2k5gxa3hptv1tcbpq3drsgbwxz57pvyiauetaf4.jpg","type":"","width":"","height":""}],"twitter_card":"summary_large_image","twitter_misc":{"Est. reading time":"2 minutes"},"schema":{"@context":"https:\/\/schema.org","@graph":[{"@type":["WebPage","AboutPage"],"@id":"https:\/\/jamnica.company\/en\/our-brands\/progame\/","url":"https:\/\/jamnica.company\/en\/our-brands\/progame\/","name":"PROGAME - Jamnica plus","isPartOf":{"@id":"https:\/\/jamnica.company\/#website"},"primaryImageOfPage":{"@id":"https:\/\/jamnica.company\/en\/our-brands\/progame\/#primaryimage"},"image":{"@id":"https:\/\/jamnica.company\/en\/our-brands\/progame\/#primaryimage"},"thumbnailUrl":"https:\/\/jamnica.company\/wp-content\/uploads\/elementor\/thumbs\/JAMNICA-Hero-Progame-Mango-ppa2k5gxa3hptv1tcbpq3drsgbwxz57pvyiauetaf4.jpg","datePublished":"2022-05-24T09:11:21+00:00","dateModified":"2022-05-24T09:54:22+00:00","description":"Jamnica je idealno pi\u0107e uz svaki obrok, a sada vas mo\u017ee spojiti s idealnim receptima. Jede li vam se mo\u017eda GLAVNO JELO ili DESERT?Jamnica ima upravo ono \u0161to vam treba.","breadcrumb":{"@id":"https:\/\/jamnica.company\/en\/our-brands\/progame\/#breadcrumb"},"inLanguage":"en-US","potentialAction":[{"@type":"ReadAction","target":["https:\/\/jamnica.company\/en\/our-brands\/progame\/"]}]},{"@type":"ImageObject","inLanguage":"en-US","@id":"https:\/\/jamnica.company\/en\/our-brands\/progame\/#primaryimage","url":"https:\/\/jamnica.company\/wp-content\/uploads\/elementor\/thumbs\/JAMNICA-Hero-Progame-Mango-ppa2k5gxa3hptv1tcbpq3drsgbwxz57pvyiauetaf4.jpg","contentUrl":"https:\/\/jamnica.company\/wp-content\/uploads\/elementor\/thumbs\/JAMNICA-Hero-Progame-Mango-ppa2k5gxa3hptv1tcbpq3drsgbwxz57pvyiauetaf4.jpg"},{"@type":"BreadcrumbList","@id":"https:\/\/jamnica.company\/en\/our-brands\/progame\/#breadcrumb","itemListElement":[{"@type":"ListItem","position":1,"name":"Po\u010detna stranica","item":"https:\/\/jamnica.company\/"},{"@type":"ListItem","position":2,"name":"We are the producer and distributor of leading brands in Croatia and the region","item":"https:\/\/jamnica.company\/nasi-brendovi\/"},{"@type":"ListItem","position":3,"name":"PROGAME"}]},{"@type":"WebSite","@id":"https:\/\/jamnica.company\/#website","url":"https:\/\/jamnica.company\/","name":"Jamnica plus","description":"Jamnica plus","publisher":{"@id":"https:\/\/jamnica.company\/#organization"},"potentialAction":[{"@type":"SearchAction","target":{"@type":"EntryPoint","urlTemplate":"https:\/\/jamnica.company\/?s={search_term_string}"},"query-input":{"@type":"PropertyValueSpecification","valueRequired":true,"valueName":"search_term_string"}}],"inLanguage":"en-US"},{"@type":"Organization","@id":"https:\/\/jamnica.company\/#organization","name":"Jamnica plus","url":"https:\/\/jamnica.company\/","logo":{"@type":"ImageObject","inLanguage":"en-US","@id":"https:\/\/jamnica.company\/#\/schema\/logo\/image\/","url":"https:\/\/jamnica.company\/wp-content\/uploads\/2021\/04\/jamnica.png","contentUrl":"https:\/\/jamnica.company\/wp-content\/uploads\/2021\/04\/jamnica.png","width":512,"height":512,"caption":"Jamnica plus"},"image":{"@id":"https:\/\/jamnica.company\/#\/schema\/logo\/image\/"},"sameAs":["https:\/\/www.linkedin.com\/company\/jamnica\/"]}]}},"_links":{"self":[{"href":"https:\/\/jamnica.company\/en\/wp-json\/wp\/v2\/pages\/14108","targetHints":{"allow":["GET"]}}],"collection":[{"href":"https:\/\/jamnica.company\/en\/wp-json\/wp\/v2\/pages"}],"about":[{"href":"https:\/\/jamnica.company\/en\/wp-json\/wp\/v2\/types\/page"}],"author":[{"embeddable":true,"href":"https:\/\/jamnica.company\/en\/wp-json\/wp\/v2\/users\/2"}],"replies":[{"embeddable":true,"href":"https:\/\/jamnica.company\/en\/wp-json\/wp\/v2\/comments?post=14108"}],"version-history":[{"count":16,"href":"https:\/\/jamnica.company\/en\/wp-json\/wp\/v2\/pages\/14108\/revisions"}],"predecessor-version":[{"id":14162,"href":"https:\/\/jamnica.company\/en\/wp-json\/wp\/v2\/pages\/14108\/revisions\/14162"}],"up":[{"embeddable":true,"href":"https:\/\/jamnica.company\/en\/wp-json\/wp\/v2\/pages\/12429"}],"wp:attachment":[{"href":"https:\/\/jamnica.company\/en\/wp-json\/wp\/v2\/media?parent=14108"}],"curies":[{"name":"wp","href":"https:\/\/api.w.org\/{rel}","templated":true}]}}